{"id":52,"date":"2020-03-01T17:51:02","date_gmt":"2020-03-01T16:51:02","guid":{"rendered":"https:\/\/onlinebewerbung.erasmuspraktika.de\/wordpress\/?page_id=52"},"modified":"2026-04-13T14:44:07","modified_gmt":"2026-04-13T12:44:07","slug":"news","status":"publish","type":"page","link":"http:\/\/erasmuspraktika.de\/en\/news\/","title":{"rendered":"News"},"content":{"rendered":"<div id=\"Wir-ziehen-um-!\" class=\"wp-block-group\"><div class=\"wp-block-group__inner-container is-layout-constrained wp-block-group-is-layout-constrained\">\n<h2 class=\"wp-block-heading\">We moved!<\/h2>\n\n\n\n<p class=\" translation-block\">From 19 March 2026 you can find us in <strong>Room D105<\/strong> in buiding D on the Schneidershof campus during our opening hours (Mo-Fr, 10 am - 2 pm).\nAlso you can leave documents in our letterbox at D105. Our phone numbers and email addresses have not changed.<\/p>\n<\/div><\/div>\n\n\n\n<div class=\"wp-block-group hintergrund-blau\"><div class=\"wp-block-group__inner-container is-layout-flow wp-block-group-is-layout-flow\">\n<h2 class=\"wp-block-heading aim-section\" id=\"Instagram\">Wir sind auch auf Instagram!<\/h2>\n\n\n\n<p>Our account provides information and insights into internships abroad and their funding via ERASMUS+. If you post on Instagram during your internship, we would be happy if you link or tag us. Follow us @erasmus.praktika<\/p>\n\n\n\n<p> <a href=\"https:\/\/www.instagram.com\/erasmus.praktika\/?next=%2F\">Here<\/a> is our profile!<\/p>\n<\/div><\/div>\n\n\n\n<div class=\"wp-block-group\"><div class=\"wp-block-group__inner-container is-layout-constrained wp-block-group-is-layout-constrained\">\n<div class=\"wp-block-group\"><div class=\"wp-block-group__inner-container is-layout-flow wp-block-group-is-layout-flow\">\n<h2 class=\"wp-block-heading aim-section\" id=\"veranstaltungen\">Events<\/h2>\n\n\n\n<p>The a.i.m. rlp participates in the following events:<\/p>\n\n\n\n<p><strong>Current events:<\/strong> <\/p>\n\n\n\n<div class=\"wp-block-columns is-layout-flex wp-container-core-columns-is-layout-1 wp-block-columns-is-layout-flex\">\n<div class=\"wp-block-column is-layout-flow wp-block-column-is-layout-flow\" style=\"flex-basis:100%\">\n<figure class=\"wp-block-table alignleft is-style-stripes\"><table><tbody><tr><td><strong>Datum<\/strong><\/td><td><strong>Uhrzeit<\/strong><\/td><td><strong>Infoveranstaltung<\/strong> <\/td><\/tr><tr><td>29.04.2026<\/td><td>18 Uhr<\/td><td>Internationaler Abend, HS Trier, Campus Gestaltung\/Paulusplatz<\/td><\/tr><tr><td>05.05.2026<\/td><td>10 am - 2 pm<\/td><td>HIT, H\u00f6V Mayen<\/td><\/tr><tr><td>06.05.2026<\/td><td>ab 13:30 Uhr<\/td><td>HS KL\/Zweibr\u00fccken<\/td><\/tr><tr><td>19.05.2026<\/td><td>10:00 \u2013 15:30 Uhr<\/td><td>Onboarding, HS Trier, UCB<\/td><\/tr><tr><td>20.05.2026<\/td><td>11-16 Uhr<\/td><td>Meet Uni Trier<\/td><\/tr><tr><td>10.06.2026<\/td><td>ab 13:30 Uhr<\/td><td>HS Kaiserslautern<\/td><\/tr><\/tbody><\/table><\/figure>\n<\/div>\n<\/div>\n<\/div><\/div>\n<\/div><\/div>\n\n\n\n<div class=\"wp-block-group hintergrund-blau\"><div class=\"wp-block-group__inner-container is-layout-flow wp-block-group-is-layout-flow\">\n<h2 class=\"wp-block-heading aim-section\" id=\"brexit-2023\">Brexit and Erasmus+ from 01 June 2023<\/h2>\n\n\n\n<p>Mobilities to the UK continue to be supported. The regulations for third countries will apply. \nPlease inform yourself about the current visa regulations in good time.<\/p>\n\n\n\n<p>From 01 June 2023, the british employer can register to issue a \"<a href=\"https:\/\/www.gov.uk\/uk-visa-sponsorship-employers\" data-type=\"URL\" data-id=\"https:\/\/www.gov.uk\/uk-visa-sponsorship-employers\">Certificate of Sponsorship\".<\/a>Another option that is subject to fees is offered by organizations such as <a href=\"https:\/\/bunac.org\/internships-abroad\/intern-in-britain\" data-type=\"URL\" data-id=\"https:\/\/bunac.org\/internships-abroad\/intern-in-britain\">BUNAC<\/a>).<\/p>\n\n\n\n<p>For more information, please visit:<\/p>\n\n\n\n<ul class=\"wp-block-list\">\n<li><a href=\"https:\/\/www.gov.uk\/uk-visa-sponsorship-employers\" target=\"_blank\" rel=\"noreferrer noopener\">Visa Sponsorship Employers<\/a><\/li>\n\n\n\n<li><a href=\"https:\/\/www.gov.uk\/government-authorised-exchange\" target=\"_blank\" rel=\"noreferrer noopener\">Government Authorised Exchange<\/a><\/li>\n\n\n\n<li><a href=\"https:\/\/www.gov.uk\/guidance\/apply-for-an-electronic-travel-authorisation-eta\" data-type=\"link\" data-id=\"https:\/\/www.gov.uk\/guidance\/apply-for-an-electronic-travel-authorisation-eta\">Application ETA<\/a><\/li>\n<\/ul>\n<\/div><\/div>","protected":false},"excerpt":{"rendered":"<p>Wir sind umgezogen! Ab dem 19.03.2026 sind wir im Geb\u00e4ude D in Raum D105 am Schneidershof zu finden und beraten gerne w\u00e4hrend der Sprechzeiten Montag bis Freitag von 10 bis 14 Uhr. Auch Dokumente k\u00f6nnen bei D105 gerne in den Briefkasten eingeworfen werden. Unsere Telefonnummern und Emailadressen bleiben gleich. Wir sind auch auf Instagram! Auf [&hellip;]<\/p>","protected":false},"author":14,"featured_media":0,"parent":0,"menu_order":0,"comment_status":"closed","ping_status":"closed","template":"thermometer-page.php","meta":{"footnotes":""},"class_list":["post-52","page","type-page","status-publish","hentry"],"_links":{"self":[{"href":"http:\/\/erasmuspraktika.de\/en\/wp-json\/wp\/v2\/pages\/52"}],"collection":[{"href":"http:\/\/erasmuspraktika.de\/en\/wp-json\/wp\/v2\/pages"}],"about":[{"href":"http:\/\/erasmuspraktika.de\/en\/wp-json\/wp\/v2\/types\/page"}],"author":[{"embeddable":true,"href":"http:\/\/erasmuspraktika.de\/en\/wp-json\/wp\/v2\/users\/14"}],"replies":[{"embeddable":true,"href":"http:\/\/erasmuspraktika.de\/en\/wp-json\/wp\/v2\/comments?post=52"}],"version-history":[{"count":280,"href":"http:\/\/erasmuspraktika.de\/en\/wp-json\/wp\/v2\/pages\/52\/revisions"}],"predecessor-version":[{"id":39107,"href":"http:\/\/erasmuspraktika.de\/en\/wp-json\/wp\/v2\/pages\/52\/revisions\/39107"}],"wp:attachment":[{"href":"http:\/\/erasmuspraktika.de\/en\/wp-json\/wp\/v2\/media?parent=52"}],"curies":[{"name":"wp","href":"https:\/\/api.w.org\/{rel}","templated":true}]}}