{"id":103,"date":"2020-03-02T15:46:55","date_gmt":"2020-03-02T14:46:55","guid":{"rendered":"https:\/\/onlinebewerbung.erasmuspraktika.de\/wordpress\/?page_id=103"},"modified":"2022-04-27T11:54:20","modified_gmt":"2022-04-27T09:54:20","slug":"barrierefreiheit","status":"publish","type":"page","link":"https:\/\/erasmuspraktika.de\/en\/barrierefreiheit\/","title":{"rendered":"Accessibility"},"content":{"rendered":"<div class=\"wp-block-group\"><div class=\"wp-block-group__inner-container is-layout-flow wp-block-group-is-layout-flow\">\n<h2 class=\"wp-block-heading\">Declaration of Accessibility<\/h2>\n\n\n\n<p>The Agency for International HEI mobility Rhineland-Palatinate endeavours to provide barrier-free access to the website \"erasmuspraktika.de\". The legal basis for this is the Rhineland-Palatinate Equal Opportunities Act (LGGBehM) and the Rhineland-Palatinate Barrier-Free Information Technology Ordinance (BITV RP).<\/p>\n\n\n\n<hr class=\"wp-block-separator\"\/>\n\n\n\n<h3 class=\"wp-block-heading\">Status of compliance with the requirements of WCAG 2.1<\/h3>\n\n\n\n<p class=\" translation-block\">The website has been checked for compliance with the Web Accessibility Tests (<a href=\"https:\/\/www.webaccessibility.com\" target=\"_self\">www.webaccessibility.com<\/a>) from Level Access.<\/p>\n\n\n\n<p>According to this, the website is currently designed to be barrier-free from a technical point of view.<\/p>\n\n\n\n<p>This declaration was issued on 19.03.2021.<\/p>\n\n\n\n<hr class=\"wp-block-separator\"\/>\n\n\n\n<h3 class=\"wp-block-heading\">Contact and feedback on accessibility<\/h3>\n\n\n\n<p>If you notice any deficiencies with regard to the barrier-free design of our website, you can contact us by e-mail at any time.<\/p>\n\n\n\n<p><strong>a.i.m. rlp<\/strong><br>Agentur f\u00fcr internationale Hochschul-Mobilit\u00e4t Rheinland-Pfalz<br>c\/o Hochschule Trier<br>Postfach 1826<br>54208 Trier<br>Germany<br><br>Phone: 0651\/8103-313, -236, -349<br>Fax: 0651\/8103-354\u00a0<br>E-mail:\u00a0<a href=\"mailto:erasmuspraktika@hochschule-trier.de\">erasmuspraktika@hochschule-trier.de<\/a> <\/p>\n\n\n\n<p><\/p>\n\n\n\n<p>Es gilt das <a href=\"https:\/\/www.hochschule-trier.de\/impressum\">Impressum der Hochschule Trier<\/a>. Rechtsform: Die Hochschule Trier ist eine K\u00f6rperschaft des \u00f6ffentlichen Rechts.<\/p>\n<\/div><\/div>\n\n\n\n<div style=\"height:50px\" aria-hidden=\"true\" class=\"wp-block-spacer\"><\/div>","protected":false},"excerpt":{"rendered":"<p>Erkl\u00e4rung zur Barrierefreiheit Die Agentur f\u00fcr internationale Hochschul-Mobilit\u00e4t Rheinland-Pfalz ist bem\u00fcht einen barrierefreien Zugang zu Webseite &#8222;erasmuspraktika.de&#8220; zu erm\u00f6glichen. Rechtsgrundlage sind das Landesgesetz zur Gleichstellung behinderter Menschen (LGGBehM) und die Barrierefreie-Informationstechnik-Verordnung Rheinland-Pfalz (BITV RP). Stand der Vereinbarkeit mit den Anforderungen der WCAG 2.1 Die Webseite wurde mithilfe des Web Accessibility Tests (www.webaccessibility.com) der Firma Level [&hellip;]<\/p>","protected":false},"author":14,"featured_media":0,"parent":0,"menu_order":0,"comment_status":"closed","ping_status":"closed","template":"","meta":{"footnotes":""},"class_list":["post-103","page","type-page","status-publish","hentry"],"_links":{"self":[{"href":"https:\/\/erasmuspraktika.de\/en\/wp-json\/wp\/v2\/pages\/103"}],"collection":[{"href":"https:\/\/erasmuspraktika.de\/en\/wp-json\/wp\/v2\/pages"}],"about":[{"href":"https:\/\/erasmuspraktika.de\/en\/wp-json\/wp\/v2\/types\/page"}],"author":[{"embeddable":true,"href":"https:\/\/erasmuspraktika.de\/en\/wp-json\/wp\/v2\/users\/14"}],"replies":[{"embeddable":true,"href":"https:\/\/erasmuspraktika.de\/en\/wp-json\/wp\/v2\/comments?post=103"}],"version-history":[{"count":22,"href":"https:\/\/erasmuspraktika.de\/en\/wp-json\/wp\/v2\/pages\/103\/revisions"}],"predecessor-version":[{"id":2002,"href":"https:\/\/erasmuspraktika.de\/en\/wp-json\/wp\/v2\/pages\/103\/revisions\/2002"}],"wp:attachment":[{"href":"https:\/\/erasmuspraktika.de\/en\/wp-json\/wp\/v2\/media?parent=103"}],"curies":[{"name":"wp","href":"https:\/\/api.w.org\/{rel}","templated":true}]}}