{"id":105,"date":"2020-03-02T15:47:02","date_gmt":"2020-03-02T14:47:02","guid":{"rendered":"https:\/\/onlinebewerbung.erasmuspraktika.de\/wordpress\/?page_id=105"},"modified":"2026-04-16T12:14:42","modified_gmt":"2026-04-16T10:14:42","slug":"downloads","status":"publish","type":"page","link":"https:\/\/erasmuspraktika.de\/en\/downloads\/","title":{"rendered":"Downloads"},"content":{"rendered":"<div class=\"wp-block-group\"><div class=\"wp-block-group__inner-container is-layout-flow wp-block-group-is-layout-flow\">\n<div id=\"Downloads\" class=\"wp-block-group\"><div class=\"wp-block-group__inner-container is-layout-constrained wp-block-group-is-layout-constrained\">\n<div class=\"wp-block-group\"><div class=\"wp-block-group__inner-container is-layout-constrained wp-block-group-is-layout-constrained\">\n<h2 class=\"wp-block-heading\">Downloads<\/h2>\n<\/div><\/div>\n\n\n\n<p class=\" translation-block\">On this page, you will find all the important forms and documents for the <a href=\"https:\/\/erasmuspraktika.de\/en\/downloads\/#bewerbung\" target=\"_self\">application<\/a>, <a href=\"https:\/\/erasmuspraktika.de\/en\/downloads\/#aenderungen\" target=\"_self\">changes during the internship<\/a> and the <a href=\"https:\/\/erasmuspraktika.de\/en\/downloads\/#praktikumsende\" target=\"_self\">end of the internship<\/a>.<\/p>\n\n\n\n<blockquote class=\"wp-block-quote is-layout-flow wp-block-quote-is-layout-flow\">\n<p style=\"font-size:17px\"><strong>important!<\/strong><br>Please do not fill in <strong>PDF forms by hand or in your browser.<\/strong> Instead, use the <a rel=\"noreferrer noopener\" aria-label=\"Adobe Acrobat Reader (\u00f6ffnet in neuem Tab)\" href=\"https:\/\/get.adobe.com\/de\/reader\/\" target=\"_blank\">Adobe Acrobat Reader<\/a> or similar.<\/p>\n<\/blockquote>\n<\/div><\/div>\n<\/div><\/div>\n\n\n\n<div class=\"wp-block-group hintergrund-blau\"><div class=\"wp-block-group__inner-container is-layout-flow wp-block-group-is-layout-flow\">\n<h2 class=\"wp-block-heading\" id=\"bewerbung\">Application \u2013 Erasmus+<\/h2>\n\n\n\n<p><strong>All application documents must reach a.i.m. rlp no later than one month before the start of the internship!<\/strong><\/p>\n\n\n\n<p><\/p>\n\n\n\n<ul class=\"wp-block-list\">\n<li><a href=\"https:\/\/erasmuspraktika.de\/wordpress\/wp-content\/uploads\/2025\/08\/Learning_Agreement_BEFORE_THE_MOBILITY_2024_4.pdf\" data-type=\"attachment\" data-id=\"37794\" target=\"_blank\" rel=\"noreferrer noopener\"><strong>Learning Agreement BEFORE THE MOBILITY<\/strong><\/a><br><em>Zum Ausf\u00fcllen mit Adobe Acrobat Reader oder \u00c4hnlichem \u00f6ffnen<\/em><\/li>\n\n\n\n<li><a href=\"https:\/\/erasmuspraktika.de\/wordpress\/wp-content\/uploads\/2026\/04\/Bewerbungsformular_2025_3.pdf\" target=\"_blank\" rel=\"noreferrer noopener\"><strong>Application form<\/strong><\/a> (Deutsch)\/ <strong><a href=\"https:\/\/erasmuspraktika.de\/wordpress\/wp-content\/uploads\/2026\/04\/Application_form_2025_6.pdf\" target=\"_blank\" rel=\"noreferrer noopener\">Application Form<\/a> <\/strong>(English)<br><em><em>Zum Ausf\u00fcllen mit Adobe Acrobat Reader oder \u00c4hnlichem \u00f6ffnen<\/em><\/em><\/li>\n\n\n\n<li><a href=\"https:\/\/erasmuspraktika.de\/wordpress\/wp-content\/uploads\/2024\/12\/Nachweis_ueber_bisherige_ERASMUS-Foerderung_Studium.pdf\" target=\"_blank\" rel=\"noreferrer noopener\"><strong>Confirmation of previous ERASMUS funding (studies), if applicable<\/strong><\/a><br>Nur notwendig falls Sie schon einmal gef\u00f6rdert wurden<\/li>\n\n\n\n<li><strong>Curriculum vitae<\/strong><br>No form given; German\/English\/French <\/li>\n\n\n\n<li><strong>Current list of grades \/ final certificate<\/strong><\/li>\n\n\n\n<li><strong>Current enrolment certificate \/ exmatriculation certificate<\/strong><\/li>\n<\/ul>\n<\/div><\/div>\n\n\n\n<div class=\"wp-block-group\"><div class=\"wp-block-group__inner-container is-layout-flow wp-block-group-is-layout-flow\">\n<h2 class=\"wp-block-heading\" id=\"aenderungen\">during the Internship \u2013 Erasmus+<\/h2>\n\n\n\n<p>Please upload a short feedback 2 weeks after the beginning of your internship:<\/p>\n\n\n\n<ul class=\"wp-block-list\">\n<li><a href=\"https:\/\/erasmuspraktika.de\/wordpress\/wp-content\/uploads\/2025\/10\/Survey-2-Weeks-After-Start-of-Internship.docx\" target=\"_blank\" rel=\"noreferrer noopener\">survey after two weeks<\/a> (Upload as PDF format)<\/li>\n<\/ul>\n\n\n\n<p>Please inform us of any changes pertaining to your internship directly via e-mail.<br><strong>In case you would like to extend your internship, please notify the a.i.m. rlp one month in advance with the following document:<\/strong>:<\/p>\n\n\n\n<ul class=\"wp-block-list\">\n<li><a href=\"https:\/\/erasmuspraktika.de\/wordpress\/wp-content\/uploads\/2025\/04\/Learning_Agreement_DURING_THE_MOBILITY_2025_1.pdf\" data-type=\"URL\" data-id=\"https:\/\/erasmuspraktika.de\/wordpress\/wp-content\/uploads\/2022\/12\/Learning_Agreement_DURING_THE_MOBILITY_2022.pdf\" target=\"_blank\" rel=\"noreferrer noopener\">Learning Agreement DURING THE MOBILITY<\/a><br><em>Please open and edit the file in Adobe Acrobat Reader or similar.<\/em><\/li>\n<\/ul>\n<\/div><\/div>\n\n\n\n<div class=\"wp-block-group hintergrund-blau\"><div class=\"wp-block-group__inner-container is-layout-flow wp-block-group-is-layout-flow\">\n<h2 class=\"wp-block-heading\" id=\"praktikumsende\">Internship end \u2013 Erasmus+<\/h2>\n\n\n\n<p>Please refer to the \"Checklist for the final documents\" to find out which documents have to be submitted after the internship has ended.<\/p>\n\n\n\n<ul class=\"wp-block-list\">\n<li><a href=\"https:\/\/erasmuspraktika.de\/en\/abschlussunterlagen\/\" target=\"_blank\" rel=\"noreferrer noopener\">Checklist for the final documents<\/a><\/li>\n\n\n\n<li><a href=\"https:\/\/erasmuspraktika.de\/wordpress\/wp-content\/uploads\/2025\/04\/Learning_Agreement_AFTER_THE_MOBILITY_2025_1.pdf\" data-type=\"page\" data-id=\"38164\" target=\"_blank\" rel=\"noreferrer noopener\">Learning Agreement AFTER THE MOBILITY<\/a><br><em><em>Please open and edit the file in Adobe Acrobat Reader or similar.<\/em><\/em><\/li>\n\n\n\n<li><a href=\"https:\/\/erasmuspraktika.de\/wordpress\/wp-content\/uploads\/2024\/12\/Unternehmensfragebogen.pdf\" target=\"_blank\" rel=\"noreferrer noopener\">Company questionnaire<\/a><\/li>\n\n\n\n<li><a href=\"https:\/\/erasmuspraktika.de\/wordpress\/wp-content\/uploads\/2026\/03\/Statement-of-Validation_blanko.pdf\">Statement of Validation<\/a> (SoV)<\/li>\n<\/ul>\n\n\n\n<div style=\"height:50px\" aria-hidden=\"true\" class=\"wp-block-spacer\"><\/div>\n<\/div><\/div>\n\n\n\n<p><\/p>","protected":false},"excerpt":{"rendered":"<p>Downloads Hier finden Sie alle wichtigen Formulare und Dokumente f\u00fcr die Bewerbung, \u00c4nderungen w\u00e4hrend des Praktikums und das Praktikumsende. Bewerbung &#8211; Erasmus+ Alle Bewerbungsunterlagen m\u00fcssen sp\u00e4testens einen Monat vor Beginn des Praktikums bei der a.i.m. rlp vorliegen! W\u00e4hrend des Praktikums &#8211; Erasmus+ Bitte laden Sie ca. zwei Wochen nach Praktikumsstart ein kurzes Feedback ins Bewerbungsportal [&hellip;]<\/p>","protected":false},"author":14,"featured_media":0,"parent":0,"menu_order":0,"comment_status":"closed","ping_status":"closed","template":"","meta":{"footnotes":""},"class_list":["post-105","page","type-page","status-publish","hentry"],"_links":{"self":[{"href":"https:\/\/erasmuspraktika.de\/en\/wp-json\/wp\/v2\/pages\/105"}],"collection":[{"href":"https:\/\/erasmuspraktika.de\/en\/wp-json\/wp\/v2\/pages"}],"about":[{"href":"https:\/\/erasmuspraktika.de\/en\/wp-json\/wp\/v2\/types\/page"}],"author":[{"embeddable":true,"href":"https:\/\/erasmuspraktika.de\/en\/wp-json\/wp\/v2\/users\/14"}],"replies":[{"embeddable":true,"href":"https:\/\/erasmuspraktika.de\/en\/wp-json\/wp\/v2\/comments?post=105"}],"version-history":[{"count":160,"href":"https:\/\/erasmuspraktika.de\/en\/wp-json\/wp\/v2\/pages\/105\/revisions"}],"predecessor-version":[{"id":39116,"href":"https:\/\/erasmuspraktika.de\/en\/wp-json\/wp\/v2\/pages\/105\/revisions\/39116"}],"wp:attachment":[{"href":"https:\/\/erasmuspraktika.de\/en\/wp-json\/wp\/v2\/media?parent=105"}],"curies":[{"name":"wp","href":"https:\/\/api.w.org\/{rel}","templated":true}]}}