{"id":109,"date":"2020-03-02T15:47:28","date_gmt":"2020-03-02T14:47:28","guid":{"rendered":"https:\/\/onlinebewerbung.erasmuspraktika.de\/wordpress\/?page_id=109"},"modified":"2024-12-13T12:25:01","modified_gmt":"2024-12-13T11:25:01","slug":"hilfe-links","status":"publish","type":"page","link":"https:\/\/erasmuspraktika.de\/en\/hilfe-links\/","title":{"rendered":"Links"},"content":{"rendered":"<div class=\"wp-block-group\"><div class=\"wp-block-group__inner-container is-layout-flow wp-block-group-is-layout-flow\">\n<h2 class=\"wp-block-heading\">Helpful Links<\/h2>\n\n\n\n<p>Auf den folgenden Seite k\u00f6nnen Sie Informationen f\u00fcr Ihr Auslandspraktikum finden.&nbsp;Alle untenstehenden Links sind allgemein gehalten, um&nbsp;l\u00e4nderspezifische Informationen zu erhalten,&nbsp;wechseln Sie in den&nbsp;Bereich &#8222;<a href=\"https:\/\/erasmuspraktika.de\/en\/programmlaender\/\">Eligible countries<\/a>&#8220;&nbsp;und w\u00e4hlen eines der&nbsp;entsprechenden L\u00e4nder&nbsp;aus.<\/p>\n<\/div><\/div>\n\n\n\n<div class=\"wp-block-group hintergrund-blau\"><div class=\"wp-block-group__inner-container is-layout-flow wp-block-group-is-layout-flow\">\n<h2 class=\"wp-block-heading\">General<\/h2>\n\n\n\n<ul class=\"wp-block-list\">\n<li><a rel=\"noreferrer noopener\" href=\"http:\/\/www.daad.de\/medien\/ausland\/dokumente\/wege_ins_auslandspraktikum_2013.pdf\" target=\"_blank\">Ways to an internship abroad<\/a>&nbsp;\u2013 DAAD brochure with important information about the internship abroad<\/li>\n\n\n\n<li><a rel=\"noreferrer noopener\" href=\"https:\/\/www.daad.de\/ausland\/praktikum\/de\/\" target=\"_blank\">DAAD Internships Abroad<\/a>&nbsp;&#8211;&nbsp;Informationsseite des DAAD<\/li>\n\n\n\n<li><a rel=\"noreferrer noopener\" href=\"http:\/\/www.youthreporter.eu\/\" target=\"_blank\">Youthreporter&nbsp;<\/a>\u2013 ERASMUS + blogs &amp; reports<\/li>\n\n\n\n<li><a rel=\"noreferrer noopener\" href=\"https:\/\/www.meinpraktikum.de\/ratgeber\/auslandspraktikum\" target=\"_blank\">meinpraktikum<\/a>&nbsp;\u2013 Tips on internships abroad<\/li>\n\n\n\n<li><a rel=\"noreferrer noopener\" href=\"http:\/\/europa.eu\/\" target=\"_blank\">Europ\u00e4ische Union<\/a>&nbsp;\u2013 EU website<\/li>\n\n\n\n<li><a rel=\"noreferrer noopener\" aria-label=\" (\u00f6ffnet in neuem Tab)\" href=\"https:\/\/www.auswaertiges-amt.de\/de\" target=\"_blank\">Ausw\u00e4rtiges Amt<\/a>&nbsp;&#8211;&nbsp;L\u00e4nder- u. Reiseinformationen \/ Botschaftsadressen<\/li>\n\n\n\n<li><a href=\"https:\/\/www.xn--bafg-7qa.de\/bafoeg\/de\/das-bafoeg-alle-infos-auf-einen-blick\/einzelfragen-der-foerderung\/gibt-es-bafoeg-auch-im-ausland\/gibt-es-bafoeg-auch-im-ausland.html\" data-type=\"link\" data-id=\"https:\/\/www.xn--bafg-7qa.de\/bafoeg\/de\/das-bafoeg-alle-infos-auf-einen-blick\/einzelfragen-der-foerderung\/gibt-es-bafoeg-auch-im-ausland\/gibt-es-bafoeg-auch-im-ausland.html\">Auslandsbaf\u00f6g<\/a>\u2013 for compulsory internships<\/li>\n\n\n\n<li><a rel=\"noreferrer noopener\" href=\"http:\/\/www.isic.de\/\" target=\"_blank\">International student ID<\/a><\/li>\n<\/ul>\n<\/div><\/div>\n\n\n\n<div class=\"wp-block-group\"><div class=\"wp-block-group__inner-container is-layout-flow wp-block-group-is-layout-flow\">\n<h2 class=\"wp-block-heading\">Jobs\/Internships<\/h2>\n\n\n\n<ul class=\"wp-block-list\">\n<li><a rel=\"noreferrer noopener\" href=\"http:\/\/www.erasmusintern.org\/\" target=\"_blank\">erasmusintern.org<\/a><\/li>\n\n\n\n<li><a href=\"https:\/\/leo-net.solidintern.com\/\" data-type=\"link\" data-id=\"https:\/\/leo-net.solidintern.com\/\">leo-net.solidintern.com<\/a> \u2013 Leo-Net Internship search<\/li>\n\n\n\n<li><a href=\"https:\/\/www.jobteaser.com\/de\">jobteaser.com<\/a><\/li>\n\n\n\n<li><a href=\"https:\/\/www.trainingexperience.org\/\" target=\"_blank\" rel=\"noreferrer noopener\">trainingexperience.org<\/a><\/li>\n\n\n\n<li><a rel=\"noreferrer noopener\" href=\"https:\/\/europe-internship.com\" target=\"_blank\">europe-internship.com<\/a> &#8211; Eurasmus<\/li>\n\n\n\n<li><a href=\"https:\/\/eures.europa.eu\/index_de\" target=\"_blank\" rel=\"noreferrer noopener\">EURES European Mobility Tool Portal<\/a><\/li>\n\n\n\n<li><a rel=\"noreferrer noopener\" href=\"https:\/\/karriere.unicum.de\/praktikum\/europa\" target=\"_blank\">karriere.unicum.de\/praktikum\/europa<\/a> &#8211; Unicum Karrierezentrum<\/li>\n\n\n\n<li><a rel=\"noreferrer noopener\" aria-label=\" (\u00f6ffnet in neuem Tab)\" href=\"https:\/\/www.monster.de\/geo\/siteselection\" target=\"_blank\">Monster Job exchange&nbsp;<\/a>&nbsp;\u2013 Internships abroad<\/li>\n\n\n\n<li><a href=\"https:\/\/www.stepstone.de\/jobs\/praktikum\/in-europa\" target=\"_blank\" rel=\"noreferrer noopener\">StepStone&nbsp;<\/a>&#8211; weltweite Stellenb\u00f6rse &gt; Detailsuche<\/li>\n\n\n\n<li><a rel=\"noreferrer noopener\" href=\"https:\/\/www.meinpraktikum.de\/suche?search_job%5Bquery%5D=&amp;search_job%5Blocation%5D=&amp;search_job%5Bdistance%5D=25&amp;search_job%5BjobTypes%5D%5B%5D=3&amp;search_job%5BorderBy%5D=0\" target=\"_blank\">meinpraktikum.de<\/a>&nbsp;&#8211; Detailsuche<\/li>\n\n\n\n<li><a rel=\"noreferrer noopener\" href=\"http:\/\/www.karrero.com\/\" target=\"_blank\">Karrero<\/a>&nbsp;\u2013 global agricultural job market<\/li>\n\n\n\n<li><a rel=\"noreferrer noopener\" href=\"http:\/\/de.fashionjobs.com\/world\/#r\" target=\"_blank\">de.fashionjobs.com\/world<\/a>&nbsp;&#8211;&nbsp;Jobs for fashion, luxury and beauty professionals<\/li>\n\n\n\n<li><a rel=\"noreferrer noopener\" href=\"https:\/\/www.xing.com\/\" target=\"_blank\">xing.com<\/a>&nbsp;\u2013 career network portal<\/li>\n\n\n\n<li><a href=\"https:\/\/auslandskarriere.de\/jobs\/\" target=\"_blank\" rel=\"noreferrer noopener\">auslandskarriere.de\/jobs<\/a><\/li>\n\n\n\n<li><a rel=\"noreferrer noopener\" href=\"https:\/\/www.praktikum.info\/stellenangebote\" target=\"_blank\">praktikum.info<\/a><\/li>\n\n\n\n<li><a href=\"https:\/\/de.moovijob.com\/\">de.moovijob.com<\/a> &#8211; Jobs und Jobmessen in der Gro\u00dfregion, insbesondere Luxemburg<\/li>\n\n\n\n<li><a href=\"https:\/\/praktikumsanzeigen.info\/auslandspraktikum\" data-type=\"link\" data-id=\"https:\/\/praktikumsanzeigen.info\/auslandspraktikum\">praktikumsanzeigen.info<\/a><\/li>\n\n\n\n<li><a href=\"https:\/\/kopra.org\/?site_id=9\">Praktikum in Asien suchen und finden &#8211; KOPRA<\/a><\/li>\n\n\n\n<li><a href=\"https:\/\/www.giz.de\/de\/jobs\/24473.html\">Informationen f\u00fcr Studierende und Absolvent*innen &#8211; giz.de<\/a><\/li>\n<\/ul>\n<\/div><\/div>\n\n\n\n<div class=\"wp-block-group hintergrund-blau\"><div class=\"wp-block-group__inner-container is-layout-flow wp-block-group-is-layout-flow\">\n<h2 class=\"wp-block-heading\">Accommodation<\/h2>\n\n\n\n<ul class=\"wp-block-list\">\n<li><a rel=\"noreferrer noopener\" href=\"https:\/\/www.wg-gesucht.de\/\" target=\"_blank\">wg-gesucht.de<\/a>&nbsp;\u2013 Finding accommodation in different countries<\/li>\n\n\n\n<li><a rel=\"noreferrer noopener\" href=\"https:\/\/www.airbnb.de\/\" target=\"_blank\">Airbnb<\/a>&nbsp;\u2013 International accommodation search<\/li>\n\n\n\n<li><a rel=\"noreferrer noopener\" href=\"http:\/\/www.housinganywhere.com\/\" target=\"_blank\">Housing Anywhere<\/a>&nbsp;&#8211; &#8218;Student-to-Student housing platform&#8216;<\/li>\n\n\n\n<li><a rel=\"noreferrer noopener\" aria-label=\" (\u00f6ffnet in neuem Tab)\" href=\"https:\/\/www.couchsurfing.com\" target=\"_blank\">couchsurfing.com<\/a><\/li>\n\n\n\n<li><a rel=\"noreferrer noopener\" href=\"http:\/\/erasmusu.com\/\" target=\"_blank\">ERASMUSU<\/a><\/li>\n\n\n\n<li><a rel=\"noreferrer noopener\" href=\"https:\/\/www.thehomelike.com\" target=\"_blank\">www.thehomelike.com<\/a><\/li>\n\n\n\n<li><a rel=\"noreferrer noopener\" href=\"https:\/\/www.fewo-direkt.de\" target=\"_blank\">www.fewo-direkt.de<\/a><\/li>\n\n\n\n<li><a rel=\"noreferrer noopener\" href=\"https:\/\/www.uniplaces.com\/de\/\" target=\"_blank\">www.uniplaces.com\/de\/<\/a><\/li>\n\n\n\n<li><a rel=\"noreferrer noopener\" href=\"https:\/\/www.nestpick.com\" target=\"_blank\">www.nestpick.com<\/a><\/li>\n<\/ul>\n<\/div><\/div>\n\n\n\n<div class=\"wp-block-group\"><div class=\"wp-block-group__inner-container is-layout-flow wp-block-group-is-layout-flow\">\n<h2 class=\"wp-block-heading\">Others<\/h2>\n\n\n\n<ul class=\"wp-block-list\">\n<li><a href=\"https:\/\/www.meetup.com\/de-DE\/\" target=\"_blank\" rel=\"noreferrer noopener\">www.meetup.com\/de-DE<\/a> - App for nearby activities<\/li>\n\n\n\n<li><a rel=\"noreferrer noopener\" href=\"https:\/\/citymapper.com\/cities\" target=\"_blank\">citymapper.com\/cities<\/a> &#8211; \u00d6PNV-App<\/li>\n\n\n\n<li><a href=\"https:\/\/esn.org\/sections\" data-type=\"link\" data-id=\"https:\/\/esn.org\/sections\">ESN <\/a>&#8211; Erasmus Student Network<\/li>\n<\/ul>\n<\/div><\/div>\n\n\n\n<div style=\"height:50px\" aria-hidden=\"true\" class=\"wp-block-spacer\"><\/div>","protected":false},"excerpt":{"rendered":"<p>Hilfreiche Links Auf den folgenden Seite k\u00f6nnen Sie Informationen f\u00fcr Ihr Auslandspraktikum finden.&nbsp;Alle untenstehenden Links sind allgemein gehalten, um&nbsp;l\u00e4nderspezifische Informationen zu erhalten,&nbsp;wechseln Sie in den&nbsp;Bereich &#8222;F\u00f6rderf\u00e4hige L\u00e4nder&#8220;&nbsp;und w\u00e4hlen eines der&nbsp;entsprechenden L\u00e4nder&nbsp;aus. Allgemein Jobs\/Praktikumspl\u00e4tze Unterk\u00fcnfte Sonstiges<\/p>","protected":false},"author":14,"featured_media":0,"parent":0,"menu_order":0,"comment_status":"closed","ping_status":"closed","template":"","meta":{"footnotes":""},"class_list":["post-109","page","type-page","status-publish","hentry"],"_links":{"self":[{"href":"https:\/\/erasmuspraktika.de\/en\/wp-json\/wp\/v2\/pages\/109"}],"collection":[{"href":"https:\/\/erasmuspraktika.de\/en\/wp-json\/wp\/v2\/pages"}],"about":[{"href":"https:\/\/erasmuspraktika.de\/en\/wp-json\/wp\/v2\/types\/page"}],"author":[{"embeddable":true,"href":"https:\/\/erasmuspraktika.de\/en\/wp-json\/wp\/v2\/users\/14"}],"replies":[{"embeddable":true,"href":"https:\/\/erasmuspraktika.de\/en\/wp-json\/wp\/v2\/comments?post=109"}],"version-history":[{"count":48,"href":"https:\/\/erasmuspraktika.de\/en\/wp-json\/wp\/v2\/pages\/109\/revisions"}],"predecessor-version":[{"id":38414,"href":"https:\/\/erasmuspraktika.de\/en\/wp-json\/wp\/v2\/pages\/109\/revisions\/38414"}],"wp:attachment":[{"href":"https:\/\/erasmuspraktika.de\/en\/wp-json\/wp\/v2\/media?parent=109"}],"curies":[{"name":"wp","href":"https:\/\/api.w.org\/{rel}","templated":true}]}}