{"id":1423,"date":"2021-06-28T17:08:27","date_gmt":"2021-06-28T15:08:27","guid":{"rendered":"https:\/\/erasmuspraktika.de\/?page_id=1423"},"modified":"2021-06-28T17:09:21","modified_gmt":"2021-06-28T15:09:21","slug":"serbien","status":"publish","type":"page","link":"https:\/\/erasmuspraktika.de\/en\/programmlaender\/serbien\/","title":{"rendered":"Serbia"},"content":{"rendered":"<div class=\"wp-block-group\"><div class=\"wp-block-group__inner-container is-layout-flow wp-block-group-is-layout-flow\">\n<h2 class=\"wp-block-heading\">Serbia<\/h2>\n\n\n\n<div class=\"wp-block-columns is-layout-flex wp-container-core-columns-is-layout-1 wp-block-columns-is-layout-flex\">\n<div class=\"wp-block-column is-layout-flow wp-block-column-is-layout-flow\">\n<div class=\"wp-block-image is-style-default\"><figure class=\"alignleft size-large\"><img loading=\"lazy\" decoding=\"async\" width=\"1024\" height=\"683\" src=\"https:\/\/erasmuspraktika.de\/wordpress\/wp-content\/uploads\/2021\/06\/Serbien-1024x683.jpg\" alt=\"\" class=\"wp-image-1426\" srcset=\"https:\/\/erasmuspraktika.de\/wordpress\/wp-content\/uploads\/2021\/06\/Serbien-1024x683.jpg 1024w, https:\/\/erasmuspraktika.de\/wordpress\/wp-content\/uploads\/2021\/06\/Serbien-300x200.jpg 300w, https:\/\/erasmuspraktika.de\/wordpress\/wp-content\/uploads\/2021\/06\/Serbien-768x512.jpg 768w, https:\/\/erasmuspraktika.de\/wordpress\/wp-content\/uploads\/2021\/06\/Serbien-1536x1024.jpg 1536w, https:\/\/erasmuspraktika.de\/wordpress\/wp-content\/uploads\/2021\/06\/Serbien-2048x1365.jpg 2048w, https:\/\/erasmuspraktika.de\/wordpress\/wp-content\/uploads\/2021\/06\/Serbien-16x12.jpg 16w\" sizes=\"(max-width: 1024px) 100vw, 1024px\" \/><figcaption>Belgrade - Photo: Ljubomir \u017darkovi\u0107<\/figcaption><\/figure><\/div>\n<\/div>\n\n\n\n<div class=\"wp-block-column is-layout-flow wp-block-column-is-layout-flow\">\n<p>Serbia is a country on the Balkan Peninsula in southeastern Europe. The capital of the modern republic is Belgrade. Since 2000, Serbia has been striving for a democratization process and has been an official candidate country for the European Union since March 1, 2012. As a result, Serbia's economy has experienced a major upswing in recent years.<\/p>\n<\/div>\n<\/div>\n<\/div><\/div>\n\n\n\n<div class=\"wp-block-group hintergrund-blau\"><div class=\"wp-block-group__inner-container is-layout-flow wp-block-group-is-layout-flow\">\n<h3 class=\"wp-block-heading\">Heplful links<\/h3>\n\n\n\n<h4 class=\"wp-block-heading\">Jobs<\/h4>\n\n\n\n<ul class=\"wp-block-list\"><li>\/<\/li><\/ul>\n\n\n\n<h4 class=\"wp-block-heading\">Accommodation<\/h4>\n\n\n\n<ul class=\"wp-block-list\"><li>\/<\/li><\/ul>\n\n\n\n<h4 class=\"wp-block-heading\">Others<\/h4>\n\n\n\n<ul class=\"wp-block-list\"><li>\/<\/li><\/ul>\n\n\n\n\n\n<div style=\"height:50px\" aria-hidden=\"true\" class=\"wp-block-spacer\"><\/div>\n<\/div><\/div>","protected":false},"excerpt":{"rendered":"<p>Serbien Serbien ist ein Land auf der Balkanhalbinsel im S\u00fcdosten Europas. Die Hauptstadt der modernen Republik ist Belgrad. Seit 2000 bem\u00fcht sich Serbien um einen Demokratisierungsprozess und ist seit dem 1. M\u00e4rz 2012 offizieller Beitrittskandidat f\u00fcr die Europ\u00e4ische Union. Damit einhergehend verzeichnete die Wirtschaft Serbiens in den letzten Jahren einen gro\u00dfen Aufschwung. Hilfreiche-Links Jobs \/ [&hellip;]<\/p>","protected":false},"author":14,"featured_media":0,"parent":48,"menu_order":0,"comment_status":"closed","ping_status":"closed","template":"","meta":{"footnotes":""},"class_list":["post-1423","page","type-page","status-publish","hentry"],"_links":{"self":[{"href":"https:\/\/erasmuspraktika.de\/en\/wp-json\/wp\/v2\/pages\/1423"}],"collection":[{"href":"https:\/\/erasmuspraktika.de\/en\/wp-json\/wp\/v2\/pages"}],"about":[{"href":"https:\/\/erasmuspraktika.de\/en\/wp-json\/wp\/v2\/types\/page"}],"author":[{"embeddable":true,"href":"https:\/\/erasmuspraktika.de\/en\/wp-json\/wp\/v2\/users\/14"}],"replies":[{"embeddable":true,"href":"https:\/\/erasmuspraktika.de\/en\/wp-json\/wp\/v2\/comments?post=1423"}],"version-history":[{"count":4,"href":"https:\/\/erasmuspraktika.de\/en\/wp-json\/wp\/v2\/pages\/1423\/revisions"}],"predecessor-version":[{"id":1428,"href":"https:\/\/erasmuspraktika.de\/en\/wp-json\/wp\/v2\/pages\/1423\/revisions\/1428"}],"up":[{"embeddable":true,"href":"https:\/\/erasmuspraktika.de\/en\/wp-json\/wp\/v2\/pages\/48"}],"wp:attachment":[{"href":"https:\/\/erasmuspraktika.de\/en\/wp-json\/wp\/v2\/media?parent=1423"}],"curies":[{"name":"wp","href":"https:\/\/api.w.org\/{rel}","templated":true}]}}