{"id":256,"date":"2020-11-23T18:23:14","date_gmt":"2020-11-23T17:23:14","guid":{"rendered":"https:\/\/onlinebewerbung.erasmuspraktika.de\/wordpress\/?page_id=256"},"modified":"2025-08-21T13:00:12","modified_gmt":"2025-08-21T11:00:12","slug":"belgien","status":"publish","type":"page","link":"https:\/\/erasmuspraktika.de\/en\/programmlaender\/belgien\/","title":{"rendered":"Belgium"},"content":{"rendered":"<div class=\"wp-block-group\"><div class=\"wp-block-group__inner-container is-layout-flow wp-block-group-is-layout-flow\">\n<h2 class=\"wp-block-heading\">Belgium<\/h2>\n\n\n\n<div class=\"wp-block-columns is-layout-flex wp-container-core-columns-is-layout-1 wp-block-columns-is-layout-flex\">\n<div class=\"wp-block-column is-layout-flow wp-block-column-is-layout-flow\"><div class=\"wp-block-image is-style-default\">\n<figure class=\"alignleft size-large\"><img loading=\"lazy\" decoding=\"async\" width=\"1024\" height=\"678\" src=\"https:\/\/onlinebewerbung.erasmuspraktika.de\/wordpress\/wp-content\/uploads\/2021\/04\/Belgien-1024x678.jpg\" alt=\"\" class=\"wp-image-1335\" srcset=\"https:\/\/erasmuspraktika.de\/wordpress\/wp-content\/uploads\/2021\/04\/Belgien-1024x678.jpg 1024w, https:\/\/erasmuspraktika.de\/wordpress\/wp-content\/uploads\/2021\/04\/Belgien-300x199.jpg 300w, https:\/\/erasmuspraktika.de\/wordpress\/wp-content\/uploads\/2021\/04\/Belgien-768x509.jpg 768w, https:\/\/erasmuspraktika.de\/wordpress\/wp-content\/uploads\/2021\/04\/Belgien-1536x1017.jpg 1536w, https:\/\/erasmuspraktika.de\/wordpress\/wp-content\/uploads\/2021\/04\/Belgien-2048x1356.jpg 2048w, https:\/\/erasmuspraktika.de\/wordpress\/wp-content\/uploads\/2021\/04\/Belgien-16x12.jpg 16w\" sizes=\"(max-width: 1024px) 100vw, 1024px\" \/><figcaption class=\"wp-element-caption\">Br\u00fcgge \u2013 Photo: Libby Penner<\/figcaption><\/figure><\/div><\/div>\n\n\n\n<div class=\"wp-block-column is-layout-flow wp-block-column-is-layout-flow\">\n<p>Dutch, French, German - the Kingdom of Belgium is mainly characterised by different official languages. The reason for this is apparently the Germanic-Romanic language border in the fifth century. In the north of Belgium, the majority of the population speaks Dutch, while in the south French is predominantly spoken. Independent of the region, a stay in the neighbouring country is worthwhile. Belgium is a combination of medieval cities, magnificent houses, a great coastline and a multicultural society, making it an attractive internship location.<\/p>\n<\/div>\n<\/div>\n<\/div><\/div>\n\n\n\n<div class=\"wp-block-group hintergrund-blau\"><div class=\"wp-block-group__inner-container is-layout-flow wp-block-group-is-layout-flow\">\n<h3 class=\"wp-block-heading\">Heplful links<\/h3>\n\n\n\n<h4 class=\"wp-block-heading\">Jobs<\/h4>\n\n\n\n<ul class=\"wp-block-list\">\n<li><a href=\"http:\/\/www.connexion-emploi.com\/\" target=\"_blank\" rel=\"noreferrer noopener\">www.connexion-emploi.com<\/a> &#8211; Jobportal im deutsch-franz\u00f6sischen Raum<\/li>\n\n\n\n<li><a rel=\"noreferrer noopener\" href=\"http:\/\/www.euractiv.com\/\" target=\"_blank\">www.euractiv.com<\/a> &#8211; EurActiv<\/li>\n<\/ul>\n\n\n\n<h4 class=\"wp-block-heading\">Accommodation<\/h4>\n\n\n\n<p><\/p>\n\n\n\n<ul class=\"wp-block-list\">\n<li><a rel=\"noreferrer noopener\" href=\"http:\/\/www.appartager.be\/\" target=\"_blank\">www.appartager.be<\/a><\/li>\n\n\n\n<li><a rel=\"noreferrer noopener\" href=\"http:\/\/www.expatica.com\/\" target=\"_blank\">www.expatica.com<\/a><\/li>\n\n\n\n<li><a rel=\"noreferrer noopener\" href=\"http:\/\/www.vlanimmo.be\/\" target=\"_blank\">www.vlanimmo.be<\/a><\/li>\n\n\n\n<li><a rel=\"noreferrer noopener\" href=\"http:\/\/www.vlan.be\/\" target=\"_blank\">www.vlan.be<\/a><\/li>\n\n\n\n<li><a rel=\"noreferrer noopener\" href=\"http:\/\/www.easykot.be\/\" target=\"_blank\">www.easykot.be<\/a><\/li>\n\n\n\n<li><a rel=\"noreferrer noopener\" href=\"http:\/\/www.logerjeune.be\/\" target=\"_blank\">www.logerjeune.be<\/a><\/li>\n\n\n\n<li><a rel=\"noreferrer noopener\" href=\"https:\/\/upkot.be\/\" target=\"_blank\">www.upkot.be<\/a><\/li>\n\n\n\n<li><a rel=\"noreferrer noopener\" href=\"http:\/\/www.brusselsdestination.be\/\" target=\"_blank\">www.brusselsdestination.be<\/a> &#8211; Br\u00fcssel<\/li>\n\n\n\n<li><a rel=\"noreferrer noopener\" href=\"https:\/\/www.spotahome.com\/de\" target=\"_blank\">www.spotahome.com\/de<\/a> &#8211; Br\u00fcssel <\/li>\n\n\n\n<li><a rel=\"noreferrer noopener\" href=\"https:\/\/www.studentkotweb.be\" target=\"_blank\">www.studentkotweb.be<\/a> &#8211; Antwerpen<\/li>\n<\/ul>\n\n\n\n<h4 class=\"wp-block-heading\">Others<\/h4>\n\n\n\n<ul class=\"wp-block-list\">\n<li><a rel=\"noreferrer noopener\" href=\"http:\/\/www.stib-mivb.be\/\" target=\"_blank\">www.stib-mivb.be<\/a> &#8211; Br\u00fcsseler Verkehrsverbund<\/li>\n<\/ul>\n\n\n\n\n\n<div style=\"height:50px\" aria-hidden=\"true\" class=\"wp-block-spacer\"><\/div>\n<\/div><\/div>","protected":false},"excerpt":{"rendered":"<p>Belgien Niederl\u00e4ndisch, Franz\u00f6sisch, Deutsch &#8211; das K\u00f6nigreich Belgien ist vor allem durch unterschiedliche Amtssprachen gepr\u00e4gt. Der Grund daf\u00fcr liegt offenbar an der germanisch-romanischen Sprachgrenze im f\u00fcnften Jahrhundert. Im Norden Belgiens spricht die Mehrheit der Bev\u00f6lkerung Niederl\u00e4ndisch, w\u00e4hrend im S\u00fcden vorwiegend Franz\u00f6sisch gesprochen wird. Welche Region auch immer &#8211; ein Aufenthalt im Nachbarland lohnt sich in [&hellip;]<\/p>","protected":false},"author":14,"featured_media":0,"parent":48,"menu_order":0,"comment_status":"closed","ping_status":"closed","template":"","meta":{"footnotes":""},"class_list":["post-256","page","type-page","status-publish","hentry"],"_links":{"self":[{"href":"https:\/\/erasmuspraktika.de\/en\/wp-json\/wp\/v2\/pages\/256"}],"collection":[{"href":"https:\/\/erasmuspraktika.de\/en\/wp-json\/wp\/v2\/pages"}],"about":[{"href":"https:\/\/erasmuspraktika.de\/en\/wp-json\/wp\/v2\/types\/page"}],"author":[{"embeddable":true,"href":"https:\/\/erasmuspraktika.de\/en\/wp-json\/wp\/v2\/users\/14"}],"replies":[{"embeddable":true,"href":"https:\/\/erasmuspraktika.de\/en\/wp-json\/wp\/v2\/comments?post=256"}],"version-history":[{"count":74,"href":"https:\/\/erasmuspraktika.de\/en\/wp-json\/wp\/v2\/pages\/256\/revisions"}],"predecessor-version":[{"id":38734,"href":"https:\/\/erasmuspraktika.de\/en\/wp-json\/wp\/v2\/pages\/256\/revisions\/38734"}],"up":[{"embeddable":true,"href":"https:\/\/erasmuspraktika.de\/en\/wp-json\/wp\/v2\/pages\/48"}],"wp:attachment":[{"href":"https:\/\/erasmuspraktika.de\/en\/wp-json\/wp\/v2\/media?parent=256"}],"curies":[{"name":"wp","href":"https:\/\/api.w.org\/{rel}","templated":true}]}}