{"id":320,"date":"2020-11-30T18:37:12","date_gmt":"2020-11-30T17:37:12","guid":{"rendered":"https:\/\/onlinebewerbung.erasmuspraktika.de\/wordpress\/?page_id=320"},"modified":"2021-06-28T15:46:05","modified_gmt":"2021-06-28T13:46:05","slug":"albanien","status":"publish","type":"page","link":"https:\/\/erasmuspraktika.de\/en\/programmlaender\/albanien\/","title":{"rendered":"Albania"},"content":{"rendered":"<div class=\"wp-block-group\"><div class=\"wp-block-group__inner-container is-layout-flow wp-block-group-is-layout-flow\">\n<h2 class=\"wp-block-heading\">Albania<\/h2>\n\n\n\n<div class=\"wp-block-columns is-layout-flex wp-container-core-columns-is-layout-1 wp-block-columns-is-layout-flex\">\n<div class=\"wp-block-column is-layout-flow wp-block-column-is-layout-flow\">\n<figure class=\"wp-block-image size-large\"><img loading=\"lazy\" decoding=\"async\" width=\"523\" height=\"232\" src=\"https:\/\/onlinebewerbung.erasmuspraktika.de\/wordpress\/wp-content\/uploads\/2020\/12\/csm_tirana_at_night_johann_742a52b5d7.png\" alt=\"\" class=\"wp-image-459\" srcset=\"https:\/\/erasmuspraktika.de\/wordpress\/wp-content\/uploads\/2020\/12\/csm_tirana_at_night_johann_742a52b5d7.png 523w, https:\/\/erasmuspraktika.de\/wordpress\/wp-content\/uploads\/2020\/12\/csm_tirana_at_night_johann_742a52b5d7-300x133.png 300w\" sizes=\"(max-width: 523px) 100vw, 523px\" \/><figcaption>Tirana by night - Photo: Meike Johann<\/figcaption><\/figure>\n<\/div>\n\n\n\n<div class=\"wp-block-column is-layout-flow wp-block-column-is-layout-flow\">\n<p>Albania, located in the west of the Balkan island, has about 3.3 million inhabitants. More than half of the population lives in rather rural regions of the republic, which covers an area of about thirty thousand square metres. Albania, \"the land of the eagle\" with an area roughly the size of Brandenburg, has a lot in store for visitors.<\/p>\n\n\n\n<p>Massive mountain ridges, cliffs, forests, meadows and fortresses are just some of Albania's scenic features. The Albanian coast on the Ionian Sea is also known to travellers as the \"Albanian Riviera\" because of its extraordinary beauty and wonderful beaches. The oldest lake in Europe is protected by the UNESCO and offers ideal living conditions for an extraordinary flora and fauna as well as living fossils. Albania is considered an insider tip among Europe's travel destinations.<\/p>\n\n\n\n<blockquote class=\"wp-block-quote is-layout-flow wp-block-quote-is-layout-flow\"><p class=\" translation-block\">Since 2019, Albania has been a partner country of a.i.m. rlp. Therefore, full-time internships of 60 days or more in Albania can be funded and supported with 700\u20ac per month, as well as an additional travel allowance of 275\u20ac.\nCurrently, there is also an ERASMUS partnership between the University of Tirana and the HS Worms.<\/p><\/blockquote>\n<\/div>\n<\/div>\n<\/div><\/div>\n\n\n\n<div class=\"wp-block-group hintergrund-blau\"><div class=\"wp-block-group__inner-container is-layout-flow wp-block-group-is-layout-flow\">\n<h3 class=\"wp-block-heading\">Heplful links<\/h3>\n\n\n\n<h4 class=\"wp-block-heading\">Jobs<\/h4>\n\n\n\n<ul class=\"wp-block-list\"><li>\/<\/li><\/ul>\n\n\n\n<h4 class=\"wp-block-heading\">Accommodation<\/h4>\n\n\n\n<ul class=\"wp-block-list\"><li>\/<\/li><\/ul>\n\n\n\n<h4 class=\"wp-block-heading\">Others<\/h4>\n\n\n\n<ul class=\"wp-block-list\"><li>\/<\/li><\/ul>\n\n\n\n\n\n<div style=\"height:50px\" aria-hidden=\"true\" class=\"wp-block-spacer\"><\/div>\n<\/div><\/div>","protected":false},"excerpt":{"rendered":"<p>Albanien Albanien, im Westen der Balkaninsel gelegen, hat ca. 3,3 Milllionen Einwohner. Mehr als die H\u00e4lfte der Bev\u00f6lkerung lebt in eher l\u00e4ndlichen Regionen der etwa drei\u00dfigtausend Quadratmeter gro\u00dfen Republik. Albanien, \u201edas Land des Adlers\u201c mit einer Fl\u00e4che ungef\u00e4hr in der Gr\u00f6\u00dfe wie Brandenburg, h\u00e4lt einiges f\u00fcr Besucher bereit. Massive Bergr\u00fccken, Felsw\u00e4nde, W\u00e4lder, Wiesen und Festungen [&hellip;]<\/p>","protected":false},"author":14,"featured_media":0,"parent":48,"menu_order":0,"comment_status":"closed","ping_status":"closed","template":"","meta":{"footnotes":""},"class_list":["post-320","page","type-page","status-publish","hentry"],"_links":{"self":[{"href":"https:\/\/erasmuspraktika.de\/en\/wp-json\/wp\/v2\/pages\/320"}],"collection":[{"href":"https:\/\/erasmuspraktika.de\/en\/wp-json\/wp\/v2\/pages"}],"about":[{"href":"https:\/\/erasmuspraktika.de\/en\/wp-json\/wp\/v2\/types\/page"}],"author":[{"embeddable":true,"href":"https:\/\/erasmuspraktika.de\/en\/wp-json\/wp\/v2\/users\/14"}],"replies":[{"embeddable":true,"href":"https:\/\/erasmuspraktika.de\/en\/wp-json\/wp\/v2\/comments?post=320"}],"version-history":[{"count":19,"href":"https:\/\/erasmuspraktika.de\/en\/wp-json\/wp\/v2\/pages\/320\/revisions"}],"predecessor-version":[{"id":1419,"href":"https:\/\/erasmuspraktika.de\/en\/wp-json\/wp\/v2\/pages\/320\/revisions\/1419"}],"up":[{"embeddable":true,"href":"https:\/\/erasmuspraktika.de\/en\/wp-json\/wp\/v2\/pages\/48"}],"wp:attachment":[{"href":"https:\/\/erasmuspraktika.de\/en\/wp-json\/wp\/v2\/media?parent=320"}],"curies":[{"name":"wp","href":"https:\/\/api.w.org\/{rel}","templated":true}]}}