{"id":332,"date":"2020-11-30T19:00:35","date_gmt":"2020-11-30T18:00:35","guid":{"rendered":"https:\/\/onlinebewerbung.erasmuspraktika.de\/wordpress\/?page_id=332"},"modified":"2025-08-21T13:14:39","modified_gmt":"2025-08-21T11:14:39","slug":"daenemark","status":"publish","type":"page","link":"https:\/\/erasmuspraktika.de\/en\/programmlaender\/daenemark\/","title":{"rendered":"Denmark"},"content":{"rendered":"<div class=\"wp-block-group\"><div class=\"wp-block-group__inner-container is-layout-flow wp-block-group-is-layout-flow\">\n<h2 class=\"wp-block-heading\">Denmark<\/h2>\n\n\n\n<div class=\"wp-block-columns is-layout-flex wp-container-core-columns-is-layout-1 wp-block-columns-is-layout-flex\">\n<div class=\"wp-block-column is-layout-flow wp-block-column-is-layout-flow\">\n<figure class=\"wp-block-image size-large\"><img loading=\"lazy\" decoding=\"async\" width=\"1024\" height=\"683\" src=\"https:\/\/onlinebewerbung.erasmuspraktika.de\/wordpress\/wp-content\/uploads\/2020\/11\/D\u00e4nemark-1024x683.jpg\" alt=\"\" class=\"wp-image-333\" srcset=\"https:\/\/erasmuspraktika.de\/wordpress\/wp-content\/uploads\/2020\/11\/D\u00e4nemark-1024x683.jpg 1024w, https:\/\/erasmuspraktika.de\/wordpress\/wp-content\/uploads\/2020\/11\/D\u00e4nemark-300x200.jpg 300w, https:\/\/erasmuspraktika.de\/wordpress\/wp-content\/uploads\/2020\/11\/D\u00e4nemark-768x512.jpg 768w, https:\/\/erasmuspraktika.de\/wordpress\/wp-content\/uploads\/2020\/11\/D\u00e4nemark-1536x1024.jpg 1536w, https:\/\/erasmuspraktika.de\/wordpress\/wp-content\/uploads\/2020\/11\/D\u00e4nemark-2048x1365.jpg 2048w\" sizes=\"(max-width: 1024px) 100vw, 1024px\" \/><figcaption class=\"wp-element-caption\">Nyhavn, Kopenhagen \u2013 Photo: Nick Karvounis<\/figcaption><\/figure>\n<\/div>\n\n\n\n<div class=\"wp-block-column is-layout-flow wp-block-column-is-layout-flow\">\n<p>\"Hygge\". This unique word describes warmth and cosiness in the Danish language. Indeed, the Danes show themselves to be particularly serene and relaxed in many situations of life. The Scandinavian neighbouring country also sets an example in terms of education and health. Due to its the high taxes that every citizen pays, everyone has the prospect of free education and good health care.<\/p>\n<\/div>\n<\/div>\n<\/div><\/div>\n\n\n\n<div class=\"wp-block-group hintergrund-blau\"><div class=\"wp-block-group__inner-container is-layout-flow wp-block-group-is-layout-flow\">\n<h3 class=\"wp-block-heading\">Heplful links<\/h3>\n\n\n\n<h4 class=\"wp-block-heading\">Jobs<\/h4>\n\n\n\n<ul class=\"wp-block-list\">\n<li>\/<\/li>\n<\/ul>\n\n\n\n<h4 class=\"wp-block-heading\">Accommodation<\/h4>\n\n\n\n<p><\/p>\n\n\n\n<ul class=\"wp-block-list\">\n<li><a href=\"https:\/\/en.lejebolig.dk\/\" data-type=\"link\" data-id=\"https:\/\/en.lejebolig.dk\/\">https:\/\/en.lejebolig.dk\/<\/a><\/li>\n\n\n\n<li><a href=\"https:\/\/www.boligportal.dk\/\">https:\/\/www.boligportal.dk\/<\/a><\/li>\n\n\n\n<li><a href=\"https:\/\/www.findroommate.dk\/\" data-type=\"link\" data-id=\"https:\/\/www.findroommate.dk\/\">https:\/\/www.findroommate.dk\/<\/a><\/li>\n\n\n\n<li><a href=\"https:\/\/mit.s.dk\/studiebolig\/search-result\/\">https:\/\/mit.s.dk\/studiebolig\/search-result\/<\/a><\/li>\n\n\n\n<li><a href=\"https:\/\/www.dba.dk\">https:\/\/www.dba.dk<\/a><\/li>\n\n\n\n<li><a href=\"https:\/\/www.cphvillage.com\/refshaleoen\">https:\/\/www.cphvillage.com\/refshaleoen<\/a><\/li>\n<\/ul>\n\n\n\n<h4 class=\"wp-block-heading\">Others<\/h4>\n\n\n\n<ul class=\"wp-block-list\">\n<li><a href=\"https:\/\/nyidanmark.dk\/en-GB\/You-want-to-apply\/Residence-as-a-Nordic-citizen-or-EU-or-EEA-citizen\" target=\"_blank\" rel=\"noreferrer noopener\">New to Denmark<\/a> &#8211; Infos zum EU Residence Document &amp; CPR Nummer<\/li>\n\n\n\n<li><a href=\"https:\/\/international.kk.dk\/\" data-type=\"link\" data-id=\"https:\/\/international.kk.dk\/\">https:\/\/international.kk.dk\/<\/a> &#8211; Infos \u00fcber die Einreise<\/li>\n\n\n\n<li><a rel=\"noreferrer noopener\" href=\"https:\/\/international.kk.dk\/artikel\/leaving-denmark\" target=\"_blank\">international.kk.dk\/artikel\/leaving-denmark<\/a> &#8211; Infos zur Ausreise<\/li>\n<\/ul>\n\n\n\n\n\n<div style=\"height:50px\" aria-hidden=\"true\" class=\"wp-block-spacer\"><\/div>\n<\/div><\/div>","protected":false},"excerpt":{"rendered":"<p>D\u00e4nemark &#8222;Hygge&#8220;. Dieses einzigartige Wort beschreibt in der d\u00e4nischen Sprache W\u00e4rme und Gem\u00fctlichkeit. In der Tat zeigen sich die D\u00e4nen besonders gelassen und entspannt in vielen Lebenslagen. Auch in Bezug auf Bildung und Gesundheit geht das skandinavische Nachbarland beispielhaft voran. Durch die hohen Steuern, die jeder B\u00fcrger zahlt, hat jeder die Aussicht auf kostenlose Bildung [&hellip;]<\/p>","protected":false},"author":14,"featured_media":0,"parent":48,"menu_order":0,"comment_status":"closed","ping_status":"closed","template":"","meta":{"footnotes":""},"class_list":["post-332","page","type-page","status-publish","hentry"],"_links":{"self":[{"href":"https:\/\/erasmuspraktika.de\/en\/wp-json\/wp\/v2\/pages\/332"}],"collection":[{"href":"https:\/\/erasmuspraktika.de\/en\/wp-json\/wp\/v2\/pages"}],"about":[{"href":"https:\/\/erasmuspraktika.de\/en\/wp-json\/wp\/v2\/types\/page"}],"author":[{"embeddable":true,"href":"https:\/\/erasmuspraktika.de\/en\/wp-json\/wp\/v2\/users\/14"}],"replies":[{"embeddable":true,"href":"https:\/\/erasmuspraktika.de\/en\/wp-json\/wp\/v2\/comments?post=332"}],"version-history":[{"count":19,"href":"https:\/\/erasmuspraktika.de\/en\/wp-json\/wp\/v2\/pages\/332\/revisions"}],"predecessor-version":[{"id":38736,"href":"https:\/\/erasmuspraktika.de\/en\/wp-json\/wp\/v2\/pages\/332\/revisions\/38736"}],"up":[{"embeddable":true,"href":"https:\/\/erasmuspraktika.de\/en\/wp-json\/wp\/v2\/pages\/48"}],"wp:attachment":[{"href":"https:\/\/erasmuspraktika.de\/en\/wp-json\/wp\/v2\/media?parent=332"}],"curies":[{"name":"wp","href":"https:\/\/api.w.org\/{rel}","templated":true}]}}