{"id":349,"date":"2020-12-14T17:58:27","date_gmt":"2020-12-14T16:58:27","guid":{"rendered":"https:\/\/onlinebewerbung.erasmuspraktika.de\/wordpress\/?page_id=349"},"modified":"2024-10-02T11:41:16","modified_gmt":"2024-10-02T09:41:16","slug":"finnland","status":"publish","type":"page","link":"https:\/\/erasmuspraktika.de\/en\/programmlaender\/finnland\/","title":{"rendered":"Finland"},"content":{"rendered":"<div class=\"wp-block-group\"><div class=\"wp-block-group__inner-container is-layout-flow wp-block-group-is-layout-flow\">\n<h2 class=\"wp-block-heading\">Finland<\/h2>\n\n\n\n<div class=\"wp-block-columns is-layout-flex wp-container-core-columns-is-layout-1 wp-block-columns-is-layout-flex\">\n<div class=\"wp-block-column is-layout-flow wp-block-column-is-layout-flow\">\n<figure class=\"wp-block-image size-large\"><img loading=\"lazy\" decoding=\"async\" width=\"1024\" height=\"683\" src=\"https:\/\/onlinebewerbung.erasmuspraktika.de\/wordpress\/wp-content\/uploads\/2020\/12\/Finnland-1024x683.jpg\" alt=\"\" class=\"wp-image-353\" srcset=\"https:\/\/erasmuspraktika.de\/wordpress\/wp-content\/uploads\/2020\/12\/Finnland-1024x683.jpg 1024w, https:\/\/erasmuspraktika.de\/wordpress\/wp-content\/uploads\/2020\/12\/Finnland-300x200.jpg 300w, https:\/\/erasmuspraktika.de\/wordpress\/wp-content\/uploads\/2020\/12\/Finnland-768x512.jpg 768w, https:\/\/erasmuspraktika.de\/wordpress\/wp-content\/uploads\/2020\/12\/Finnland-1536x1024.jpg 1536w, https:\/\/erasmuspraktika.de\/wordpress\/wp-content\/uploads\/2020\/12\/Finnland-2048x1365.jpg 2048w\" sizes=\"(max-width: 1024px) 100vw, 1024px\" \/><figcaption class=\"wp-element-caption\">Helsinki Cathedral \u2013 Photo: Tapio<\/figcaption><\/figure>\n<\/div>\n\n\n\n<div class=\"wp-block-column is-layout-flow wp-block-column-is-layout-flow\">\n<p>Whether swimming in icy water, throwing a mobile phone long-distance or playing marsh football - the addiction to unusual and extreme activities seems to be ingrained in every Finn. The special Finnish mentality has its very own and beautiful description in the land of 1000 lakes.<\/p>\n\n\n\n<p>\"Sisu\" - this is the word Finns use to define their unique mental attitude when they display particular courage, endurance and fighting spirit in their extraordinary activities.<\/p>\n<\/div>\n<\/div>\n<\/div><\/div>\n\n\n\n<div class=\"wp-block-group hintergrund-blau\"><div class=\"wp-block-group__inner-container is-layout-flow wp-block-group-is-layout-flow\">\n<h3 class=\"wp-block-heading\">Heplful links<\/h3>\n\n\n\n<h4 class=\"wp-block-heading\">Jobs<\/h4>\n\n\n\n<ul class=\"wp-block-list\">\n<li>\/<\/li>\n<\/ul>\n\n\n\n<h4 class=\"wp-block-heading\">Accommodation<\/h4>\n\n\n\n<ul class=\"wp-block-list\">\n<li><a rel=\"noreferrer noopener\" href=\"https:\/\/www.hops.fi\" target=\"_blank\">www.hops.fi<\/a> &#8211; Wohnungsgesellschaft<\/li>\n\n\n\n<li><a href=\"https:\/\/www.das.fi\/fi\" data-type=\"link\" data-id=\"https:\/\/www.das.fi\/fi\">https:\/\/www.das.fi\/fi<\/a><\/li>\n\n\n\n<li><a href=\"https:\/\/www.voas.fi\" target=\"_blank\" rel=\"noreferrer noopener\">www.voas.fi<\/a> &#8211; Vaasa Student Housing Foundation, Stadt Vaasa<\/li>\n<\/ul>\n\n\n\n<h4 class=\"wp-block-heading\">Others<\/h4>\n\n\n\n<ul class=\"wp-block-list\">\n<li><a href=\"https:\/\/www.finlandforum.org\/\" data-type=\"link\" data-id=\"https:\/\/www.finlandforum.org\/\">Finland Forum<\/a><\/li>\n<\/ul>\n\n\n\n\n\n<div style=\"height:50px\" aria-hidden=\"true\" class=\"wp-block-spacer\"><\/div>\n<\/div><\/div>","protected":false},"excerpt":{"rendered":"<p>Finnland Ob schwimmen im eisigen Wasser, Handyweitwurf oder Sumpffu\u00dfball \u2013 der Hang zu au\u00dfergew\u00f6hnlichen und extremen Aktivit\u00e4ten scheint einem jeden Finnen in die Wiege gelegt worden zu sein. Die besondere finnische Mentalit\u00e4t, hat im Land der 1000 Seen eine ganz eigene und sch\u00f6ne Beschreibung. \u201eSisu\u201c \u2013 mit diesem Wort definieren die Finnen ihre einzigartige geistige [&hellip;]<\/p>","protected":false},"author":14,"featured_media":0,"parent":48,"menu_order":0,"comment_status":"closed","ping_status":"closed","template":"","meta":{"footnotes":""},"class_list":["post-349","page","type-page","status-publish","hentry"],"_links":{"self":[{"href":"https:\/\/erasmuspraktika.de\/en\/wp-json\/wp\/v2\/pages\/349"}],"collection":[{"href":"https:\/\/erasmuspraktika.de\/en\/wp-json\/wp\/v2\/pages"}],"about":[{"href":"https:\/\/erasmuspraktika.de\/en\/wp-json\/wp\/v2\/types\/page"}],"author":[{"embeddable":true,"href":"https:\/\/erasmuspraktika.de\/en\/wp-json\/wp\/v2\/users\/14"}],"replies":[{"embeddable":true,"href":"https:\/\/erasmuspraktika.de\/en\/wp-json\/wp\/v2\/comments?post=349"}],"version-history":[{"count":14,"href":"https:\/\/erasmuspraktika.de\/en\/wp-json\/wp\/v2\/pages\/349\/revisions"}],"predecessor-version":[{"id":38279,"href":"https:\/\/erasmuspraktika.de\/en\/wp-json\/wp\/v2\/pages\/349\/revisions\/38279"}],"up":[{"embeddable":true,"href":"https:\/\/erasmuspraktika.de\/en\/wp-json\/wp\/v2\/pages\/48"}],"wp:attachment":[{"href":"https:\/\/erasmuspraktika.de\/en\/wp-json\/wp\/v2\/media?parent=349"}],"curies":[{"name":"wp","href":"https:\/\/api.w.org\/{rel}","templated":true}]}}