{"id":357,"date":"2020-12-14T18:32:05","date_gmt":"2020-12-14T17:32:05","guid":{"rendered":"https:\/\/onlinebewerbung.erasmuspraktika.de\/wordpress\/?page_id=357"},"modified":"2025-08-28T12:46:16","modified_gmt":"2025-08-28T10:46:16","slug":"frankreich","status":"publish","type":"page","link":"https:\/\/erasmuspraktika.de\/en\/programmlaender\/frankreich\/","title":{"rendered":"France"},"content":{"rendered":"<div class=\"wp-block-group\"><div class=\"wp-block-group__inner-container is-layout-flow wp-block-group-is-layout-flow\">\n<h2 class=\"wp-block-heading\">France<\/h2>\n\n\n\n<div class=\"wp-block-columns is-layout-flex wp-container-core-columns-is-layout-1 wp-block-columns-is-layout-flex\">\n<div class=\"wp-block-column is-layout-flow wp-block-column-is-layout-flow\">\n<figure class=\"wp-block-image size-large\"><img loading=\"lazy\" decoding=\"async\" width=\"1024\" height=\"724\" src=\"https:\/\/onlinebewerbung.erasmuspraktika.de\/wordpress\/wp-content\/uploads\/2020\/12\/Frankreich-1024x724.jpg\" alt=\"\" class=\"wp-image-358\" srcset=\"https:\/\/erasmuspraktika.de\/wordpress\/wp-content\/uploads\/2020\/12\/Frankreich-1024x724.jpg 1024w, https:\/\/erasmuspraktika.de\/wordpress\/wp-content\/uploads\/2020\/12\/Frankreich-300x212.jpg 300w, https:\/\/erasmuspraktika.de\/wordpress\/wp-content\/uploads\/2020\/12\/Frankreich-768x543.jpg 768w, https:\/\/erasmuspraktika.de\/wordpress\/wp-content\/uploads\/2020\/12\/Frankreich-1536x1087.jpg 1536w, https:\/\/erasmuspraktika.de\/wordpress\/wp-content\/uploads\/2020\/12\/Frankreich-2048x1449.jpg 2048w\" sizes=\"(max-width: 1024px) 100vw, 1024px\" \/><figcaption class=\"wp-element-caption\">Pont Alexandre III, Paris \u2013 Photo: L\u00e9onard Cotte<\/figcaption><\/figure>\n<\/div>\n\n\n\n<div class=\"wp-block-column is-layout-flow wp-block-column-is-layout-flow\">\n<p>The world's most popular destination - for several years now, France has been particularly popular among international travellers, with around 90.2 million visitors. This may be due to the diversity of the country. It is not only the capital Paris that attracts visitors with its culture, history, sights and extraordinary French charm. The Atlantic and Mediterranean coasts are ideal for swimming and the French Alps for winter sports. This diversity encourages you to get to know the country, the culture, the language and the people even better during a longer stay.<\/p>\n<\/div>\n<\/div>\n<\/div><\/div>\n\n\n\n<div class=\"wp-block-group hintergrund-blau\"><div class=\"wp-block-group__inner-container is-layout-flow wp-block-group-is-layout-flow\">\n<h3 class=\"wp-block-heading\">Heplful links<\/h3>\n\n\n\n<h4 class=\"wp-block-heading\">Jobs<\/h4>\n\n\n\n<ul class=\"wp-block-list\">\n<li><a rel=\"noreferrer noopener\" href=\"https:\/\/www.dfjw.org\/\" target=\"_blank\">www.dfjw.org<\/a><\/li>\n\n\n\n<li><a rel=\"noreferrer noopener\" href=\"http:\/\/www.iquesta.com\/\" target=\"_blank\">www.iquesta.com<\/a><\/li>\n\n\n\n<li><a rel=\"noreferrer noopener\" href=\"http:\/\/fr.fashionjobs.com\/\" target=\"_blank\">fr.fashionjobs.com<\/a><\/li>\n\n\n\n<li><a rel=\"noreferrer noopener\" href=\"http:\/\/www.apec.fr\/\" target=\"_blank\">www.apec.fr<\/a><\/li>\n\n\n\n<li><a rel=\"noreferrer noopener\" href=\"http:\/\/www.letudiant.fr\/\" target=\"_blank\">www.letudiant.fr<\/a><\/li>\n\n\n\n<li><a href=\"http:\/\/www.crij.org\/\" target=\"_blank\" rel=\"noreferrer noopener\">www.crij.org<\/a><\/li>\n\n\n\n<li><a rel=\"noreferrer noopener\" href=\"https:\/\/fr.jobted.com\/emploi-stage\" target=\"_blank\">fr.jobted.com\/emploi-stage<\/a><\/li>\n\n\n\n<li><a href=\"https:\/\/www.stage.fr\" target=\"_blank\" rel=\"noreferrer noopener\">www.stage.fr<\/a><\/li>\n\n\n\n<li><a href=\"https:\/\/jobs-stages.letudiant.fr\/offres\/contract-stage\">https:\/\/jobs-stages.letudiant.fr\/offres\/contract-stage<\/a><\/li>\n\n\n\n<li><a href=\"https:\/\/www.jobintree.com\/\">https:\/\/www.jobintree.com\/<\/a><\/li>\n<\/ul>\n\n\n\n<p>&#8211; Jobportale im deutsch-franz\u00f6sischen Raum:<\/p>\n\n\n\n<ul class=\"wp-block-list\">\n<li><a href=\"http:\/\/www.connexion-emploi.com\/\" target=\"_blank\" rel=\"noreferrer noopener\">www.connexion-emploi.com<\/a> <\/li>\n\n\n\n<li><a href=\"https:\/\/eurorekruter.com\/\">https:\/\/eurorekruter.com\/<\/a><\/li>\n\n\n\n<li><a href=\"https:\/\/www.francoallemand.com\/de\/stellenmarkt\/stellenangebote\">https:\/\/www.francoallemand.com\/de\/stellenmarkt\/stellenangebote<\/a><\/li>\n\n\n\n<li><\/li>\n<\/ul>\n\n\n\n<h4 class=\"wp-block-heading\">Accommodation<\/h4>\n\n\n\n<ul class=\"wp-block-list\">\n<li><a rel=\"noreferrer noopener\" href=\"https:\/\/www.leboncoin.fr\" target=\"_blank\">www.leboncoin.fr<\/a><\/li>\n\n\n\n<li><a rel=\"noreferrer noopener\" href=\"http:\/\/www.crijrhonealpes.fr\/france\/DT1233255803\/page\/Se-loger.html\" target=\"_blank\">www.crijrhonealpes.fr\/france\/DT1233255803\/page\/Se-loger.html<\/a><\/li>\n\n\n\n<li><a rel=\"noreferrer noopener\" href=\"https:\/\/www.appartager.com\" target=\"_blank\">www.appartager.com<\/a><\/li>\n\n\n\n<li><a href=\"https:\/\/www.lacartedescolocs.fr\/\" data-type=\"link\" data-id=\"https:\/\/www.lacartedescolocs.fr\/\">https:\/\/www.lacartedescolocs.fr\/<\/a><\/li>\n\n\n\n<li><a rel=\"noreferrer noopener\" href=\"https:\/\/www.location-etudiant.fr\" target=\"_blank\">www.location-etudiant.fr<\/a><\/li>\n\n\n\n<li><a rel=\"noreferrer noopener\" href=\"http:\/\/www.parisattitude.com\/\" target=\"_blank\">www.parisattitude.com<\/a> &#8211; Paris<\/li>\n\n\n\n<li><a href=\"http:\/\/www.crous-paris.fr\/\">http:\/\/www.crous-paris.fr<\/a> &#8211; Paris<\/li>\n<\/ul>\n\n\n\n<h4 class=\"wp-block-heading\">Others<\/h4>\n\n\n\n<ul class=\"wp-block-list\">\n<li><a href=\"https:\/\/www.caf.fr\/\" data-type=\"link\" data-id=\"https:\/\/www.caf.fr\/\">https:\/\/www.caf.fr\/<\/a> &#8211; Wohngeldzuschuss<\/li>\n\n\n\n<li><a href=\"https:\/\/www.service-public.fr\/particuliers\/vosdroits\/N20360\" data-type=\"link\" data-id=\"https:\/\/www.service-public.fr\/particuliers\/vosdroits\/N20360\">Aides personnelles au logement<\/a> &#8211; Wohngeld <\/li>\n\n\n\n<li><a href=\"https:\/\/www.stages-alsace.net\/\">https:\/\/www.stages-alsace.net\/<\/a> &#8211; Praktikumstipps<\/li>\n<\/ul>\n\n\n\n\n\n<div style=\"height:50px\" aria-hidden=\"true\" class=\"wp-block-spacer\"><\/div>\n<\/div><\/div>","protected":false},"excerpt":{"rendered":"<p>Frankreich Das weltweit beliebteste Reiseziel &#8211; schon seit mehreren Jahren ist Frankreich, mit rund 90,2 Millionen Besuchern, bei internationalen Reisenden besonders beliebt. Das mag vor allem an der Vielseitigkeit des Landes liegen. Denn nicht nur die Hauptstadt Paris lockt mit besonders viel Kultur, Historie, Sehensw\u00fcrdigkeiten und dem au\u00dfergew\u00f6hnlichen franz\u00f6sischen Charme. Die Atlantik- und die Mittelmeerk\u00fcste [&hellip;]<\/p>","protected":false},"author":14,"featured_media":0,"parent":48,"menu_order":0,"comment_status":"closed","ping_status":"closed","template":"","meta":{"footnotes":""},"class_list":["post-357","page","type-page","status-publish","hentry"],"_links":{"self":[{"href":"https:\/\/erasmuspraktika.de\/en\/wp-json\/wp\/v2\/pages\/357"}],"collection":[{"href":"https:\/\/erasmuspraktika.de\/en\/wp-json\/wp\/v2\/pages"}],"about":[{"href":"https:\/\/erasmuspraktika.de\/en\/wp-json\/wp\/v2\/types\/page"}],"author":[{"embeddable":true,"href":"https:\/\/erasmuspraktika.de\/en\/wp-json\/wp\/v2\/users\/14"}],"replies":[{"embeddable":true,"href":"https:\/\/erasmuspraktika.de\/en\/wp-json\/wp\/v2\/comments?post=357"}],"version-history":[{"count":19,"href":"https:\/\/erasmuspraktika.de\/en\/wp-json\/wp\/v2\/pages\/357\/revisions"}],"predecessor-version":[{"id":38749,"href":"https:\/\/erasmuspraktika.de\/en\/wp-json\/wp\/v2\/pages\/357\/revisions\/38749"}],"up":[{"embeddable":true,"href":"https:\/\/erasmuspraktika.de\/en\/wp-json\/wp\/v2\/pages\/48"}],"wp:attachment":[{"href":"https:\/\/erasmuspraktika.de\/en\/wp-json\/wp\/v2\/media?parent=357"}],"curies":[{"name":"wp","href":"https:\/\/api.w.org\/{rel}","templated":true}]}}