{"id":369,"date":"2020-12-14T18:41:47","date_gmt":"2020-12-14T17:41:47","guid":{"rendered":"https:\/\/onlinebewerbung.erasmuspraktika.de\/wordpress\/?page_id=369"},"modified":"2024-10-01T11:46:25","modified_gmt":"2024-10-01T09:46:25","slug":"irland","status":"publish","type":"page","link":"https:\/\/erasmuspraktika.de\/en\/programmlaender\/irland\/","title":{"rendered":"Ireland"},"content":{"rendered":"<div class=\"wp-block-group\"><div class=\"wp-block-group__inner-container is-layout-flow wp-block-group-is-layout-flow\">\n<h2 class=\"wp-block-heading\">Ireland<\/h2>\n\n\n\n<div class=\"wp-block-columns is-layout-flex wp-container-core-columns-is-layout-1 wp-block-columns-is-layout-flex\">\n<div class=\"wp-block-column is-layout-flow wp-block-column-is-layout-flow\">\n<figure class=\"wp-block-image size-large\"><img loading=\"lazy\" decoding=\"async\" width=\"1024\" height=\"768\" src=\"https:\/\/onlinebewerbung.erasmuspraktika.de\/wordpress\/wp-content\/uploads\/2020\/12\/Irland-1024x768.jpg\" alt=\"\" class=\"wp-image-370\" srcset=\"https:\/\/erasmuspraktika.de\/wordpress\/wp-content\/uploads\/2020\/12\/Irland-1024x768.jpg 1024w, https:\/\/erasmuspraktika.de\/wordpress\/wp-content\/uploads\/2020\/12\/Irland-300x225.jpg 300w, https:\/\/erasmuspraktika.de\/wordpress\/wp-content\/uploads\/2020\/12\/Irland-768x576.jpg 768w, https:\/\/erasmuspraktika.de\/wordpress\/wp-content\/uploads\/2020\/12\/Irland-1536x1152.jpg 1536w, https:\/\/erasmuspraktika.de\/wordpress\/wp-content\/uploads\/2020\/12\/Irland-2048x1536.jpg 2048w\" sizes=\"(max-width: 1024px) 100vw, 1024px\" \/><figcaption class=\"wp-element-caption\">Cliffs of Moher \u2013 Photo: Leighton Smith<\/figcaption><\/figure>\n<\/div>\n\n\n\n<div class=\"wp-block-column is-layout-flow wp-block-column-is-layout-flow\">\n<p>There is an Irish saying that goes, \"A stranger is a friend you have not met before.\"<\/p>\n\n\n\n<p>Irland \u2013 die gr\u00fcne Insel im Atlantik mit mehr als Schafe, Kobolde mit T\u00f6pfen voll Gold und&nbsp; Pubs, in denen man frisch gezapftes Guinness bekommt! F\u00fcr viele ist Irland ein Traumziel.&nbsp;Und das, nicht nur weil die Insel landschaftlich sch\u00f6n, kulturell interessant, wirtschaftlich boomend und mittlerweile in St\u00e4dten wie Dublin auch multikulturell ist. Es ist vor allem die schon fast sprichw\u00f6rtliche Freundlichkeit und Hilfsbereitschaft der Iren, die Reisende und mittlerweile auch viele Arbeitskr\u00e4fte und Studierende aus dem Ausland nach Irland zieht.<\/p>\n<\/div>\n<\/div>\n<\/div><\/div>\n\n\n\n<div class=\"wp-block-group hintergrund-blau\"><div class=\"wp-block-group__inner-container is-layout-flow wp-block-group-is-layout-flow\">\n<h3 class=\"wp-block-heading\">Heplful links<\/h3>\n\n\n\n<h4 class=\"wp-block-heading\">Jobs<\/h4>\n\n\n\n<ul class=\"wp-block-list\">\n<li><a href=\"https:\/\/www.irishjobs.ie\/\" target=\"_blank\" rel=\"noreferrer noopener\">www.irishjobs.ie<\/a><\/li>\n\n\n\n<li><a href=\"https:\/\/www.jobs.ie\" target=\"_blank\" rel=\"noreferrer noopener\">www.jobs.ie<\/a><\/li>\n<\/ul>\n\n\n\n<h4 class=\"wp-block-heading\">Accommodation<\/h4>\n\n\n\n<ul class=\"wp-block-list\">\n<li><a rel=\"noreferrer noopener\" href=\"https:\/\/www.daft.ie\/\" target=\"_blank\">www.daft.ie<\/a><\/li>\n\n\n\n<li><a rel=\"noreferrer noopener\" href=\"https:\/\/www.rent.ie\/\" target=\"_blank\">www.rent.ie<\/a><\/li>\n\n\n\n<li><a href=\"https:\/\/www.myhome.ie\/\">www.myhome.ie<\/a><\/li>\n<\/ul>\n\n\n\n<h4 class=\"wp-block-heading\">Others<\/h4>\n\n\n\n<ul class=\"wp-block-list\">\n<li><a rel=\"noreferrer noopener\" href=\"https:\/\/www.transportforireland.ie\" target=\"_blank\">www.transportforireland.ie<\/a> &#8211; \u00d6PNV Irland<\/li>\n\n\n\n<li><a href=\"https:\/\/about.leapcard.ie\/\">Leap Card &#8211; Home<\/a> &#8211; Karte f\u00fcr verg\u00fcnstigte Tickets im \u00d6PNV<\/li>\n<\/ul>\n\n\n\n\n\n<div style=\"height:50px\" aria-hidden=\"true\" class=\"wp-block-spacer\"><\/div>\n<\/div><\/div>","protected":false},"excerpt":{"rendered":"<p>Irland Ein irisches Sprichwort besagt: \u201eEin Fremder ist ein Freund, dem man bisher noch nicht begegnet ist.\u201c Irland \u2013 die gr\u00fcne Insel im Atlantik mit mehr als Schafe, Kobolde mit T\u00f6pfen voll Gold und&nbsp; Pubs, in denen man frisch gezapftes Guinness bekommt! F\u00fcr viele ist Irland ein Traumziel.&nbsp;Und das, nicht nur weil die Insel landschaftlich [&hellip;]<\/p>","protected":false},"author":14,"featured_media":0,"parent":48,"menu_order":0,"comment_status":"closed","ping_status":"closed","template":"","meta":{"footnotes":""},"class_list":["post-369","page","type-page","status-publish","hentry"],"_links":{"self":[{"href":"https:\/\/erasmuspraktika.de\/en\/wp-json\/wp\/v2\/pages\/369"}],"collection":[{"href":"https:\/\/erasmuspraktika.de\/en\/wp-json\/wp\/v2\/pages"}],"about":[{"href":"https:\/\/erasmuspraktika.de\/en\/wp-json\/wp\/v2\/types\/page"}],"author":[{"embeddable":true,"href":"https:\/\/erasmuspraktika.de\/en\/wp-json\/wp\/v2\/users\/14"}],"replies":[{"embeddable":true,"href":"https:\/\/erasmuspraktika.de\/en\/wp-json\/wp\/v2\/comments?post=369"}],"version-history":[{"count":16,"href":"https:\/\/erasmuspraktika.de\/en\/wp-json\/wp\/v2\/pages\/369\/revisions"}],"predecessor-version":[{"id":38267,"href":"https:\/\/erasmuspraktika.de\/en\/wp-json\/wp\/v2\/pages\/369\/revisions\/38267"}],"up":[{"embeddable":true,"href":"https:\/\/erasmuspraktika.de\/en\/wp-json\/wp\/v2\/pages\/48"}],"wp:attachment":[{"href":"https:\/\/erasmuspraktika.de\/en\/wp-json\/wp\/v2\/media?parent=369"}],"curies":[{"name":"wp","href":"https:\/\/api.w.org\/{rel}","templated":true}]}}