{"id":37101,"date":"2022-08-15T14:28:03","date_gmt":"2022-08-15T12:28:03","guid":{"rendered":"https:\/\/erasmuspraktika.de\/?page_id=37101"},"modified":"2026-03-27T10:40:02","modified_gmt":"2026-03-27T09:40:02","slug":"abschlussunterlagen","status":"publish","type":"page","link":"https:\/\/erasmuspraktika.de\/en\/abschlussunterlagen\/","title":{"rendered":"final documents"},"content":{"rendered":"<div class=\"wp-block-group\"><div class=\"wp-block-group__inner-container is-layout-flow wp-block-group-is-layout-flow\">\n<h2 class=\"wp-block-heading\">Final documents in the ERASMUS+ programme<\/h2>\n\n\n\n<p class=\" translation-block\">Within <strong>30 days after completing the internship<\/strong>, you must submit the following documents to complete the process and to receive the last installment of the scholarship.<\/p>\n\n\n\n<p><strong>Werden die Abschlussunterlagen nicht vollst\u00e4ndig eingereicht, kann die bereits gezahlte F\u00f6rdersumme zur\u00fcckgefordert werden.<\/strong><\/p>\n\n\n\n<div class=\"wp-block-group umrandung-blau\"><div class=\"wp-block-group__inner-container is-layout-flow wp-block-group-is-layout-flow\">\n<h3 class=\"wp-block-heading\">Checklist for the final documents<\/h3>\n\n\n\n<ul class=\"wp-block-list\">\n<li><strong>Erasmus+ participant report <\/strong><strong>(online)<\/strong>\n<ul class=\"wp-block-list\">\n<li>You will receive an automatic invitation by the EU CORPORATE NORIFICATION SYSTEM at the end of your internship. <br><\/li>\n<\/ul>\n<\/li>\n<\/ul>\n\n\n\n<p class=\" translation-block\">The following documents need to be uploaded <strong> in the <a href=\"https:\/\/onlinebewerbung.erasmuspraktika.de\/en\" target=\"_self\">application dashboard<\/a> and send by mail <\/strong> to the address below (no originals necessary):<\/p>\n\n\n\n<ul start=\"2\" class=\"wp-block-list\">\n<li><strong>Internship report <\/strong>(informal, approx. 1-2 pages, signed)<br>content:\n<ul class=\"wp-block-list\">\n<li>Preparation (finding an internship\/accommodation, useful advice\/links)<\/li>\n\n\n\n<li>Host organisation (daily work routine, tasks, support, remuneration, language)<\/li>\n\n\n\n<li>Conclusion (overall experience; would you recommend the organisation\/institution to other interns?)<\/li>\n<\/ul>\n<\/li>\n\n\n\n<li><strong><a href=\"https:\/\/erasmuspraktika.de\/wordpress\/wp-content\/uploads\/2025\/04\/Learning_Agreement_AFTER_THE_MOBILITY_2025_1.pdf\" target=\"_blank\" rel=\"noreferrer noopener\">Learning Agreement_AFTER THE MOBILITY<\/a><\/strong><br>Please have the receiving organisation fill out and sign the form after the end of the internship (i.e. no earlier than on the last working day).<\/li>\n\n\n\n<li><strong><a href=\"https:\/\/erasmuspraktika.de\/wordpress\/wp-content\/uploads\/2024\/12\/Unternehmensfragebogen.pdf\" target=\"_blank\" rel=\"noreferrer noopener\">Company questionnaire<\/a><\/strong><br>To be filled out and signed by the company.<\/li>\n\n\n\n<li><strong><a href=\"https:\/\/erasmuspraktika.de\/wordpress\/wp-content\/uploads\/2026\/03\/Statement-of-Validation_blanko.pdf\">Statement of Validation<\/a><\/strong> (SoV)<br>After the end of the internship, please have the form filled out by the receiving organization and, in the case of a mandatory internship (ECTS involved), by the university.<\/li>\n\n\n\n<li class=\" translation-block\">In case of <strong>green travel<\/strong>: tickets, confirmation of carsharing, etc.<\/li>\n<\/ul>\n\n\n\n<p>Please send your documents to the following address:<\/p>\n\n\n\n<p><strong>a.i.m. rlp<\/strong><br>c\/o Hochschule Trier<br>Postfach 1826<br>54208 Trier<\/p>\n<\/div><\/div>\n<\/div><\/div>","protected":false},"excerpt":{"rendered":"<p>Abschlussunterlagen im Programm ERASMUS+ Innerhalb von 30 Tagen nach Beendigung des Praktikums m\u00fcssen Sie folgende Unterlagen einreichen, um den Prozess abzuschlie\u00dfen und die letzte Rate des Stipendiums zu erhalten. Werden die Abschlussunterlagen nicht vollst\u00e4ndig eingereicht, kann die bereits gezahlte F\u00f6rdersumme zur\u00fcckgefordert werden. Checkliste f\u00fcr die Abschlussunterlagen Folgende Unterlagen m\u00fcssen im Portal hochgeladen und per Post [&hellip;]<\/p>","protected":false},"author":14,"featured_media":0,"parent":0,"menu_order":0,"comment_status":"closed","ping_status":"closed","template":"","meta":{"footnotes":""},"class_list":["post-37101","page","type-page","status-publish","hentry"],"_links":{"self":[{"href":"https:\/\/erasmuspraktika.de\/en\/wp-json\/wp\/v2\/pages\/37101"}],"collection":[{"href":"https:\/\/erasmuspraktika.de\/en\/wp-json\/wp\/v2\/pages"}],"about":[{"href":"https:\/\/erasmuspraktika.de\/en\/wp-json\/wp\/v2\/types\/page"}],"author":[{"embeddable":true,"href":"https:\/\/erasmuspraktika.de\/en\/wp-json\/wp\/v2\/users\/14"}],"replies":[{"embeddable":true,"href":"https:\/\/erasmuspraktika.de\/en\/wp-json\/wp\/v2\/comments?post=37101"}],"version-history":[{"count":34,"href":"https:\/\/erasmuspraktika.de\/en\/wp-json\/wp\/v2\/pages\/37101\/revisions"}],"predecessor-version":[{"id":39076,"href":"https:\/\/erasmuspraktika.de\/en\/wp-json\/wp\/v2\/pages\/37101\/revisions\/39076"}],"wp:attachment":[{"href":"https:\/\/erasmuspraktika.de\/en\/wp-json\/wp\/v2\/media?parent=37101"}],"curies":[{"name":"wp","href":"https:\/\/api.w.org\/{rel}","templated":true}]}}