{"id":372,"date":"2020-12-14T18:43:20","date_gmt":"2020-12-14T17:43:20","guid":{"rendered":"https:\/\/onlinebewerbung.erasmuspraktika.de\/wordpress\/?page_id=372"},"modified":"2024-10-01T10:27:21","modified_gmt":"2024-10-01T08:27:21","slug":"italien","status":"publish","type":"page","link":"https:\/\/erasmuspraktika.de\/en\/programmlaender\/italien\/","title":{"rendered":"Italy"},"content":{"rendered":"<div class=\"wp-block-group\"><div class=\"wp-block-group__inner-container is-layout-flow wp-block-group-is-layout-flow\">\n<h2 class=\"wp-block-heading\">Italy<\/h2>\n\n\n\n<div class=\"wp-block-columns is-layout-flex wp-container-core-columns-is-layout-1 wp-block-columns-is-layout-flex\">\n<div class=\"wp-block-column is-layout-flow wp-block-column-is-layout-flow\">\n<figure class=\"wp-block-image size-large\"><img loading=\"lazy\" decoding=\"async\" width=\"1024\" height=\"678\" src=\"https:\/\/onlinebewerbung.erasmuspraktika.de\/wordpress\/wp-content\/uploads\/2020\/12\/Italien-1024x678.jpg\" alt=\"\" class=\"wp-image-373\" srcset=\"https:\/\/erasmuspraktika.de\/wordpress\/wp-content\/uploads\/2020\/12\/Italien-1024x678.jpg 1024w, https:\/\/erasmuspraktika.de\/wordpress\/wp-content\/uploads\/2020\/12\/Italien-300x199.jpg 300w, https:\/\/erasmuspraktika.de\/wordpress\/wp-content\/uploads\/2020\/12\/Italien-768x509.jpg 768w, https:\/\/erasmuspraktika.de\/wordpress\/wp-content\/uploads\/2020\/12\/Italien-1536x1017.jpg 1536w, https:\/\/erasmuspraktika.de\/wordpress\/wp-content\/uploads\/2020\/12\/Italien-2048x1356.jpg 2048w\" sizes=\"(max-width: 1024px) 100vw, 1024px\" \/><figcaption class=\"wp-element-caption\">View of the Vatican, Rome \u2013 Photo: Christopher Czermak<\/figcaption><\/figure>\n<\/div>\n\n\n\n<div class=\"wp-block-column is-layout-flow wp-block-column-is-layout-flow\">\n<p>A beautiful, multi-layered and different Italy - that's what you can discover if you get involved with this culturally rich country and its inhabitants, even away from tourism. Over thousands of years, Italian poets, thinkers, musicians, architects and painters have had a decisive influence on Europe and shaped Europe as we know it today. Not only in terms of the culinary diversity of Italian cuisine, but also today's legal system as well as the banking and higher education systems have their origins in Italy. There are well over 80 colleges, academies and universities for foreign students throughout Italy. Many of the study locations are known worldwide. This means that the country offers a wide range of educational opportunities. So a stay in Italy is particularly suitable to enjoy the wealth of culture and history, as well as to discover the beautiful landscapes, towns and villages with their special charm.<\/p>\n<\/div>\n<\/div>\n<\/div><\/div>\n\n\n\n<div class=\"wp-block-group hintergrund-blau\"><div class=\"wp-block-group__inner-container is-layout-flow wp-block-group-is-layout-flow\">\n<h3 class=\"wp-block-heading\">Heplful links<\/h3>\n\n\n\n<h4 class=\"wp-block-heading\">Jobs<\/h4>\n\n\n\n<ul class=\"wp-block-list\">\n<li><a href=\"https:\/\/www.jobbydoo.it\/lavoro-stage\" target=\"_blank\" rel=\"noreferrer noopener\">www.jobbydoo.it\/lavoro-stage<\/a><\/li>\n<\/ul>\n\n\n\n<h4 class=\"wp-block-heading\">Accommodation<\/h4>\n\n\n\n<ul class=\"wp-block-list\">\n<li><a rel=\"noreferrer noopener\" href=\"https:\/\/www.immobiliare.it\" target=\"_blank\">www.immobiliare.it<\/a><\/li>\n\n\n\n<li><a rel=\"noreferrer noopener\" href=\"https:\/\/www.subito.it\" target=\"_blank\">www.subito.it<\/a><\/li>\n\n\n\n<li><a rel=\"noreferrer noopener\" href=\"https:\/\/www.phosphoro.com\" target=\"_blank\">www.phosphoro.com<\/a><\/li>\n\n\n\n<li><a href=\"https:\/\/mioaffitto.it\/\">Appartamenti in affitto in Italia, Milano e Roma &#8211; Mioaffitto.it<\/a><\/li>\n\n\n\n<li><a rel=\"noreferrer noopener\" href=\"https:\/\/milanohousing.net\" target=\"_blank\">milanohousing.net<\/a> &#8211; Mailand<\/li>\n\n\n\n<li><a rel=\"noreferrer noopener\" href=\"https:\/\/www.spotahome.com\/de\" target=\"_blank\">www.spotahome.com\/de<\/a> &#8211; Mailand<\/li>\n<\/ul>\n\n\n\n<h4 class=\"wp-block-heading\">Others<\/h4>\n\n\n\n<ul class=\"wp-block-list\">\n<li><a href=\"https:\/\/www.trenitalia.com\/tcom-de\" target=\"_blank\" rel=\"noreferrer noopener\">www.trenitalia.com<\/a> &#8211; Zugnetz<\/li>\n<\/ul>\n\n\n\n\n\n<div style=\"height:50px\" aria-hidden=\"true\" class=\"wp-block-spacer\"><\/div>\n<\/div><\/div>","protected":false},"excerpt":{"rendered":"<p>Italien Ein wundersch\u00f6nes, vielschichtiges und anderes Italien &#8211; das ist es, was man entdecken kann, wenn man sich auch abseits vom Tourismus auf das kulturtr\u00e4chtige Land und seine Bewohner einl\u00e4sst. \u00dcber Jahrtausende hinweg haben italienische Dichter, Denker, Musiker, Architekten und Maler Europa entscheidend beeinflusst und das Europa, wie wir es heute kennen gepr\u00e4gt. Nicht nur [&hellip;]<\/p>","protected":false},"author":14,"featured_media":0,"parent":48,"menu_order":0,"comment_status":"closed","ping_status":"closed","template":"","meta":{"footnotes":""},"class_list":["post-372","page","type-page","status-publish","hentry"],"_links":{"self":[{"href":"https:\/\/erasmuspraktika.de\/en\/wp-json\/wp\/v2\/pages\/372"}],"collection":[{"href":"https:\/\/erasmuspraktika.de\/en\/wp-json\/wp\/v2\/pages"}],"about":[{"href":"https:\/\/erasmuspraktika.de\/en\/wp-json\/wp\/v2\/types\/page"}],"author":[{"embeddable":true,"href":"https:\/\/erasmuspraktika.de\/en\/wp-json\/wp\/v2\/users\/14"}],"replies":[{"embeddable":true,"href":"https:\/\/erasmuspraktika.de\/en\/wp-json\/wp\/v2\/comments?post=372"}],"version-history":[{"count":16,"href":"https:\/\/erasmuspraktika.de\/en\/wp-json\/wp\/v2\/pages\/372\/revisions"}],"predecessor-version":[{"id":38247,"href":"https:\/\/erasmuspraktika.de\/en\/wp-json\/wp\/v2\/pages\/372\/revisions\/38247"}],"up":[{"embeddable":true,"href":"https:\/\/erasmuspraktika.de\/en\/wp-json\/wp\/v2\/pages\/48"}],"wp:attachment":[{"href":"https:\/\/erasmuspraktika.de\/en\/wp-json\/wp\/v2\/media?parent=372"}],"curies":[{"name":"wp","href":"https:\/\/api.w.org\/{rel}","templated":true}]}}