{"id":37575,"date":"2023-06-22T18:51:21","date_gmt":"2023-06-22T16:51:21","guid":{"rendered":"https:\/\/erasmuspraktika.de\/?page_id=37575"},"modified":"2023-06-29T12:26:32","modified_gmt":"2023-06-29T10:26:32","slug":"erfahrungsbericht-irland-2021","status":"publish","type":"page","link":"https:\/\/erasmuspraktika.de\/en\/erfahrungsberichte\/erfahrungsbericht-irland-2021\/","title":{"rendered":"Erfahrungsbericht Irland 2021"},"content":{"rendered":"<div class=\"wp-block-group\"><div class=\"wp-block-group__inner-container is-layout-constrained wp-block-group-is-layout-constrained\">\n<p><em><a href=\"https:\/\/erasmuspraktika.de\/en\/erfahrungsberichte\/\">Internship reports<\/a><\/em><\/p>\n\n\n\n<h1 class=\"wp-block-heading\">Forschungspraktikum in Limerick, Irland<\/h1>\n\n\n\n<div><div class=\"tag\">6 Monate<\/div> <div class=\"tag\">Ireland<\/div> <div class=\"tag\">2021\/22<\/div> <div class=\"tag\">Sozialpsychologie<\/div><\/div>\n\n\n\n<p>Durch den Uni Trier Email-Verteiler wurde ich auf eine Online-Veranstaltung aufmerksam gemacht, in der \u00fcber ERASMUS Auslandspraktika informiert wurde. Motiviert durch die Veranstaltung, habe ich mich recht unkompliziert (und zun\u00e4chst komplett online) auf der ERASMUS Website f\u00fcr ein Auslandspraktikum angemeldet und vier Wunschl\u00e4nder angegeben, woraufhin ich Mail-Adressen von verschiedenen Universit\u00e4ten in den gew\u00e4hlten Wunschl\u00e4ndern erhielt. Da ich ein Forschungspraktikum im Sinn hatte, schaute ich mir die entsprechenden Websites der Universit\u00e4ten an und w\u00e4hlte die f\u00fcr mich interessantesten Forschungsthemen aus. <\/p>\n\n\n<div class=\"wp-block-image\">\n<figure class=\"alignleft size-large is-resized\"><img loading=\"lazy\" decoding=\"async\" src=\"https:\/\/erasmuspraktika.de\/wordpress\/wp-content\/uploads\/2022\/04\/DSC09758-min-1024x683.jpg\" alt=\"\" class=\"wp-image-1964\" width=\"512\" height=\"342\" srcset=\"https:\/\/erasmuspraktika.de\/wordpress\/wp-content\/uploads\/2022\/04\/DSC09758-min-1024x683.jpg 1024w, https:\/\/erasmuspraktika.de\/wordpress\/wp-content\/uploads\/2022\/04\/DSC09758-min-300x200.jpg 300w, https:\/\/erasmuspraktika.de\/wordpress\/wp-content\/uploads\/2022\/04\/DSC09758-min-768x512.jpg 768w, https:\/\/erasmuspraktika.de\/wordpress\/wp-content\/uploads\/2022\/04\/DSC09758-min-1536x1024.jpg 1536w, https:\/\/erasmuspraktika.de\/wordpress\/wp-content\/uploads\/2022\/04\/DSC09758-min-2048x1365.jpg 2048w, https:\/\/erasmuspraktika.de\/wordpress\/wp-content\/uploads\/2022\/04\/DSC09758-min-18x12.jpg 18w\" sizes=\"(max-width: 512px) 100vw, 512px\" \/><\/figure><\/div>\n\n\n<p>Ich habe mich f\u00fcr ein spannendes Themengebiet in der Sozialpsychologie entschieden, zu dem meine sp\u00e4tere Betreuerin aktuell an der Universit\u00e4t Limerick (UL) forscht und habe ihr einfach eine Mail geschrieben mit der Frage, ob sie ab Oktober eine Forschungspraktikantin\/-assistentin gebrauchen k\u00f6nne und welche Unterlagen sie in diesem Fall gern von mir h\u00e4tte. Also verfasste ich ein Motivationsschreiben, sowie einen Lebenslauf und suchte mir an der Universit\u00e4t Trier eine Dozentin, mit der ich m\u00f6glichst viele Seminare zusammen hatte, um mir von ihr ein Empfehlungsschreiben ausstellen zu lassen. Abschlie\u00dfend wurde ich von meiner sp\u00e4teren Betreuerin zu einem Kennenlerngespr\u00e4ch eingeladen, in dem wir klar unsere Erwartungen und Ziele ausgetauscht haben und grob die Rahmenbedingungen abgekl\u00e4rt (Arbeitszeit, Dauer, Start, Unterkunft etc.), bevor sie mir dann eine Zusage gab! <\/p>\n\n\n\n<p>Ich habe sie Ende Februar angeschrieben und w\u00fcrde immer empfehlen, gen\u00fcgend Zeit zwischen der Suche und dem tats\u00e4chlichen Start des Praktikums einzuplanen und eventuell abweichende Semestertermine\/-ferien zu bedenken. F\u00fcr ein m\u00f6glichst umfangreiches Praktikum mit vielen Einblicken, habe ich mich au\u00dferdem dazu entschieden, das komplette 7te Semester (also 6 Monate vom 1.10.2021 \u2013 31.03.2022) in Irland zu verbringen. Um es kurz vorwegzunehmen, das war die beste Entscheidung \u00fcberhaupt.<\/p>\n\n\n\n<h3 class=\"wp-block-heading\"><strong><strong>Vorbereitung und Anreise<\/strong><\/strong><\/h3>\n\n\n\n<p>Im Vorfeld habe ich auf Seiten wie <em>property.ie<\/em>, <em>rent.ie <\/em>oder mein Favorit <em>daft.ie <\/em>nach Wohnungen oder Zimmern gesucht. Da ich mit meinem Freund zusammen nach Irland aufgebrochen bin, hat sich eine Studierendenunterkunft (s. <em>accommodation.ul.ie<\/em>) in diesem Fall nicht angeboten. Zudem besteht in ganz Irland ein anhaltender Wohnungs- und Zimmermangel, der auch deutlich in Gespr\u00e4chen mit den Masterstudierenden an der UL zu sp\u00fcren war. Wie immer hei\u00dft es auch hier, fr\u00fch anfangen mit der Suche, gen\u00fcgend Geld einplanen und nach zus\u00e4tzlichen Finanzierungsm\u00f6glichkeiten umh\u00f6ren, wie zum Beispiel das AuslandsBAf\u00f6G, da die monatliche Zahlung des ERASMUS Programms (wie bei mir) vermutlich lediglich die Monatsmiete abdeckt. <\/p>\n\n\n<div class=\"wp-block-image\">\n<figure class=\"alignleft size-large is-resized\"><img loading=\"lazy\" decoding=\"async\" src=\"https:\/\/erasmuspraktika.de\/wordpress\/wp-content\/uploads\/2022\/04\/IMG_20220326_115447-min-1024x576.jpg\" alt=\"\" class=\"wp-image-1963\" width=\"545\" height=\"306\" srcset=\"https:\/\/erasmuspraktika.de\/wordpress\/wp-content\/uploads\/2022\/04\/IMG_20220326_115447-min-1024x576.jpg 1024w, https:\/\/erasmuspraktika.de\/wordpress\/wp-content\/uploads\/2022\/04\/IMG_20220326_115447-min-300x169.jpg 300w, https:\/\/erasmuspraktika.de\/wordpress\/wp-content\/uploads\/2022\/04\/IMG_20220326_115447-min-768x432.jpg 768w, https:\/\/erasmuspraktika.de\/wordpress\/wp-content\/uploads\/2022\/04\/IMG_20220326_115447-min-1536x864.jpg 1536w, https:\/\/erasmuspraktika.de\/wordpress\/wp-content\/uploads\/2022\/04\/IMG_20220326_115447-min-2048x1152.jpg 2048w, https:\/\/erasmuspraktika.de\/wordpress\/wp-content\/uploads\/2022\/04\/IMG_20220326_115447-min-18x10.jpg 18w\" sizes=\"(max-width: 545px) 100vw, 545px\" \/><\/figure><\/div>\n\n\n<p>Da wir auf Anhieb nichts finden konnten, haben wir f\u00fcr die ersten 14 Tage eine Unterkunft auf Airbnb gebucht und uns dann vor Ort zus\u00e4tzlich in den Lokalzeitungen nach Wohnungen umgeschaut. Letztendlich sind wir in einem wundersch\u00f6nen Cottage-Dorf in Puckaun gelandet (gefunden auf <em>daft.ie<\/em>), das jedoch mit dem Auto 40 Minuten von der Uni entfernt gelegen war. Zwar kommt man rund um Limerick g\u00fcnstig und schnell mit dem Bus voran, trotzdem ist es nat\u00fcrlich sch\u00f6ner in der N\u00e4he des Campus\u2018 zu wohnen und spontane Pub-Besuche mit Freund*innen mitzunehmen. Mit dem Auto sind wir im \u00dcbrigen auch nach Irland gereist und haben uns neben ein paar sch\u00f6nen St\u00e4dten auf dem Weg (Br\u00fcgge, Manchester..) ebenfalls zwei F\u00e4hren\u00fcberfahrten gegeben. Teuer aber fantastisch ist denke ich das Fazit hier.<\/p>\n\n\n\n<h3 class=\"wp-block-heading\"><strong><strong>Mein Alltag an der Universit\u00e4t Limerick<\/strong><\/strong><\/h3>\n\n\n\n<p>Nach einer kurzen Eingew\u00f6hnungsphase, in der ich mich haupts\u00e4chlich in relevante Literatur eingelesen habe, an einem Masterseminar teilgenommen und in verschiedenen Forschungslaboren vorgestellt wurde, ging es los mit der Arbeit an Projekten. Darunter waren auch zwei Projekte, in denen ich die F\u00fchrung \u00fcbernahm und neben Recherche und Datenanalyse, ebenfalls w\u00f6chentliche Treffen mit allen Beteiligten wahrnahm. <\/p>\n\n\n<div class=\"wp-block-image\">\n<figure class=\"alignleft size-large is-resized\"><img loading=\"lazy\" decoding=\"async\" src=\"https:\/\/erasmuspraktika.de\/wordpress\/wp-content\/uploads\/2022\/04\/DSC09744-min-1024x683.jpg\" alt=\"\" class=\"wp-image-1962\" width=\"600\" height=\"400\" srcset=\"https:\/\/erasmuspraktika.de\/wordpress\/wp-content\/uploads\/2022\/04\/DSC09744-min-1024x683.jpg 1024w, https:\/\/erasmuspraktika.de\/wordpress\/wp-content\/uploads\/2022\/04\/DSC09744-min-300x200.jpg 300w, https:\/\/erasmuspraktika.de\/wordpress\/wp-content\/uploads\/2022\/04\/DSC09744-min-768x512.jpg 768w, https:\/\/erasmuspraktika.de\/wordpress\/wp-content\/uploads\/2022\/04\/DSC09744-min-1536x1024.jpg 1536w, https:\/\/erasmuspraktika.de\/wordpress\/wp-content\/uploads\/2022\/04\/DSC09744-min-2048x1365.jpg 2048w, https:\/\/erasmuspraktika.de\/wordpress\/wp-content\/uploads\/2022\/04\/DSC09744-min-18x12.jpg 18w\" sizes=\"(max-width: 600px) 100vw, 600px\" \/><\/figure><\/div>\n\n\n<p>Fast nebenbei konnte ich mich in das Statistikprogramm R einarbeiten, Grundlagen in Python lernen (gratis Kurs an der Uni) und wie man Netzwerkmodelle erstellt. Die Motivation daf\u00fcr kam zum Gro\u00dfteil aus mir. Ich h\u00e4tte das definitiv nicht in dem Ausma\u00df lernen <em>m\u00fcssen <\/em>und h\u00e4tte jederzeit auch andere Projekte \u00fcbernehmen k\u00f6nnen, die weniger mit dem Programmieren zu tun haben. Ich habe im Alltag eigentlich kein Deutsch gesprochen, au\u00dfer ab und zu mit meiner Betreuerin (die zuf\u00e4llig auch aus Deutschland kam) und meinem Freund. <\/p>\n\n\n\n<p>Durch das Masterseminar am Anfang habe ich Kontakt zu den Masterstudierenden an der Psychologie aufgenommen und bin bei einem Abend im Pub meinen sp\u00e4teren Freund*innen begegnet, mit denen ich ab da an viel unternommen habe. Die Forschungslabore behandelten au\u00dferdem verschiedenste Themen wie Sozialkognition, soziale Identit\u00e4ten, soziale Dynamiken und vieles mehr. Sie fanden oftmals einmal pro Woche statt und zu jedem Treffen hat die ganze Gruppe (bestehend aus Forschenden und Doktorand*innen oder Postdocs) aktuelle Paper gelesen und sie anschlie\u00dfend im Plenum diskutiert. In einem dieser Labore konnte ich mir durch eine Pr\u00e4sentation, Feedback zur weiteren Bearbeitung eines Projektes holen. Dazu kamen dann noch kleinere Aufgaben, wie z.B. das Anfertigen gemeinsamer Arbeitsdokumente, Kurzfilme schauen und diskutieren f\u00fcr ein Bachelor-Seminar und die Leitung eines Projektstandes w\u00e4hrend der <em>Science Week<\/em>, bei dem ich mit Grundschulkindern ein Experiment zur Unzuverl\u00e4ssigkeit von Augenzeugenberichten durchf\u00fchrte. Ich konnte mir meine Zeit, bis auf die festen Meetings, eigentlich frei einteilen und habe mich dann jeden Freitag online mit meiner Betreuerin getroffen, um kurz die Woche zu reflektieren.<\/p>\n\n\n<div class=\"wp-block-image\">\n<figure class=\"alignleft size-large is-resized\"><img loading=\"lazy\" decoding=\"async\" src=\"https:\/\/erasmuspraktika.de\/wordpress\/wp-content\/uploads\/2022\/04\/IMG_20220125_111035-min-1024x576.jpg\" alt=\"\" class=\"wp-image-1961\" width=\"588\" height=\"330\" srcset=\"https:\/\/erasmuspraktika.de\/wordpress\/wp-content\/uploads\/2022\/04\/IMG_20220125_111035-min-1024x576.jpg 1024w, https:\/\/erasmuspraktika.de\/wordpress\/wp-content\/uploads\/2022\/04\/IMG_20220125_111035-min-300x169.jpg 300w, https:\/\/erasmuspraktika.de\/wordpress\/wp-content\/uploads\/2022\/04\/IMG_20220125_111035-min-768x432.jpg 768w, https:\/\/erasmuspraktika.de\/wordpress\/wp-content\/uploads\/2022\/04\/IMG_20220125_111035-min-1536x864.jpg 1536w, https:\/\/erasmuspraktika.de\/wordpress\/wp-content\/uploads\/2022\/04\/IMG_20220125_111035-min-2048x1152.jpg 2048w, https:\/\/erasmuspraktika.de\/wordpress\/wp-content\/uploads\/2022\/04\/IMG_20220125_111035-min-18x10.jpg 18w\" sizes=\"(max-width: 588px) 100vw, 588px\" \/><\/figure><\/div>\n\n\n<p>Apropos online.. bedingt durch Covid-19 war es mir in der ersten Zeit (Oktober bis Januar) kaum m\u00f6glich an der Uni zu arbeiten, was aber durch die vielen Campingausfl\u00fcge und St\u00e4dtetrips nicht allzu sehr ins Gewicht fiel. Ab Februar schlich sich ein angenehmes \u201eNormalit\u00e4tsgef\u00fchl\u201c beim Kaffeetrinken mit Kolleg*innen und gemeinsamen Mittagspausen ein. <\/p>\n\n\n\n<p>Eine Verg\u00fctung bekam ich f\u00fcr die Zeit im Praktikum nicht. Allerdings wurde mir eine bezahlte Stelle auf Stundenbasis an der UL angeboten, um die angefangenen Projekte abzuschlie\u00dfen, die ich nach so einer langen Zeit nat\u00fcrlich auch ungern an jemand anderes abgeben wollte.<\/p>\n\n\n\n<h3 class=\"wp-block-heading\"><strong><strong>Fazit<\/strong><\/strong><\/h3>\n\n\n\n<p>Das war das beste, intensivste und lehrreichste Praktikum, das ich bisher erleben durfte. Alle Kolleg*innen waren uneingeschr\u00e4nkt hilfreich, wertsch\u00e4tzend und kompetent. Ich bin mir sicher, dass die Arbeitsbeziehungen und Freundschaften nicht mit meiner R\u00fcckkehr nach Deutschland enden und freue mich unheimlich auf die n\u00e4chsten Monate und die daraus entstehenden Publikationen. <\/p>\n\n\n<div class=\"wp-block-image\">\n<figure class=\"alignleft size-large is-resized\"><img loading=\"lazy\" decoding=\"async\" src=\"https:\/\/erasmuspraktika.de\/wordpress\/wp-content\/uploads\/2022\/04\/DSC09410-min-1024x683.jpg\" alt=\"\" class=\"wp-image-1960\" width=\"512\" height=\"342\" srcset=\"https:\/\/erasmuspraktika.de\/wordpress\/wp-content\/uploads\/2022\/04\/DSC09410-min-1024x683.jpg 1024w, https:\/\/erasmuspraktika.de\/wordpress\/wp-content\/uploads\/2022\/04\/DSC09410-min-300x200.jpg 300w, https:\/\/erasmuspraktika.de\/wordpress\/wp-content\/uploads\/2022\/04\/DSC09410-min-768x512.jpg 768w, https:\/\/erasmuspraktika.de\/wordpress\/wp-content\/uploads\/2022\/04\/DSC09410-min-1536x1024.jpg 1536w, https:\/\/erasmuspraktika.de\/wordpress\/wp-content\/uploads\/2022\/04\/DSC09410-min-2048x1365.jpg 2048w, https:\/\/erasmuspraktika.de\/wordpress\/wp-content\/uploads\/2022\/04\/DSC09410-min-18x12.jpg 18w\" sizes=\"(max-width: 512px) 100vw, 512px\" \/><\/figure><\/div>\n\n\n<p>Ich habe in der Zeit sehr viel \u00fcber mich und meine Arbeitsweisen gelernt und bin definitiv daran gewachsen. Beispielsweise besteht nun auch kein Zweifel mehr daran, dass ich in der Forschung t\u00e4tig sein m\u00f6chte und die n\u00e4chsten Schritte dazu sind (auch teilweise durch das Praktikum und hervorragende Referenzen) in greifbarer N\u00e4he. <\/p>\n\n\n\n<p>Dar\u00fcber hinaus ist Irland der Wahnsinn und nicht nur bekannt f\u00fcr die endlosen Wiesen, K\u00fche, Schafe, Regenb\u00f6gen und Kleebl\u00e4tter, sondern au\u00dferdem ein Surfer*innenparadies. Es bietet sogar M\u00f6glichkeiten f\u00fcr Wildv\u00f6gel- und Walbeobachtungen! Die einzige Empfehlung zum Schluss: Irland ist im Sommer sicher noch sch\u00f6ner als im Herbst\/Winter und trotzdem blicke ich schon jetzt nostalgisch auf die Zeit zur\u00fcck.<\/p>\n\n\n\n<div class=\"wp-block-buttons is-layout-flex wp-block-buttons-is-layout-flex\">\n<div class=\"wp-block-button\"><a class=\"wp-block-button__link wp-element-button\" href=\"https:\/\/erasmuspraktika.de\/en\/erfahrungsberichte\/\">Weitere Erfahrungsberichte lesen<\/a><\/div>\n<\/div>\n<\/div><\/div>","protected":false},"excerpt":{"rendered":"<p>Erfahrungsberichte Forschungspraktikum in Limerick, Irland 6 Monate Irland 2021\/22 Sozialpsychologie Durch den Uni Trier Email-Verteiler wurde ich auf eine Online-Veranstaltung aufmerksam gemacht, in der \u00fcber ERASMUS Auslandspraktika informiert wurde. Motiviert durch die Veranstaltung, habe ich mich recht unkompliziert (und zun\u00e4chst komplett online) auf der ERASMUS Website f\u00fcr ein Auslandspraktikum angemeldet und vier Wunschl\u00e4nder angegeben, woraufhin [&hellip;]<\/p>","protected":false},"author":14,"featured_media":0,"parent":1895,"menu_order":0,"comment_status":"closed","ping_status":"closed","template":"","meta":{"footnotes":""},"class_list":["post-37575","page","type-page","status-publish","hentry"],"_links":{"self":[{"href":"https:\/\/erasmuspraktika.de\/en\/wp-json\/wp\/v2\/pages\/37575"}],"collection":[{"href":"https:\/\/erasmuspraktika.de\/en\/wp-json\/wp\/v2\/pages"}],"about":[{"href":"https:\/\/erasmuspraktika.de\/en\/wp-json\/wp\/v2\/types\/page"}],"author":[{"embeddable":true,"href":"https:\/\/erasmuspraktika.de\/en\/wp-json\/wp\/v2\/users\/14"}],"replies":[{"embeddable":true,"href":"https:\/\/erasmuspraktika.de\/en\/wp-json\/wp\/v2\/comments?post=37575"}],"version-history":[{"count":4,"href":"https:\/\/erasmuspraktika.de\/en\/wp-json\/wp\/v2\/pages\/37575\/revisions"}],"predecessor-version":[{"id":37707,"href":"https:\/\/erasmuspraktika.de\/en\/wp-json\/wp\/v2\/pages\/37575\/revisions\/37707"}],"up":[{"embeddable":true,"href":"https:\/\/erasmuspraktika.de\/en\/wp-json\/wp\/v2\/pages\/1895"}],"wp:attachment":[{"href":"https:\/\/erasmuspraktika.de\/en\/wp-json\/wp\/v2\/media?parent=37575"}],"curies":[{"name":"wp","href":"https:\/\/api.w.org\/{rel}","templated":true}]}}