{"id":37583,"date":"2023-06-22T19:15:34","date_gmt":"2023-06-22T17:15:34","guid":{"rendered":"https:\/\/erasmuspraktika.de\/?page_id=37583"},"modified":"2023-06-29T12:30:30","modified_gmt":"2023-06-29T10:30:30","slug":"erfahrungsbericht-ungarn-2021","status":"publish","type":"page","link":"https:\/\/erasmuspraktika.de\/en\/erfahrungsberichte\/erfahrungsbericht-ungarn-2021\/","title":{"rendered":"Erfahrungsbericht Ungarn 2021"},"content":{"rendered":"<div class=\"wp-block-group\"><div class=\"wp-block-group__inner-container is-layout-constrained wp-block-group-is-layout-constrained\">\n<p><em><a href=\"https:\/\/erasmuspraktika.de\/en\/erfahrungsberichte\/\">Internship reports<\/a><\/em><\/p>\n\n\n\n<h1 class=\"wp-block-heading\">Praktikum bei einer NRO zu Klimaschutz und Klimawandel<\/h1>\n\n\n\n<div><div class=\"tag\">3 Monate<\/div> <div class=\"tag\">Hungary<\/div> <div class=\"tag\">2021<\/div> <div class=\"tag\">Klimaschutz und Klimaanpassung<\/div><\/div>\n\n\n\n<h3 class=\"wp-block-heading\"><strong><strong>Einleitung<\/strong><\/strong><\/h3>\n\n\n\n<p>Im Zuge meines Bachelorstudiums Klimaschutz und Klimaanpassung ist eine dreimonatige Praxisphase vorgesehen, welche ich mich entschloss, im Ausland zu absolvieren.<br><\/p>\n\n\n<div class=\"wp-block-image\">\n<figure class=\"alignleft size-large is-resized\"><img loading=\"lazy\" decoding=\"async\" src=\"https:\/\/erasmuspraktika.de\/wordpress\/wp-content\/uploads\/2022\/05\/image-1-1024x576.png\" alt=\"\" class=\"wp-image-2040\" width=\"512\" height=\"288\" srcset=\"https:\/\/erasmuspraktika.de\/wordpress\/wp-content\/uploads\/2022\/05\/image-1-1024x576.png 1024w, https:\/\/erasmuspraktika.de\/wordpress\/wp-content\/uploads\/2022\/05\/image-1-300x169.png 300w, https:\/\/erasmuspraktika.de\/wordpress\/wp-content\/uploads\/2022\/05\/image-1-768x432.png 768w, https:\/\/erasmuspraktika.de\/wordpress\/wp-content\/uploads\/2022\/05\/image-1-18x10.png 18w, https:\/\/erasmuspraktika.de\/wordpress\/wp-content\/uploads\/2022\/05\/image-1.png 1387w\" sizes=\"(max-width: 512px) 100vw, 512px\" \/><figcaption class=\"wp-element-caption\"><em>Sitzungssaal im Parlament in Budapest, Foto privat<\/em><\/figcaption><\/figure><\/div>\n\n\n<p>Das Hauptkriterium f\u00fcr die Wahl des Landes war, eine neue Kultur kennenzulernen und auch die Landessprache sollte mir noch unbekannt sein. Au\u00dferdem wollte ich gerne in Europa bleiben, um die Arbeit in der EU besser kennenzulernen. Nach der Kontaktierung verschiedener Unternehmen und Nichtregierungsorganisationen (NROs) im Umweltschutz entschied ich mich f\u00fcr ein Praktikum bei der NRO CEEweb for Biodiversity in Budapest, Ungarn. Dort arbeitete ich drei Monate vom 1. September bis zum 30. November 2021 im Klimaschutz an dem Projekt \u201eGame On! Don\u2019t let climate change end the game!\u201c mit.<\/p>\n\n\n\n<h3 class=\"wp-block-heading\"><strong><strong>Vorbereitung und n\u00fctzliche Tipps<\/strong><\/strong><\/h3>\n\n\n\n<p>Meiner Erfahrung nach sind Initiativbewerbungen in der Regel gerne gesehen und wenn man im Vorhinein schon mal eine nette Anfrage mit kurzer Vorstellung schreibt, spart man sich auch jede Menge Arbeit an Bewerbungsschreiben. Nat\u00fcrlich ist es gut, schon fr\u00fch mit der Planung anzufangen, ein halbes Jahr im Voraus war f\u00fcr mich passend, um als Freemover mein Praktikum selbst zu organisieren. Wenn man sich auf Stellenausschreibungen im Ausland bewerben m\u00f6chte, sollte man eventuell zwei bis drei Monate mehr einplanen, um den Fristen gerecht zu werden.<\/p>\n\n\n<div class=\"wp-block-image\">\n<figure class=\"alignleft size-large is-resized\"><img loading=\"lazy\" decoding=\"async\" src=\"https:\/\/erasmuspraktika.de\/wordpress\/wp-content\/uploads\/2022\/05\/image-2-1024x576.png\" alt=\"\" class=\"wp-image-2041\" width=\"512\" height=\"288\" srcset=\"https:\/\/erasmuspraktika.de\/wordpress\/wp-content\/uploads\/2022\/05\/image-2-1024x576.png 1024w, https:\/\/erasmuspraktika.de\/wordpress\/wp-content\/uploads\/2022\/05\/image-2-300x169.png 300w, https:\/\/erasmuspraktika.de\/wordpress\/wp-content\/uploads\/2022\/05\/image-2-768x432.png 768w, https:\/\/erasmuspraktika.de\/wordpress\/wp-content\/uploads\/2022\/05\/image-2-18x10.png 18w, https:\/\/erasmuspraktika.de\/wordpress\/wp-content\/uploads\/2022\/05\/image-2.png 1387w\" sizes=\"(max-width: 512px) 100vw, 512px\" \/><figcaption class=\"wp-element-caption\"><em>In der Tram, Foto privat<\/em><\/figcaption><\/figure><\/div>\n\n\n<p>Die Wohnungssuche in Ungarn hat sich als kompliziert herausgestellt. Da ich in Deutschland schon seit f\u00fcnf Jahren in einer WG wohne und sich das immer als sehr kommunikativ erwiesen hat, plante ich auch in Budapest in eine WG zu ziehen, um mit den Ungarn m\u00f6glichst viel in Kontakt zu kommen und auch richtigen Kulturaustausch zu erleben. W\u00e4hrend in Deutschland WG-gesucht.de einen wunderbaren \u00dcberblick \u00fcber freie Zimmer liefert, hat Ungarn keine derartige Website. Die g\u00e4ngigen Seiten waren f\u00fcr Langzeitmiete und meistens f\u00fcr ganze Wohnungen und dementsprechend teuer. Die L\u00f6sung dazu ist Facebook, wo man in verschiedenen Gruppen nach Inseraten suchen kann, die ein Zimmer anbieten. Nach langer Suche fand ich dann auch eine drei-Personen WG mit guter Lage und Preis.<\/p>\n\n\n\n<p>Mit gro\u00dfer Entt\u00e4uschung musste ich leider feststellen, dass die WG in Ungarn nicht mit Deutschland zu vergleichen war. Letztendendes war die Situation so unangenehm, dass ich nach anderthalb Monaten auszog und die restliche Zeit in einem Hostel verbrachte. Bei Gespr\u00e4chen mit anderen Ungarn hat sich herausgestellt, dass ich zwar auf besonders unsoziale Mitbewohner gesto\u00dfen war, das WG-Leben in Ungarn aber generell nicht so kommunikativ wie in Deutschland ist und mehr zu Zweck-Gemeinschaften tendiert wird. Demnach kann ich nicht wirklich zu WGs mit Anwohnern in Ungarn raten, vielmehr ist es sinnvoll, sich rechtzeitig um einen Platz in einem AirBnB zu k\u00fcmmern, selbst wenn dieser teurer sein sollte, oder eine WG mit anderen Internationalen zu w\u00e4hlen.<\/p>\n\n\n\n<h3 class=\"wp-block-heading\"><strong><strong>Kultur<\/strong><\/strong><\/h3>\n\n\n\n<p>Anders als meine Mitbewohner waren meine Kollegen sehr freundlich, h\u00f6flich und hilfsbereit und haben mich direkt ins Team integriert. Ich w\u00fcrde die Kultur allgemein als sehr h\u00f6flich, ruhig und zu Fremden eher distanziert einsch\u00e4tzen. Anders als in s\u00fcdlichen L\u00e4ndern gibt es hier kein Hupen auf den Stra\u00dfen, keine lauten Ausrufe, aber auch weniger l\u00e4chelnde Begr\u00fc\u00dfungen im Alltag. Die Ungarn, die ich besser kennen lernen durfte, waren daf\u00fcr sehr gastfreundlich und lieb.<\/p>\n\n\n\n<figure class=\"wp-block-image size-large is-resized\"><img loading=\"lazy\" decoding=\"async\" src=\"https:\/\/erasmuspraktika.de\/wordpress\/wp-content\/uploads\/2022\/05\/image-3-1024x576.png\" alt=\"\" class=\"wp-image-2042\" width=\"512\" height=\"288\" srcset=\"https:\/\/erasmuspraktika.de\/wordpress\/wp-content\/uploads\/2022\/05\/image-3-1024x576.png 1024w, https:\/\/erasmuspraktika.de\/wordpress\/wp-content\/uploads\/2022\/05\/image-3-300x169.png 300w, https:\/\/erasmuspraktika.de\/wordpress\/wp-content\/uploads\/2022\/05\/image-3-768x432.png 768w, https:\/\/erasmuspraktika.de\/wordpress\/wp-content\/uploads\/2022\/05\/image-3-18x10.png 18w, https:\/\/erasmuspraktika.de\/wordpress\/wp-content\/uploads\/2022\/05\/image-3.png 1387w\" sizes=\"(max-width: 512px) 100vw, 512px\" \/><figcaption class=\"wp-element-caption\"><em>Budapest, Ausblick auf rechte Seite der Donau (Pest), Foto privat<\/em><\/figcaption><\/figure>\n\n\n\n<h3 class=\"wp-block-heading\"><strong><strong>Gastunternehmen<\/strong><\/strong><\/h3>\n\n\n\n<p>CEEweb ist eine sehr engagierte internationale Organisation, die ich uneingeschr\u00e4nkt als Praktikumsplatz weiterempfehlen kann. Meine Aufgaben waren vielseitig und n\u00fctzlich und ich hatte das Gef\u00fchl, mich sehr gut einbringen zu k\u00f6nnen. Von Beginn an wurde ich sofort in die Arbeit integriert, meine Meinung wurde zu vielen Aspekten erfragt, ber\u00fccksichtigt und wertgesch\u00e4tzt. Verg\u00fctung kann die NRO nicht anbieten, da die eigene Finanzierung auf F\u00f6rdermitteln beruht und diese nur begrenzt vorhanden sind. Die Arbeitssprache bei CEEweb ist Englisch, wenngleich fast alle Mitarbeiter Ungarn sind.<\/p>\n\n\n<div class=\"wp-block-image\">\n<figure class=\"alignleft size-large is-resized\"><img loading=\"lazy\" decoding=\"async\" src=\"https:\/\/erasmuspraktika.de\/wordpress\/wp-content\/uploads\/2022\/05\/image-4-1024x576.png\" alt=\"\" class=\"wp-image-2043\" width=\"512\" height=\"288\" srcset=\"https:\/\/erasmuspraktika.de\/wordpress\/wp-content\/uploads\/2022\/05\/image-4-1024x576.png 1024w, https:\/\/erasmuspraktika.de\/wordpress\/wp-content\/uploads\/2022\/05\/image-4-300x169.png 300w, https:\/\/erasmuspraktika.de\/wordpress\/wp-content\/uploads\/2022\/05\/image-4-768x432.png 768w, https:\/\/erasmuspraktika.de\/wordpress\/wp-content\/uploads\/2022\/05\/image-4-18x10.png 18w, https:\/\/erasmuspraktika.de\/wordpress\/wp-content\/uploads\/2022\/05\/image-4.png 1387w\" sizes=\"(max-width: 512px) 100vw, 512px\" \/><figcaption class=\"wp-element-caption\"><em>Budapest, Ausblick auf linke Seite der Donau (Buda), Foto privat<\/em><\/figcaption><\/figure><\/div>\n\n\n<p>Zwar kann ich spezifisch von meinen Aufgaben berichten, allerdings kann man diese nicht f\u00fcr andere Praktika bei CEEweb generalisieren, da jedes Projekt einzigartig ist und die Aufgaben damit stark variieren, sogar schon im Rahmen eines einzelnen Projektes je nach Umsetzungsphase. Ich habe w\u00e4hrend meiner Zeit dort viel Recherche betrieben, Texte geschrieben, Videos gefilmt, \u00d6ffentlichkeitsarbeit betrieben sowie bei der Planung und Umsetzung von Veranstaltungen mitgewirkt. Die Arbeitsmenge war immer ad\u00e4quat zu den Arbeitszeiten, sodass alles gut zu bew\u00e4ltigen war, man sich aber nie langweilen musste. In meinem Projekt war die Arbeitszeit flexibel, aber im Grunde genommen ging ein Arbeitstag von neun Uhr morgens bis f\u00fcnf Uhr abends. Die Betreuung war exzellent, alle Aufgaben wurden klar kommuniziert und auf Nachfragen immer mit Erkl\u00e4rungen reagiert. Abgesehen von meinem Vorgesetzten waren noch zwei andere direkte Ansprechpartner f\u00fcr mich in der Organisation, welche ich bei Problemen auch h\u00e4tte kontaktieren k\u00f6nnen.<\/p>\n\n\n\n<h3 class=\"wp-block-heading\"><strong><strong>Fazit<\/strong><\/strong><\/h3>\n\n\n\n<p>W\u00e4hrend meines Praktikums habe ich sehr viel gelernt, sowohl bei CEEweb \u00fcber die Arbeit von NROs und EU-Projekten als auch au\u00dferhalb der Organisation, kulturell \u00fcber Land und Leute. Ich kann ein Praktikum hier durchaus empfehlen, Budapest ist eine sch\u00f6ne Stadt, Ungarisch eine faszinierende bis schon fast lustige Sprache und CEEweb ist ein sehr angenehmes Unternehmen. Generell sind Auslandsaufenthalte grunds\u00e4tzlich immer lehrreich und f\u00fcr mich war es eine gute M\u00f6glichkeit, in den Kulturraum Osteuropas Einblick zu gewinnen.<\/p>\n\n\n\n<figure class=\"wp-block-image size-large is-resized\"><img loading=\"lazy\" decoding=\"async\" src=\"https:\/\/erasmuspraktika.de\/wordpress\/wp-content\/uploads\/2022\/05\/image-5-1024x576.png\" alt=\"\" class=\"wp-image-2044\" width=\"512\" height=\"288\" srcset=\"https:\/\/erasmuspraktika.de\/wordpress\/wp-content\/uploads\/2022\/05\/image-5-1024x576.png 1024w, https:\/\/erasmuspraktika.de\/wordpress\/wp-content\/uploads\/2022\/05\/image-5-300x169.png 300w, https:\/\/erasmuspraktika.de\/wordpress\/wp-content\/uploads\/2022\/05\/image-5-768x432.png 768w, https:\/\/erasmuspraktika.de\/wordpress\/wp-content\/uploads\/2022\/05\/image-5-18x10.png 18w, https:\/\/erasmuspraktika.de\/wordpress\/wp-content\/uploads\/2022\/05\/image-5.png 1387w\" sizes=\"(max-width: 512px) 100vw, 512px\" \/><figcaption class=\"wp-element-caption\"><em>Donauknie bei Visegr\u00e1d, Foto privat<\/em><\/figcaption><\/figure>\n\n\n\n<div class=\"wp-block-buttons is-layout-flex wp-block-buttons-is-layout-flex\">\n<div class=\"wp-block-button\"><a class=\"wp-block-button__link wp-element-button\" href=\"https:\/\/erasmuspraktika.de\/en\/erfahrungsberichte\/\">Weitere Erfahrungsberichte lesen<\/a><\/div>\n<\/div>\n<\/div><\/div>","protected":false},"excerpt":{"rendered":"<p>Erfahrungsberichte Praktikum bei einer NRO zu Klimaschutz und Klimawandel 3 Monate Ungarn 2021 Klimaschutz und Klimaanpassung Einleitung Im Zuge meines Bachelorstudiums Klimaschutz und Klimaanpassung ist eine dreimonatige Praxisphase vorgesehen, welche ich mich entschloss, im Ausland zu absolvieren. Das Hauptkriterium f\u00fcr die Wahl des Landes war, eine neue Kultur kennenzulernen und auch die Landessprache sollte mir [&hellip;]<\/p>","protected":false},"author":14,"featured_media":0,"parent":1895,"menu_order":0,"comment_status":"closed","ping_status":"closed","template":"","meta":{"footnotes":""},"class_list":["post-37583","page","type-page","status-publish","hentry"],"_links":{"self":[{"href":"https:\/\/erasmuspraktika.de\/en\/wp-json\/wp\/v2\/pages\/37583"}],"collection":[{"href":"https:\/\/erasmuspraktika.de\/en\/wp-json\/wp\/v2\/pages"}],"about":[{"href":"https:\/\/erasmuspraktika.de\/en\/wp-json\/wp\/v2\/types\/page"}],"author":[{"embeddable":true,"href":"https:\/\/erasmuspraktika.de\/en\/wp-json\/wp\/v2\/users\/14"}],"replies":[{"embeddable":true,"href":"https:\/\/erasmuspraktika.de\/en\/wp-json\/wp\/v2\/comments?post=37583"}],"version-history":[{"count":10,"href":"https:\/\/erasmuspraktika.de\/en\/wp-json\/wp\/v2\/pages\/37583\/revisions"}],"predecessor-version":[{"id":37710,"href":"https:\/\/erasmuspraktika.de\/en\/wp-json\/wp\/v2\/pages\/37583\/revisions\/37710"}],"up":[{"embeddable":true,"href":"https:\/\/erasmuspraktika.de\/en\/wp-json\/wp\/v2\/pages\/1895"}],"wp:attachment":[{"href":"https:\/\/erasmuspraktika.de\/en\/wp-json\/wp\/v2\/media?parent=37583"}],"curies":[{"name":"wp","href":"https:\/\/api.w.org\/{rel}","templated":true}]}}