{"id":37624,"date":"2023-06-29T11:07:49","date_gmt":"2023-06-29T09:07:49","guid":{"rendered":"https:\/\/erasmuspraktika.de\/?page_id=37624"},"modified":"2023-06-29T12:36:21","modified_gmt":"2023-06-29T10:36:21","slug":"erfahrungsbericht-irland-2022","status":"publish","type":"page","link":"https:\/\/erasmuspraktika.de\/en\/erfahrungsberichte\/erfahrungsbericht-irland-2022\/","title":{"rendered":"Erfahrungsbericht Irland 2022"},"content":{"rendered":"<div class=\"wp-block-group\"><div class=\"wp-block-group__inner-container is-layout-constrained wp-block-group-is-layout-constrained\">\n<p><em><a href=\"https:\/\/erasmuspraktika.de\/en\/erfahrungsberichte\/\">Internship reports<\/a><\/em><\/p>\n\n\n\n<h1 class=\"wp-block-heading\">Auslandspraktikum im Ozanam House, Dublin<\/h1>\n\n\n\n<div><div class=\"tag\">2 Monate<\/div> <div class=\"tag\">Ireland<\/div> <div class=\"tag\">2022<\/div> <div class=\"tag\">Sozialarbeit<\/div><\/div>\n\n\n\n<h3 class=\"wp-block-heading\">Vorbereitung<\/h3>\n\n\n\n<p>Die Frage \u201eWie bist du auf das Praktikum im Ozanam House in Dublin gekommen?\u201c l\u00e4sst sich relativ leicht beantworten. Seitdem ich vor ein paar Jahren schon Auslandserfahrung sammeln durfte, war immer mein Wunsch noch einmal f\u00fcr eine l\u00e4ngere Zeit ins Ausland zu gehen. Anhand weniger praxisbezogener Module in meinem Studium schien ein Einblick in eine weitere soziale Organisation eine gute M\u00f6glichkeit mehr praktische Erfahrung zu sammeln. Das Praktikum im Ausland \u2013 zwei Fliegen mit einer Klappe. Mein Entschluss stand fest, doch ab dann summierten sich die Fragen: Welches Land ist f\u00fcr mein Auslandspraktikum zwecks Sprache, Visum, etc. am g\u00fcnstigsten? Wie kann ich ein Praktikum im Ausland finanzieren? Gibt es eine Organisation, die mich w\u00e4hrend des Aufenthaltes unterst\u00fctzt? Nachdem ich mich an eine Mitarbeiterin der Universit\u00e4t Trier gewandt hatte, bekam ich den Tipp mich \u00fcber die Internetseite der a.i.m. rlp zu informieren. Hier konnten mehrere meiner Fragen schnell beantwortetet werden. Zum einen bewarb ich mich \u00fcber diese Seite f\u00fcr die Erasmus+ F\u00f6rderung, zum anderen bekam ich zus\u00e4tzlich Hilfe bei der Suche nach einem Praktikumsplatz. Eine Kontaktliste verschiedener Organisationen f\u00fcr vier unterschiedliche L\u00e4nder wurde mir per E-Mail zugesendet. Die Anzahl, sowie die Institutionen der irischen Kontaktliste, und der Fakt noch nicht in diesem Land gewesen zu sein, \u00fcberzeugten mich direkt. Also bewarb ich mich bei f\u00fcnf verschiedenen sozialen Organisationen in ganz Irland.<\/p>\n\n\n\n<p>Die Kommunikation mit dem Ozanam House war von Beginn an unschlagbar. Schnell bekam ich einen Termin f\u00fcr ein Online-Bewerbungsgespr\u00e4ch und umgehend folgte auch die Praktikumszusage. Insofern konnte ich das \u201eTo-Do\u201c des Praktikumsplatzes relativ schnell von meiner Liste abhaken. Danach folgte ein reger Austausch sowohl mit meiner Organisation in Irland, als auch mit der a.i.m. rlp \u00fcber verschiedene notwendige Dokumente. Doch auch diese administrativen Aufgaben konnten verh\u00e4ltnism\u00e4\u00dfig schnell erledigt werden. Ein gro\u00dfer und wichtiger Punkt meiner \u201eTo-Do\u201c-Liste gestaltete sich allerdings etwas schwieriger. Wie zu erwarten war die Wohnungssuche in Dublin sprichw\u00f6rtlich \u201ea pain in the ass.\u201c Da ich zuvor schon verschiedene Erfahrungsberichte \u00fcber den Wohnungsmarkt in Dublin geh\u00f6rt hatte, hatte ich mich auf Schwierigkeiten eingestellt, aber meine Bef\u00fcrchtungen wurden noch einmal \u00fcbertroffen. Nach vielen Monaten der Suche, unz\u00e4hligen Anfragen und ca. null Antworten, hatte ich Gl\u00fcck \u00fcber private Kontakte eine \u201eHost Family\u201c zu finden. Der Beginn meiner Praktikumszeit r\u00fcckte immer n\u00e4her und ich war unglaublich dankbar eine Unterkunft in Dublin gefunden zu haben. Also stand meiner Auslandszeit nichts mehr im Wege. Alle Punkte meiner ,,To-Do\u201c-Liste abgehakt, Flug gebucht, Koffer gepackt \u2013 es konnte losgehen.<\/p>\n\n\n\n<h3 class=\"wp-block-heading\">Organisation<\/h3>\n\n\n\n<p>Das Ozanam House Resource Centre ist eine von der Wohlfahrtsorganisation Saint Vincents de Paul getragene soziale Institution und befindet sich in der n\u00f6rdlichen Innenstadt von Dublin. Seit 2022 wird hier w\u00f6chentlich eine breite Palette unterschiedlicher Programme f\u00fcr Mitglieder der \u00f6rtlichen Gemeinschaft angeboten. Das Ozanam House bietet sowohl p\u00e4dagogische Betreuungsangebote f\u00fcr Kinder von zwei bis acht Jahren an, als auch au\u00dferschulische Aktivit\u00e4ten f\u00fcr Kinder ab 12 Jahren, welche als \u201eYouth Programm\u201c betitelt werden. Doch nicht nur f\u00fcr Kinder gibt es hier eine breite Spanne an Aktivit\u00e4ten. Das Angebot reicht \u00fcber verschiedene Eltern-Programme, Sport- und Musikangebote sowie w\u00f6chentliche Aktivit\u00e4ten f\u00fcr eine Gruppe aus \u00e4lteren Leuten namens \u201eActive Retirement Group\u201c. Zu Beginn meines Praktikums wurde f\u00fcr Kinder verschiedener Altersgruppen ein Sommerprogramm angeboten. In dieser Zeit wurden unterschiedliche Aktivit\u00e4ten f\u00fcr die Kinder geplant. An manchen Tagen machten wir Ausfl\u00fcge an den Strand, in spezielle Museen oder fuhren zu au\u00dfergew\u00f6hnlichen Spielpl\u00e4tzen.<\/p>\n\n\n\n<p>Meine Aufgabe w\u00e4hrend des zweimonatigen Praktikums war es haupts\u00e4chlich die Fachkr\u00e4fte der diversen Kindergruppen zu unterst\u00fctzen. Ich war sowohl vormittags bei den j\u00fcngeren Kindern als auch nachmittags bei den sieben- bis achtj\u00e4hrigen Kindern als Betreuerin dabei. Damit die Kinder nicht in Kontakt mit zu vielen wechselnden Bezugspersonen kommen, war ich mein gesamtes Praktikum \u00fcber bei den gleichen Fachkr\u00e4ften als Unterst\u00fctzung t\u00e4tig. Insofern konnte auch ich mich an die Arbeitsweise der P\u00e4dagog*innen gew\u00f6hnen und eine enge Bindung zu den Kindern aufbauen. Alles in allem durfte ich die Organisation als einen wunderbaren Platz f\u00fcr ganz unterschiedliche Menschen kennenlernen. Das Motto: \u201eOzanam House \u2013 Ein sicherer Ort zum Lernen und Wachsen, der unsere Bed\u00fcrfnisse erf\u00fcllt und unser Leben in einer unterst\u00fctzenden, unterhaltsamen und f\u00fcrsorglichen Umgebung bereichert\u201c zieht sich durch das gesamte Programm und wird jeden Tag durch die verschiedenen Mitarbeiter*innen ausgelebt. Hilfreich f\u00fcr mein Auslandpraktikum war ebenfalls die Gr\u00f6\u00dfe der Organisation. Die diversen Programme lie\u00dfen es zu, dass viele Praktikant*innen und Freiwillige zur gleichen Zeit als Unterst\u00fctzung t\u00e4tig waren und somit war es leichter gleichaltrige Leute sowie Anschluss in Dublin zu finden.<\/p>\n\n\n\n<h3 class=\"wp-block-heading\">Fazit<\/h3>\n\n\n\n<p>Zusammenfassend l\u00e4sst sich festhalten, dass ich eine wunderbare Zeit in Dublin und in meinem Praktikum hatte. Deswegen kann ich sowohl die Stadt, als auch meine Organisation w\u00e4rmstens weiterempfehlen. W\u00e4hrend meiner Zeit in Irland konnte ich so viele sch\u00f6ne Orte entdecken und das Land lieben lernen. Die irische Natur \u2013 weite, gr\u00fcne Felder, wilde Str\u00e4nde und K\u00fcsten, sowie das irische Wetter und die Offenheit der Iren, haben es mir angetan. Unabh\u00e4ngig von der sch\u00f6nen Natur haben die St\u00e4dte ebenfalls viel zu bieten und Dublin als laute, bunte, lebendige Stadt ist meines Erachtens gro\u00dfartig. Nat\u00fcrlich macht mein Praktikum die Erfahrung in diesem Land erst perfekt. F\u00fcr mich war es eine unglaublich tolle Erfahrung in eine andere Organisation, unterschiedliche Arbeitsweisen, sowie verschiedene soziale Programme schnuppern zu d\u00fcrfen und ich w\u00fcrde es niemals missen wollen.<\/p>\n\n\n\n<div class=\"wp-block-buttons is-layout-flex wp-block-buttons-is-layout-flex\">\n<div class=\"wp-block-button\"><a class=\"wp-block-button__link wp-element-button\" href=\"https:\/\/erasmuspraktika.de\/en\/erfahrungsberichte\/\">Weitere Erfahrungsberichte lesen<\/a><\/div>\n<\/div>\n<\/div><\/div>","protected":false},"excerpt":{"rendered":"<p>Erfahrungsberichte Auslandspraktikum im Ozanam House, Dublin 2 Monate Irland 2022 Sozialarbeit Vorbereitung Die Frage \u201eWie bist du auf das Praktikum im Ozanam House in Dublin gekommen?\u201c l\u00e4sst sich relativ leicht beantworten. Seitdem ich vor ein paar Jahren schon Auslandserfahrung sammeln durfte, war immer mein Wunsch noch einmal f\u00fcr eine l\u00e4ngere Zeit ins Ausland zu gehen. [&hellip;]<\/p>","protected":false},"author":14,"featured_media":0,"parent":1895,"menu_order":0,"comment_status":"closed","ping_status":"closed","template":"","meta":{"footnotes":""},"class_list":["post-37624","page","type-page","status-publish","hentry"],"_links":{"self":[{"href":"https:\/\/erasmuspraktika.de\/en\/wp-json\/wp\/v2\/pages\/37624"}],"collection":[{"href":"https:\/\/erasmuspraktika.de\/en\/wp-json\/wp\/v2\/pages"}],"about":[{"href":"https:\/\/erasmuspraktika.de\/en\/wp-json\/wp\/v2\/types\/page"}],"author":[{"embeddable":true,"href":"https:\/\/erasmuspraktika.de\/en\/wp-json\/wp\/v2\/users\/14"}],"replies":[{"embeddable":true,"href":"https:\/\/erasmuspraktika.de\/en\/wp-json\/wp\/v2\/comments?post=37624"}],"version-history":[{"count":2,"href":"https:\/\/erasmuspraktika.de\/en\/wp-json\/wp\/v2\/pages\/37624\/revisions"}],"predecessor-version":[{"id":37720,"href":"https:\/\/erasmuspraktika.de\/en\/wp-json\/wp\/v2\/pages\/37624\/revisions\/37720"}],"up":[{"embeddable":true,"href":"https:\/\/erasmuspraktika.de\/en\/wp-json\/wp\/v2\/pages\/1895"}],"wp:attachment":[{"href":"https:\/\/erasmuspraktika.de\/en\/wp-json\/wp\/v2\/media?parent=37624"}],"curies":[{"name":"wp","href":"https:\/\/api.w.org\/{rel}","templated":true}]}}