{"id":37937,"date":"2024-02-29T09:53:44","date_gmt":"2024-02-29T08:53:44","guid":{"rendered":"https:\/\/erasmuspraktika.de\/?page_id=37937"},"modified":"2024-03-04T11:23:30","modified_gmt":"2024-03-04T10:23:30","slug":"erfahrungsbericht-bei-cen-paca-frankreich","status":"publish","type":"page","link":"https:\/\/erasmuspraktika.de\/en\/erfahrungsberichte\/erfahrungsbericht-bei-cen-paca-frankreich\/","title":{"rendered":"Erfahrungsbericht Frankreich 2022"},"content":{"rendered":"<p id=\"https:\/\/erasmuspraktika.de\/erfahrungsberichte\/\"><em><a href=\"https:\/\/erasmuspraktika.de\/en\/erfahrungsberichte\/\">Internship reports<\/a><\/em><\/p>\n\n\n\n<h2 class=\"wp-block-heading\">Praktikum bei CEN PACA<\/h2>\n\n\n\n<div><div class=\"tag\">2 Monate<\/div> <div class=\"tag\">France<\/div> <div class=\"tag\">2023<\/div> <div class=\"tag\">Angewandte Biogeographie<\/div><\/div>\n\n\n\n<p><strong>Vorbereitung<\/strong><br>Auf den Praktikumsplatz bin ich durch meinen Universit\u00e4tsprofessor aufmerksam geworden. Er steht im Kontakt mit meiner Ansprechpartnerin w\u00e4hrend des Praktikums. Gemeinsam haben wir uns f\u00fcr einen geeigneten Zeitraum f\u00fcr das Praktikum entschieden, w\u00e4hrend dem ich an meinem gew\u00fcnschten Projekt arbeiten konnte.<br>Ich bin zusammen mit einer Kommilitonin nach Frankreich gefahren. Wir haben auch gemeinsam nach einer Wohnung gesucht. Theoretisch bestand die M\u00f6glichkeit f\u00fcr eine Person, eine Unterkunft \u00fcber die Praktikumsstelle zu erhalten. Allerdings fanden wir es einfacher, eine gemeinsame Unterkunft zu suchen, da wir auch gr\u00f6\u00dftenteils gemeinsam unterwegs waren. Somit haben wir \u00fcber AirBnB eine Unterkunft f\u00fcr die ersten f\u00fcnf Wochen gefunden, und sind danach in eine andere Wohnung umgezogen, da die erste Wohnung zu diesem Zeitpunkt schon gebucht war. Die zweite Unterkunft haben wir ebenfalls \u00fcber AirBnB gefunden.<\/p>\n\n\n\n<p><strong>Gastunternehmen<\/strong><br>Mein Arbeitsalltag bestand vor allem aus viel Feldarbeit, wir haben eine Fang- Wiederfang- Studie der gef\u00e4hrdeten Crauschrecke Prionotropis rhodanica durchgef\u00fchrt. Dabei haben wir meist um 8-9 Uhr morgens im Feld begonnen, um die warme Mittagszeit zu umgehen. Anschlie\u00dfend haben wir eine Mikrohabitatuntersuchung durchgef\u00fchrt. Zus\u00e4tzlich haben wir Crauschrecken in einem eingez\u00e4unten Habitat beobachtet, das sich in einem Zoo befindet, der mit meiner Praktikumsstelle zusammenarbeitet. Es waren vor allem die Fressgewohnheiten, Verpaarungen und Standorte der Eiablage von Interesse. Von dort, wie von zwei anderen Stellen, haben wir aus der Zucht ebenfalls Ootheken der Crauschrecke erhalten. Diese wurden dann von meiner Kommilitonin und mir im Feld in bestimmten umz\u00e4unten Bereichen eingegraben, um dort im n\u00e4chsten Jahr die aus den Ootheken geschl\u00fcpften Jungtiere einsammeln zu k\u00f6nnen. Dies dient sowohl dem Zucht- als auch dem Auswilderungsprojekt der Schrecke.<\/p>\n\n\n\n<div class=\"wp-block-columns is-layout-flex wp-container-core-columns-is-layout-1 wp-block-columns-is-layout-flex\">\n<div class=\"wp-block-column is-layout-flow wp-block-column-is-layout-flow\" style=\"flex-basis:50%\">\n<figure class=\"wp-block-image size-full\"><img loading=\"lazy\" decoding=\"async\" width=\"571\" height=\"413\" src=\"https:\/\/erasmuspraktika.de\/wordpress\/wp-content\/uploads\/2024\/02\/Abschlussbericht_Hauprich-1-3.jpg\" alt=\"\" class=\"wp-image-37940\" srcset=\"https:\/\/erasmuspraktika.de\/wordpress\/wp-content\/uploads\/2024\/02\/Abschlussbericht_Hauprich-1-3.jpg 571w, https:\/\/erasmuspraktika.de\/wordpress\/wp-content\/uploads\/2024\/02\/Abschlussbericht_Hauprich-1-3-300x217.jpg 300w, https:\/\/erasmuspraktika.de\/wordpress\/wp-content\/uploads\/2024\/02\/Abschlussbericht_Hauprich-1-3-18x12.jpg 18w\" sizes=\"(max-width: 571px) 100vw, 571px\" \/><\/figure>\n<\/div>\n\n\n\n<div class=\"wp-block-column is-layout-flow wp-block-column-is-layout-flow\" style=\"flex-basis:50%\">\n<figure class=\"wp-block-image size-full is-resized\"><img loading=\"lazy\" decoding=\"async\" width=\"686\" height=\"451\" src=\"https:\/\/erasmuspraktika.de\/wordpress\/wp-content\/uploads\/2024\/02\/Abschlussbericht_Hauprich-2-4.jpg\" alt=\"\" class=\"wp-image-37941\" style=\"aspect-ratio:1.5210643015521064;width:453px;height:auto\" srcset=\"https:\/\/erasmuspraktika.de\/wordpress\/wp-content\/uploads\/2024\/02\/Abschlussbericht_Hauprich-2-4.jpg 686w, https:\/\/erasmuspraktika.de\/wordpress\/wp-content\/uploads\/2024\/02\/Abschlussbericht_Hauprich-2-4-300x197.jpg 300w, https:\/\/erasmuspraktika.de\/wordpress\/wp-content\/uploads\/2024\/02\/Abschlussbericht_Hauprich-2-4-18x12.jpg 18w\" sizes=\"(max-width: 686px) 100vw, 686px\" \/><\/figure>\n<\/div>\n<\/div>\n\n\n\n<p>An den Tagen, an denen ich keine Feldarbeit durchgef\u00fchrt habe, konnte ich im B\u00fcro arbeiten und mir dort weitere Informationen zu Prionotropis rhodanica aneignen. Au\u00dferdem habe ich die im Feld gesammelten Daten digitalisiert. Dies war oft auch im Homeoffice m\u00f6glich, was sich an einigen Tagen als praktisch erwiesen hat. Nachdem die Feldarbeit abgeschlossen war, habe ich dann mit der Durchf\u00fchrung von statistischen Tests zum Mikrohabitat der Art begonnen, w\u00e4hrend meine Kommilitonin mit einer Populationsanalyse begonnen hat. Es war sehr interessant, an aktuellen Forschungsthemen mitzuarbeiten und die untersuchte Art n\u00e4her kennen zu lernen.<br>Die Betreuung war sehr gut, meist habe ich direkt mit meiner Betreuerin, Lisbeth Zechner, zusammengearbeitet, vor allem bei der Fang-Wiederfang-Studie und dem Ausbringen der Ootheken im Feld. War Lisbeth einmal nicht selbst vor Ort, hat sie meiner Kommilitonin und mir genaue Arbeitsanweisungen gegeben und uns beispielsweise im Zoo angek\u00fcndigt, wo wir die Crauschrecken beobachtet haben, oder sie hat andere Kollegen gebeten, uns mit ins Feld zu nehmen und in den Arbeitsalltag zu integrieren. <\/p>\n\n\n\n<p>Das Praktikum selbst war nicht verg\u00fctet, allerdings gab es die M\u00f6glichkeit, sich Mahlzeiten bis zu einem bestimmten Wert von der Praktikumsstelle bezahlen zu lassen. Auch die Fahrtwege, die ich mit<br>meinem Auto f\u00fcr Aufgaben innerhalb des Praktikums zur\u00fcckgelegt habe, z.B. Fahrten zum Zoo, wurden meiner Kommilitonin und mir zur\u00fcckerstattet.<br>Lisbeth Zechner spricht ebenfalls Deutsch, sodass ich mich mit ihr in meiner Muttersprache austauschen konnte. Die meisten anderen Mitarbeiter sprachen nur Franz\u00f6sisch. Da ich selbst Franz\u00f6sisch auf einem angemessenen Niveau spreche, hat dies kein Problem dargestellt, und ich habe mich gefreut, meine Franz\u00f6sischkenntnisse auffrischen zu k\u00f6nnen. Da Lisbeth deutsch spricht, w\u00e4re das Praktikum sicher auch ohne gute Franz\u00f6sischkenntnisse zu absolvieren. Allerdings w\u00e4re die Kommunikation mit anderen Kollegen dann sehr eingeschr\u00e4nkt, ebenso die Bew\u00e4ltigung von anderen allt\u00e4glichen Aufgaben, wie beispielweise die Kommunikation mit Vermietern oder Mitarbeitern beim Einkaufen.<\/p>\n\n\n\n<div class=\"wp-block-columns is-layout-flex wp-container-core-columns-is-layout-2 wp-block-columns-is-layout-flex\">\n<div class=\"wp-block-column is-layout-flow wp-block-column-is-layout-flow\" style=\"flex-basis:50%\">\n<figure class=\"wp-block-image size-full\"><img loading=\"lazy\" decoding=\"async\" width=\"541\" height=\"459\" src=\"https:\/\/erasmuspraktika.de\/wordpress\/wp-content\/uploads\/2024\/02\/Abschlussbericht_Hauprich-3-2.jpg\" alt=\"\" class=\"wp-image-37942\" srcset=\"https:\/\/erasmuspraktika.de\/wordpress\/wp-content\/uploads\/2024\/02\/Abschlussbericht_Hauprich-3-2.jpg 541w, https:\/\/erasmuspraktika.de\/wordpress\/wp-content\/uploads\/2024\/02\/Abschlussbericht_Hauprich-3-2-300x255.jpg 300w, https:\/\/erasmuspraktika.de\/wordpress\/wp-content\/uploads\/2024\/02\/Abschlussbericht_Hauprich-3-2-14x12.jpg 14w\" sizes=\"(max-width: 541px) 100vw, 541px\" \/><\/figure>\n<\/div>\n\n\n\n<div class=\"wp-block-column is-layout-flow wp-block-column-is-layout-flow\" style=\"flex-basis:50%\">\n<figure class=\"wp-block-image size-full is-resized\"><img loading=\"lazy\" decoding=\"async\" width=\"661\" height=\"413\" src=\"https:\/\/erasmuspraktika.de\/wordpress\/wp-content\/uploads\/2024\/02\/Abschlussbericht_Hauprich-6.jpg\" alt=\"\" class=\"wp-image-37943\" style=\"aspect-ratio:1.6004842615012107;width:562px;height:auto\" srcset=\"https:\/\/erasmuspraktika.de\/wordpress\/wp-content\/uploads\/2024\/02\/Abschlussbericht_Hauprich-6.jpg 661w, https:\/\/erasmuspraktika.de\/wordpress\/wp-content\/uploads\/2024\/02\/Abschlussbericht_Hauprich-6-300x187.jpg 300w, https:\/\/erasmuspraktika.de\/wordpress\/wp-content\/uploads\/2024\/02\/Abschlussbericht_Hauprich-6-18x12.jpg 18w\" sizes=\"(max-width: 661px) 100vw, 661px\" \/><\/figure>\n<\/div>\n<\/div>\n\n\n\n<p><strong>Fazit<\/strong><br>Das Praktikum war abwechslungsreich und spannend, und es hat mir gut gefallen, viel drau\u00dfen unterwegs zu sein, selbst wenn es zu dieser Jahreszeit sehr hei\u00df wird. Ich konnte viel \u00fcber die Art Prionotropis rhodanica lernen, ebenso aber auch \u00fcber viele andere Arten, die in meiner Heimat teils gar nicht vorkommen. Besonders gefreut habe ich mich \u00fcber die lokale Avifauna, zu denen auch Rosaflamingos, Wiedehopfe, Blauracken und Bienenfresser z\u00e4hlen.<br>Ich w\u00fcrde ein Praktikum bei CEN PACA auf jeden Fall empfehlen, es war eine tolle Erfahrung. Ich bin gut betreut worden und konnte viel \u00fcber lokale Flora und Fauna und Projekte erfahren.<br>Neben den T\u00e4tigkeiten im Praktikum gab es noch Zeit, um die Region zu entdecken.<\/p>","protected":false},"excerpt":{"rendered":"<p>Erfahrungsberichte Praktikum bei CEN PACA 2 Monate Frankreich 2023 Angewandte Biogeographie VorbereitungAuf den Praktikumsplatz bin ich durch meinen Universit\u00e4tsprofessor aufmerksam geworden. Er steht im Kontakt mit meiner Ansprechpartnerin w\u00e4hrend des Praktikums. Gemeinsam haben wir uns f\u00fcr einen geeigneten Zeitraum f\u00fcr das Praktikum entschieden, w\u00e4hrend dem ich an meinem gew\u00fcnschten Projekt arbeiten konnte.Ich bin zusammen mit [&hellip;]<\/p>","protected":false},"author":8,"featured_media":0,"parent":1895,"menu_order":0,"comment_status":"closed","ping_status":"closed","template":"","meta":{"footnotes":""},"class_list":["post-37937","page","type-page","status-publish","hentry"],"_links":{"self":[{"href":"https:\/\/erasmuspraktika.de\/en\/wp-json\/wp\/v2\/pages\/37937"}],"collection":[{"href":"https:\/\/erasmuspraktika.de\/en\/wp-json\/wp\/v2\/pages"}],"about":[{"href":"https:\/\/erasmuspraktika.de\/en\/wp-json\/wp\/v2\/types\/page"}],"author":[{"embeddable":true,"href":"https:\/\/erasmuspraktika.de\/en\/wp-json\/wp\/v2\/users\/8"}],"replies":[{"embeddable":true,"href":"https:\/\/erasmuspraktika.de\/en\/wp-json\/wp\/v2\/comments?post=37937"}],"version-history":[{"count":8,"href":"https:\/\/erasmuspraktika.de\/en\/wp-json\/wp\/v2\/pages\/37937\/revisions"}],"predecessor-version":[{"id":37964,"href":"https:\/\/erasmuspraktika.de\/en\/wp-json\/wp\/v2\/pages\/37937\/revisions\/37964"}],"up":[{"embeddable":true,"href":"https:\/\/erasmuspraktika.de\/en\/wp-json\/wp\/v2\/pages\/1895"}],"wp:attachment":[{"href":"https:\/\/erasmuspraktika.de\/en\/wp-json\/wp\/v2\/media?parent=37937"}],"curies":[{"name":"wp","href":"https:\/\/api.w.org\/{rel}","templated":true}]}}