{"id":38134,"date":"2024-07-10T16:03:36","date_gmt":"2024-07-10T14:03:36","guid":{"rendered":"https:\/\/erasmuspraktika.de\/?page_id=38134"},"modified":"2024-07-10T16:03:36","modified_gmt":"2024-07-10T14:03:36","slug":"praktikum-bei-der-sprachschule-maltalingua-school-of-english-in-malta-lehramt","status":"publish","type":"page","link":"https:\/\/erasmuspraktika.de\/en\/erfahrungsberichte\/praktikum-bei-der-sprachschule-maltalingua-school-of-english-in-malta-lehramt\/","title":{"rendered":"Praktikum bei der Sprachschule Maltalingua School of English in Malta (Lehramt)"},"content":{"rendered":"<p><em><a href=\"https:\/\/erasmuspraktika.de\/en\/erfahrungsberichte\/\">Internship reports<\/a><\/em><\/p>\n\n\n\n<h2 class=\"wp-block-heading\">Praktikum bei der Sprachschule Maltalingua School of English in Malta (Lehramt)<\/h2>\n\n\n\n<div><div class=\"tag\">3 Monate<\/div> <div class=\"tag\">Malta<\/div> <div class=\"tag\">2024<\/div> <div class=\"tag\">Lehramt<\/div><\/div>\n\n\n\n<p><strong>Vorbereitung<\/strong>:&nbsp;<\/p>\n\n\n<div class=\"wp-block-image\">\n<figure class=\"alignright is-resized\"><img loading=\"lazy\" decoding=\"async\" width=\"226\" height=\"300\" src=\"https:\/\/erasmuspraktika.de\/wordpress\/wp-content\/uploads\/2024\/07\/Erfahrungsbericht4-226x300.jpg\" alt=\"\" class=\"wp-image-38136\" style=\"aspect-ratio:0.7533333333333333;width:274px;height:auto\" srcset=\"https:\/\/erasmuspraktika.de\/wordpress\/wp-content\/uploads\/2024\/07\/Erfahrungsbericht4-226x300.jpg 226w, https:\/\/erasmuspraktika.de\/wordpress\/wp-content\/uploads\/2024\/07\/Erfahrungsbericht4-771x1024.jpg 771w, https:\/\/erasmuspraktika.de\/wordpress\/wp-content\/uploads\/2024\/07\/Erfahrungsbericht4-768x1020.jpg 768w, https:\/\/erasmuspraktika.de\/wordpress\/wp-content\/uploads\/2024\/07\/Erfahrungsbericht4-1156x1536.jpg 1156w, https:\/\/erasmuspraktika.de\/wordpress\/wp-content\/uploads\/2024\/07\/Erfahrungsbericht4-1542x2048.jpg 1542w, https:\/\/erasmuspraktika.de\/wordpress\/wp-content\/uploads\/2024\/07\/Erfahrungsbericht4-9x12.jpg 9w, https:\/\/erasmuspraktika.de\/wordpress\/wp-content\/uploads\/2024\/07\/Erfahrungsbericht4-scaled.jpg 1927w\" sizes=\"(max-width: 226px) 100vw, 226px\" \/><\/figure><\/div>\n\n\n<p>Zu Beginn meiner Bewerbungsphase und Vorbereitung meines Auslandspraktikums hatte ich eigentlich vorgehabt, mich nur in den beiden L\u00e4ndern Schottland und Irland an Schulen zu bewerben. Erst der Kontakt mit dem Erasmus-Plus-Programm regte mich zum Nachdenken an, ein Auslandspraktikum in Malta an einer englischen Sprachschule \u2013 demnach Maltalingua School of English &#8211; anzustreben. Die Kontaktdaten um eine Bewerbung an der eben genannten Sprachschule in Malta als auch an etlichen Schulen in Schottland und Irland wurden mir vom Erasmus-Plus-Programm zur Verf\u00fcgung gestellt. Alsdann ergriff ich die Initiative und bewarb mich daraufhin per E-Mail an den vom Erasmus-Plus-Programm vorgestellten Schulen. Nach knapp drei Tagen erhielt ich bereits eine positive R\u00fcckmeldung von Maltalingua, in der sie mich um ein kurzes virtuelles Bewerbungsgespr\u00e4ch baten. Die Kommunikation per E-Mail gestaltete sich mit der zust\u00e4ndigen Kontaktperson von Maltalingua als einfach, unkompliziert und zuverl\u00e4ssig, so dass wir, beispielsweise, schnell einen f\u00fcr uns beiden passenden Termin f\u00fcr ein Bewerbungsgespr\u00e4ch festlegen konnten. Das Bewerbungsgespr\u00e4ch verlief von beiden Seiten sehr positiv, so dass ich am Ende des Gespr\u00e4chs bereits eine Zusage bekam. <\/p>\n\n\n<p>Bez\u00fcglich der Wohnungssuche musste ich mir keine sonderlich gro\u00dfen Gedanken oder Sorgen machen, da meine Kontaktperson mir w\u00e4hrend des Bewerbungsgespr\u00e4chs eine von der Schule zugeh\u00f6rige Unterkunft angeboten hat. Da sich diese Unterkunft unmittelbar in der N\u00e4he der Schule befand und sich dort weitere Praktikant:innen aufhielten, nahm ich das Angebot dankend an. Die Bezahlung der Unterkunft f\u00fcr den gesamten Zeitraum musste im Voraus von der Praktikantin\/dem Praktikanten erfolgen. Das Zusammenleben mit anderen Menschen aus unterschiedlichen Kulturen in einem Wohnraum sah ich als f\u00fcr mich pers\u00f6nlichen Vorteil und Herausforderung, da ich auf der einen Seite schnell und einfach Kontakte kn\u00fcpfen und auf der anderen Seite die Erfahrung machen wollte, wie es ist, eine gemeinsame Wohnung mit neuen Menschen zu teilen. Auf diese Weise, habe ich viele neue Freund:innen dazugewonnen.<\/p>\n\n\n<div class=\"wp-block-columns is-layout-flex wp-container-core-columns-is-layout-1 wp-block-columns-is-layout-flex\">\n<div class=\"wp-block-column is-layout-flow wp-block-column-is-layout-flow\">\n<figure class=\"wp-block-image size-large is-resized\"><img loading=\"lazy\" decoding=\"async\" width=\"768\" height=\"1024\" src=\"https:\/\/erasmuspraktika.de\/wordpress\/wp-content\/uploads\/2024\/07\/Erfahrungsbericht-1Jaffal-2-768x1024.jpg\" alt=\"\" class=\"wp-image-38142\" style=\"aspect-ratio:0.75;width:355px;height:auto\" srcset=\"https:\/\/erasmuspraktika.de\/wordpress\/wp-content\/uploads\/2024\/07\/Erfahrungsbericht-1Jaffal-2-768x1025.jpg 768w, https:\/\/erasmuspraktika.de\/wordpress\/wp-content\/uploads\/2024\/07\/Erfahrungsbericht-1Jaffal-2-225x300.jpg 225w, https:\/\/erasmuspraktika.de\/wordpress\/wp-content\/uploads\/2024\/07\/Erfahrungsbericht-1Jaffal-2-1151x1536.jpg 1151w, https:\/\/erasmuspraktika.de\/wordpress\/wp-content\/uploads\/2024\/07\/Erfahrungsbericht-1Jaffal-2-1535x2048.jpg 1535w, https:\/\/erasmuspraktika.de\/wordpress\/wp-content\/uploads\/2024\/07\/Erfahrungsbericht-1Jaffal-2-9x12.jpg 9w, https:\/\/erasmuspraktika.de\/wordpress\/wp-content\/uploads\/2024\/07\/Erfahrungsbericht-1Jaffal-2-scaled.jpg 1919w\" sizes=\"(max-width: 768px) 100vw, 768px\" \/><\/figure>\n<\/div>\n\n\n\n<div class=\"wp-block-column is-layout-flow wp-block-column-is-layout-flow\">\n<figure class=\"wp-block-image size-large is-resized\"><img loading=\"lazy\" decoding=\"async\" width=\"769\" height=\"1024\" src=\"https:\/\/erasmuspraktika.de\/wordpress\/wp-content\/uploads\/2024\/07\/Erfahrungsbericht-3-769x1024.jpg\" alt=\"\" class=\"wp-image-38137\" style=\"aspect-ratio:0.7509765625;width:357px;height:auto\" srcset=\"https:\/\/erasmuspraktika.de\/wordpress\/wp-content\/uploads\/2024\/07\/Erfahrungsbericht-3-769x1024.jpg 769w, https:\/\/erasmuspraktika.de\/wordpress\/wp-content\/uploads\/2024\/07\/Erfahrungsbericht-3-225x300.jpg 225w, https:\/\/erasmuspraktika.de\/wordpress\/wp-content\/uploads\/2024\/07\/Erfahrungsbericht-3-768x1023.jpg 768w, https:\/\/erasmuspraktika.de\/wordpress\/wp-content\/uploads\/2024\/07\/Erfahrungsbericht-3-1154x1536.jpg 1154w, https:\/\/erasmuspraktika.de\/wordpress\/wp-content\/uploads\/2024\/07\/Erfahrungsbericht-3-1538x2048.jpg 1538w, https:\/\/erasmuspraktika.de\/wordpress\/wp-content\/uploads\/2024\/07\/Erfahrungsbericht-3-9x12.jpg 9w, https:\/\/erasmuspraktika.de\/wordpress\/wp-content\/uploads\/2024\/07\/Erfahrungsbericht-3-scaled.jpg 1923w\" sizes=\"(max-width: 769px) 100vw, 769px\" \/><\/figure>\n<\/div>\n<\/div>\n\n\n\n<p><strong>Arbeitsalltag:<\/strong><\/p>\n\n\n<div class=\"wp-block-image\">\n<figure class=\"alignright is-resized\"><img loading=\"lazy\" decoding=\"async\" width=\"225\" height=\"300\" src=\"https:\/\/erasmuspraktika.de\/wordpress\/wp-content\/uploads\/2024\/07\/Erfahrungsbericht-6-225x300.jpg\" alt=\"\" class=\"wp-image-38135\" style=\"aspect-ratio:0.75;width:286px;height:auto\" srcset=\"https:\/\/erasmuspraktika.de\/wordpress\/wp-content\/uploads\/2024\/07\/Erfahrungsbericht-6-225x300.jpg 225w, https:\/\/erasmuspraktika.de\/wordpress\/wp-content\/uploads\/2024\/07\/Erfahrungsbericht-6-768x1024.jpg 768w, https:\/\/erasmuspraktika.de\/wordpress\/wp-content\/uploads\/2024\/07\/Erfahrungsbericht-6-1152x1536.jpg 1152w, https:\/\/erasmuspraktika.de\/wordpress\/wp-content\/uploads\/2024\/07\/Erfahrungsbericht-6-9x12.jpg 9w, https:\/\/erasmuspraktika.de\/wordpress\/wp-content\/uploads\/2024\/07\/Erfahrungsbericht-6.jpg 1200w\" sizes=\"(max-width: 225px) 100vw, 225px\" \/><\/figure><\/div>\n\n\n<p>Der Arbeitsalltag im Gastunternehmen gestaltete sich als vielf\u00e4ltig und abwechslungsreich. Der Tag auf der Arbeit startete f\u00fcr uns Praktikant:innen um acht Uhr morgens und endete um f\u00fcnf Uhr nachmittags. Neben administrativen Aufgaben wie Sch\u00fclerlisten erstellen, Abschlusszertifikate ausstellen sowie die w\u00f6chentliche Abschlusszeremonie vorbereiten, durfte ich im Unterricht hospitieren und eigenst\u00e4ndigen Unterricht durchf\u00fchren. Die Arbeitssprache war Englisch, so dass mir alle Aufgaben, die ich zu erledigen hatte, auf Englisch erkl\u00e4rt wurden. Des Weiteren fungierte ich mit einem Lehrer meiner Wahl zusammen drei Wochen lang als Lehrassistentin, so dass wir gemeinsam Unterricht geplant, Unterrichtsmaterialien kreiert als auch zusammen Unterricht gef\u00fchrt haben. Durch diese Art der Zusammenarbeit konnte ich viele Erfahrungen im Bereich Englisch als Zweit- und Fremdsprache sammeln. Au\u00dferdem haben sich<br>dadurch meine englischen Sprachkenntnisse enorm verbessert, so dass es mir nun m\u00f6glich ist, spontan auf eine Frage einzugehen und mich leichter in eine Konversation im Englischen zu integrieren. Neben den Auseinandersetzungen meiner didaktischer F\u00e4higkeiten haben sich meine zwischenmenschlichen Eigenschaften ebenfalls verbessert. Dazu hat vor allem der Kontakt mit den internationalen Lehrer:innen und Sch\u00fcler:innen an der Schule beigetragen. <\/p>\n\n\n<p><strong>Fazit:<\/strong><\/p>\n<p>Alles in allem hat mich das Praktikum zum Positiven ver\u00e4ndert, da sich nicht nur mein Horizont erweitert hat und ich toleranter und offener gegen\u00fcber Neuem geworden bin, sondern auch viele neue Leute kennengelernt habe, die nun zu meinem engsten Freundeskreis geh\u00f6ren. Die Ankunft und Abreise am Flughafen in Malta sind ohne Komplikationen verlaufen, so dass es f\u00fcr jemanden aus einem EU-Land sehr bequem und unkompliziert ist, dorthin zu reisen.<br \/>Ich w\u00fcrde jedem, der ein Praktikum im Ausland absolvieren m\u00f6chte, empfehlen, es in Malta zu machen, da man dort nicht nur seine englischen Sprachkenntnisse verbessern kann, sondern auch mit Menschen aus den verschiedensten Kulturen und L\u00e4ndern zusammentrifft. Mich haben nicht nur die Diversit\u00e4t und der Multikulturalismus auf der Insel beeindruckt, sondern ebenso die maltesischen Einheimischen, deren Sprache, Kultur und Architektur. Malta ist ein von historischen Ereignissen gepr\u00e4gtes und offenes Land, so dass ich mich dort sehr wohlgef\u00fchlt und jederzeit sicher gef\u00fchlt habe. Wenn ich nochmal die Wahl h\u00e4tte, ein Auslandspraktikum in Malta zu absolvieren, w\u00fcrde ich es erneut machen.<\/p>","protected":false},"excerpt":{"rendered":"<p>Erfahrungsberichte Praktikum bei der Sprachschule Maltalingua School of English in Malta (Lehramt) 3 Monate Malta 2024 Lehramt Vorbereitung:&nbsp; Zu Beginn meiner Bewerbungsphase und Vorbereitung meines Auslandspraktikums hatte ich eigentlich vorgehabt, mich nur in den beiden L\u00e4ndern Schottland und Irland an Schulen zu bewerben. Erst der Kontakt mit dem Erasmus-Plus-Programm regte mich zum Nachdenken an, ein [&hellip;]<\/p>","protected":false},"author":8,"featured_media":0,"parent":1895,"menu_order":0,"comment_status":"closed","ping_status":"closed","template":"","meta":{"footnotes":""},"class_list":["post-38134","page","type-page","status-publish","hentry"],"_links":{"self":[{"href":"https:\/\/erasmuspraktika.de\/en\/wp-json\/wp\/v2\/pages\/38134"}],"collection":[{"href":"https:\/\/erasmuspraktika.de\/en\/wp-json\/wp\/v2\/pages"}],"about":[{"href":"https:\/\/erasmuspraktika.de\/en\/wp-json\/wp\/v2\/types\/page"}],"author":[{"embeddable":true,"href":"https:\/\/erasmuspraktika.de\/en\/wp-json\/wp\/v2\/users\/8"}],"replies":[{"embeddable":true,"href":"https:\/\/erasmuspraktika.de\/en\/wp-json\/wp\/v2\/comments?post=38134"}],"version-history":[{"count":1,"href":"https:\/\/erasmuspraktika.de\/en\/wp-json\/wp\/v2\/pages\/38134\/revisions"}],"predecessor-version":[{"id":38143,"href":"https:\/\/erasmuspraktika.de\/en\/wp-json\/wp\/v2\/pages\/38134\/revisions\/38143"}],"up":[{"embeddable":true,"href":"https:\/\/erasmuspraktika.de\/en\/wp-json\/wp\/v2\/pages\/1895"}],"wp:attachment":[{"href":"https:\/\/erasmuspraktika.de\/en\/wp-json\/wp\/v2\/media?parent=38134"}],"curies":[{"name":"wp","href":"https:\/\/api.w.org\/{rel}","templated":true}]}}