{"id":38334,"date":"2024-10-14T12:03:11","date_gmt":"2024-10-14T10:03:11","guid":{"rendered":"https:\/\/erasmuspraktika.de\/?page_id=38334"},"modified":"2024-10-14T12:03:11","modified_gmt":"2024-10-14T10:03:11","slug":"erfahrungsbericht-oesterreich-2024","status":"publish","type":"page","link":"https:\/\/erasmuspraktika.de\/en\/erfahrungsberichte\/erfahrungsbericht-oesterreich-2024\/","title":{"rendered":"Erfahrungsbericht \u00d6sterreich 2024"},"content":{"rendered":"<p><a href=\"https:\/\/erasmuspraktika.de\/en\/erfahrungsberichte\/\"><em>Internship reports<\/em><\/a><\/p>\n\n\n\n<h2 class=\"wp-block-heading\"><strong>Praktikum bei Soda Lingerie in Wien<\/strong><\/h2>\n\n\n\n<div><div class=\"tag\">3 Monate<\/div> <div class=\"tag\">Austria<\/div> <div class=\"tag\">2024<\/div> <div class=\"tag\">Modedesign<\/div><\/div>\n\n\n\n<p class=\"has-text-align-left\"><\/p>\n\n\n<div class=\"wp-block-image\">\n<figure class=\"alignleft\"><img loading=\"lazy\" decoding=\"async\" width=\"195\" height=\"300\" src=\"https:\/\/erasmuspraktika.de\/wordpress\/wp-content\/uploads\/2024\/10\/Erfahrungsbericht_Baader-195x300.jpg\" alt=\"\" class=\"wp-image-38335\" srcset=\"https:\/\/erasmuspraktika.de\/wordpress\/wp-content\/uploads\/2024\/10\/Erfahrungsbericht_Baader-195x300.jpg 195w, https:\/\/erasmuspraktika.de\/wordpress\/wp-content\/uploads\/2024\/10\/Erfahrungsbericht_Baader-8x12.jpg 8w, https:\/\/erasmuspraktika.de\/wordpress\/wp-content\/uploads\/2024\/10\/Erfahrungsbericht_Baader.jpg 533w\" sizes=\"(max-width: 195px) 100vw, 195px\" \/><\/figure><\/div>\n\n\n<p>Vorbereitung:<br>W\u00e4hrend meines letzten Praktikums in Innsbruck, \u00d6sterreich, begann ich bereits mit der Suche nach dem n\u00e4chsten Praktikum, da ich die erforderliche Dauer f\u00fcr das vorgeschriebene Praxissemester bzw. Auslandspraktikum sonst nicht erreicht h\u00e4tte. Kurz vor Ende meines Aufenthalts in Innsbruck erhielt ich die Zusage f\u00fcr das n\u00e4chste Praktikum, wodurch ich wieder recht kurzfristig einen Erasmusantrag stellen und erneut auf Wohnungssuche gehen musste. Die Praktikumsstelle erhielt ich auf Empfehlung einer Kommilitonin und Freundin, die selbst dort gearbeitet hatte. So konnte ich gewisserma\u00dfen als ihre Nachfolgerin die Stelle \u00fcbernehmen. Da ich erneut mit meiner Katze und nur f\u00fcr drei Monate nach Wien ziehen wollte, gestaltete sich die Wohnungssuche wieder als ziemlich schwierig. Schlie\u00dflich fand ich auf schwarzesbrett.oeh.ac.at\/wohnen eine Wohnung. Diese war zwar f\u00fcr ihre Gr\u00f6\u00dfe und Lage relativ teuer, aber dennoch bezahlbar. Da sie nur 25 Minuten zu Fu\u00df von der Arbeitsstelle entfernt lag, konnte ich t\u00e4glich zu Fu\u00df zur Arbeit gehen und war innerhalb von 30 Minuten zu Fu\u00df in der Innenstadt.<\/p>\n\n\n\n<p class=\"has-text-align-left\"><\/p>\n\n\n<div class=\"wp-block-image\">\n<figure class=\"alignleft is-resized\"><img loading=\"lazy\" decoding=\"async\" width=\"225\" height=\"300\" src=\"https:\/\/erasmuspraktika.de\/wordpress\/wp-content\/uploads\/2024\/10\/Erfahrungsbericht_Baader3-225x300.jpg\" alt=\"\" class=\"wp-image-38336\" style=\"width:189px;height:auto\" srcset=\"https:\/\/erasmuspraktika.de\/wordpress\/wp-content\/uploads\/2024\/10\/Erfahrungsbericht_Baader3-225x300.jpg 225w, https:\/\/erasmuspraktika.de\/wordpress\/wp-content\/uploads\/2024\/10\/Erfahrungsbericht_Baader3-9x12.jpg 9w, https:\/\/erasmuspraktika.de\/wordpress\/wp-content\/uploads\/2024\/10\/Erfahrungsbericht_Baader3.jpg 565w\" sizes=\"(max-width: 225px) 100vw, 225px\" \/><\/figure><\/div>\n\n\n<p>Gastunternehmen:<br>Bei meiner Ankunft bei Soda wurde mir zun\u00e4chst das Studio und der Rest des Geb\u00e4udes gezeigt. Eine Mitarbeiterin war gr\u00f6\u00dftenteils f\u00fcr die Organisation der t\u00e4glichen Aufgaben verantwortlich und f\u00fchrte mich schrittweise in meine T\u00e4tigkeiten ein. Ich lernte, wie man die Produkte zuschneidet, n\u00e4ht, vers\u00e4ubert, b\u00fcgelt, gegebenenfalls w\u00e4scht und schlie\u00dflich f\u00fcr den Verkauf vorbereitet. Wir arbeiteten viel mit Deadstock (Stoffe, die von gro\u00dfen Unternehmen \u00fcbrig geblieben sind), Spitzen und auch mit nachhaltig recycelten Stoffen in verschiedenen Farben und Lingerie-Schnitten. Von Anfang an wurde mir gro\u00dfes Vertrauen entgegengebracht, und ich durfte gleich zu Beginn meinen ersten Slip herstellen, der schlie\u00dflich auch verkauft wurde. In den folgenden Monaten arbeitete ich mich weiter durch die verschiedenen Produkte unseres Sortiments. Gegen Ende meines Praktikums besch\u00e4ftigten wir uns zunehmend mit der Herstellung von Bademode, und auch alte Unterw\u00e4scheschnitte wurden zwischendurch angepasst. Es war besonders spannend zu beobachten, wie die gleichen Teile an unterschiedlichen K\u00f6rpern wirken und wie wir diese entsprechend anpassen mussten. Zudem wird darauf geachtet, dass alle verwendeten Materialien in der EU hergestellt und verarbeitet werden, beispielsweise die Steinchen f\u00fcr die Bikinis, die in Deutschland geschliffen werden, oder die Spitze, die dort gef\u00e4rbt wird. Eine neue F\u00e4rberei war jedoch nicht in der Lage, die Spitze in der gleichen Haptik, Farbe und Qualit\u00e4t wie die vorherige zu f\u00e4rben.<br>Da wir alle in einem gro\u00dfen Raum arbeiteten, war es interessant, auch die T\u00e4tigkeiten in Bereichen wie Marketing, Handel, F\u00f6rderungen oder Kooperationen mitzubekommen, obwohl ich daf\u00fcr eigentlich nicht zust\u00e4ndig war. Zudem wurden wir Mitarbeiter oft nach unserer Meinung zu Themen wie Preisgestaltung oder Farbauswahl gefragt, was ich ebenfalls sehr spannend fand. Da Soda auch einen kleinen Laden in einem anderen Bezirk Wiens besitzt, durfte ich dort f\u00fcr zwei Tage vorbeischauen und noch mehr Produkte aus unserem Sortiment anprobieren, um selbst zu erfahren, was ich herstelle. Auch die Verkaufsabl\u00e4ufe wurden mir erkl\u00e4rt, damit ich im Notfall einspringen kann. An diesen Tagen im Shop fand ich es besonders spannend, zu sehen, wie die Kunden auf die Produkte und das Konzept reagieren. Es wird einem noch bewusster, dass die hergestellten Produkte tats\u00e4chlich von Menschen getragen werden. F\u00fcr das Vollzeitpraktikum erhielt ich von Soda eine Verg\u00fctung von 500 \u20ac im Monat, und einmal pro Woche kochten wir gemeinsam. Es wurde haupts\u00e4chlich Deutsch bzw. \u00f6sterreichisches Deutsch gesprochen, manchmal mit starkem Dialekt, wodurch ich viele neue W\u00f6rter gelernt habe. Au\u00dferdem war es sehr interessant, in einer Gro\u00dfstadt wie Wien zu wohnen.<\/p>\n\n\n<div class=\"wp-block-image\">\n<figure class=\"alignleft is-resized\"><img loading=\"lazy\" decoding=\"async\" width=\"225\" height=\"300\" src=\"https:\/\/erasmuspraktika.de\/wordpress\/wp-content\/uploads\/2024\/10\/Erfahrungsbericht_Baader8-225x300.jpg\" alt=\"\" class=\"wp-image-38340\" style=\"width:180px;height:auto\" srcset=\"https:\/\/erasmuspraktika.de\/wordpress\/wp-content\/uploads\/2024\/10\/Erfahrungsbericht_Baader8-225x300.jpg 225w, https:\/\/erasmuspraktika.de\/wordpress\/wp-content\/uploads\/2024\/10\/Erfahrungsbericht_Baader8-9x12.jpg 9w, https:\/\/erasmuspraktika.de\/wordpress\/wp-content\/uploads\/2024\/10\/Erfahrungsbericht_Baader8.jpg 625w\" sizes=\"(max-width: 225px) 100vw, 225px\" \/><\/figure><\/div>\n\n\n<p>Fazit:<br>Ich bin \u00e4u\u00dferst zufrieden mit meinem Auslandspraktikum und der Unterst\u00fctzung durch Erasmus, die dies \u00fcberhaupt erst m\u00f6glich gemacht hat. Man lernt viel \u00fcber sich selbst, wenn man aus dem gewohnten Umfeld heraustritt und auf sich allein gestellt ist, wobei man bei Bedarf dennoch Unterst\u00fctzung von allen Seiten erh\u00e4lt. Es ist unglaublich bereichernd, neue Orte kennenzulernen, neues Essen auszuprobieren, Bekanntschaften zu schlie\u00dfen und Freundschaften zu kn\u00fcpfen, die auch \u00fcber die Zeit des Praktikums hinaus bestehen bleiben. Die Arbeit in einem kleinen, nachhaltigen Unternehmen mit eigenem Shop und Produktion in Wien war sehr interessant, und ich habe mich gut mit den Arbeitskollegen und den Gesch\u00e4ftsf\u00fchrern verstanden. Da wir ein so gutes Team waren, werde ich mein Praktikum w\u00e4hrend der Fertigstellung meiner Bachelorarbeit verl\u00e4ngern und weiter bei Soda arbeiten.<\/p>\n\n\n\n<p class=\"has-text-align-left\"><\/p>\n\n\n\n<figure class=\"wp-block-gallery has-nested-images columns-default is-cropped wp-block-gallery-1 is-layout-flex wp-block-gallery-is-layout-flex\">\n<figure class=\"wp-block-image size-large\"><img loading=\"lazy\" decoding=\"async\" width=\"751\" height=\"1024\" data-id=\"38341\" src=\"https:\/\/erasmuspraktika.de\/wordpress\/wp-content\/uploads\/2024\/10\/Erfahrungsbericht_Baader5-751x1024.jpg\" alt=\"\" class=\"wp-image-38341\" srcset=\"https:\/\/erasmuspraktika.de\/wordpress\/wp-content\/uploads\/2024\/10\/Erfahrungsbericht_Baader5-751x1024.jpg 751w, https:\/\/erasmuspraktika.de\/wordpress\/wp-content\/uploads\/2024\/10\/Erfahrungsbericht_Baader5-220x300.jpg 220w, https:\/\/erasmuspraktika.de\/wordpress\/wp-content\/uploads\/2024\/10\/Erfahrungsbericht_Baader5-768x1047.jpg 768w, https:\/\/erasmuspraktika.de\/wordpress\/wp-content\/uploads\/2024\/10\/Erfahrungsbericht_Baader5-9x12.jpg 9w, https:\/\/erasmuspraktika.de\/wordpress\/wp-content\/uploads\/2024\/10\/Erfahrungsbericht_Baader5.jpg 1017w\" sizes=\"(max-width: 751px) 100vw, 751px\" \/><\/figure>\n\n\n\n<figure class=\"wp-block-image size-large\"><img loading=\"lazy\" decoding=\"async\" width=\"624\" height=\"832\" data-id=\"38339\" src=\"https:\/\/erasmuspraktika.de\/wordpress\/wp-content\/uploads\/2024\/10\/Erfahrungsbericht_Baader7.jpg\" alt=\"\" class=\"wp-image-38339\" srcset=\"https:\/\/erasmuspraktika.de\/wordpress\/wp-content\/uploads\/2024\/10\/Erfahrungsbericht_Baader7.jpg 624w, https:\/\/erasmuspraktika.de\/wordpress\/wp-content\/uploads\/2024\/10\/Erfahrungsbericht_Baader7-225x300.jpg 225w, https:\/\/erasmuspraktika.de\/wordpress\/wp-content\/uploads\/2024\/10\/Erfahrungsbericht_Baader7-9x12.jpg 9w\" sizes=\"(max-width: 624px) 100vw, 624px\" \/><\/figure>\n\n\n\n<figure class=\"wp-block-image size-large\"><img loading=\"lazy\" decoding=\"async\" width=\"750\" height=\"938\" data-id=\"38337\" src=\"https:\/\/erasmuspraktika.de\/wordpress\/wp-content\/uploads\/2024\/10\/Erfahrungsbericht_Baader4.jpg\" alt=\"\" class=\"wp-image-38337\" srcset=\"https:\/\/erasmuspraktika.de\/wordpress\/wp-content\/uploads\/2024\/10\/Erfahrungsbericht_Baader4.jpg 750w, https:\/\/erasmuspraktika.de\/wordpress\/wp-content\/uploads\/2024\/10\/Erfahrungsbericht_Baader4-240x300.jpg 240w, https:\/\/erasmuspraktika.de\/wordpress\/wp-content\/uploads\/2024\/10\/Erfahrungsbericht_Baader4-10x12.jpg 10w\" sizes=\"(max-width: 750px) 100vw, 750px\" \/><\/figure>\n<\/figure>\n\n\n\n<p><\/p>","protected":false},"excerpt":{"rendered":"<p>Erfahrungsberichte Praktikum bei Soda Lingerie in Wien 3 Monate \u00d6sterreich 2024 Modedesign Vorbereitung:W\u00e4hrend meines letzten Praktikums in Innsbruck, \u00d6sterreich, begann ich bereits mit der Suche nach dem n\u00e4chsten Praktikum, da ich die erforderliche Dauer f\u00fcr das vorgeschriebene Praxissemester bzw. Auslandspraktikum sonst nicht erreicht h\u00e4tte. Kurz vor Ende meines Aufenthalts in Innsbruck erhielt ich die Zusage [&hellip;]<\/p>","protected":false},"author":13,"featured_media":0,"parent":1895,"menu_order":0,"comment_status":"closed","ping_status":"closed","template":"","meta":{"footnotes":""},"class_list":["post-38334","page","type-page","status-publish","hentry"],"_links":{"self":[{"href":"https:\/\/erasmuspraktika.de\/en\/wp-json\/wp\/v2\/pages\/38334"}],"collection":[{"href":"https:\/\/erasmuspraktika.de\/en\/wp-json\/wp\/v2\/pages"}],"about":[{"href":"https:\/\/erasmuspraktika.de\/en\/wp-json\/wp\/v2\/types\/page"}],"author":[{"embeddable":true,"href":"https:\/\/erasmuspraktika.de\/en\/wp-json\/wp\/v2\/users\/13"}],"replies":[{"embeddable":true,"href":"https:\/\/erasmuspraktika.de\/en\/wp-json\/wp\/v2\/comments?post=38334"}],"version-history":[{"count":5,"href":"https:\/\/erasmuspraktika.de\/en\/wp-json\/wp\/v2\/pages\/38334\/revisions"}],"predecessor-version":[{"id":38346,"href":"https:\/\/erasmuspraktika.de\/en\/wp-json\/wp\/v2\/pages\/38334\/revisions\/38346"}],"up":[{"embeddable":true,"href":"https:\/\/erasmuspraktika.de\/en\/wp-json\/wp\/v2\/pages\/1895"}],"wp:attachment":[{"href":"https:\/\/erasmuspraktika.de\/en\/wp-json\/wp\/v2\/media?parent=38334"}],"curies":[{"name":"wp","href":"https:\/\/api.w.org\/{rel}","templated":true}]}}