{"id":384,"date":"2020-12-14T18:48:10","date_gmt":"2020-12-14T17:48:10","guid":{"rendered":"https:\/\/onlinebewerbung.erasmuspraktika.de\/wordpress\/?page_id=384"},"modified":"2024-12-13T12:12:39","modified_gmt":"2024-12-13T11:12:39","slug":"litauen","status":"publish","type":"page","link":"https:\/\/erasmuspraktika.de\/en\/programmlaender\/litauen\/","title":{"rendered":"Lithuania"},"content":{"rendered":"<div class=\"wp-block-group\"><div class=\"wp-block-group__inner-container is-layout-flow wp-block-group-is-layout-flow\">\n<h2 class=\"wp-block-heading\">Lithuania<\/h2>\n\n\n\n<div class=\"wp-block-columns is-layout-flex wp-container-core-columns-is-layout-1 wp-block-columns-is-layout-flex\">\n<div class=\"wp-block-column is-layout-flow wp-block-column-is-layout-flow\">\n<figure class=\"wp-block-image size-large\"><img loading=\"lazy\" decoding=\"async\" width=\"1024\" height=\"683\" src=\"https:\/\/onlinebewerbung.erasmuspraktika.de\/wordpress\/wp-content\/uploads\/2020\/12\/Litauen-1024x683.jpg\" alt=\"\" class=\"wp-image-385\" srcset=\"https:\/\/erasmuspraktika.de\/wordpress\/wp-content\/uploads\/2020\/12\/Litauen-1024x683.jpg 1024w, https:\/\/erasmuspraktika.de\/wordpress\/wp-content\/uploads\/2020\/12\/Litauen-300x200.jpg 300w, https:\/\/erasmuspraktika.de\/wordpress\/wp-content\/uploads\/2020\/12\/Litauen-768x512.jpg 768w, https:\/\/erasmuspraktika.de\/wordpress\/wp-content\/uploads\/2020\/12\/Litauen-1536x1024.jpg 1536w, https:\/\/erasmuspraktika.de\/wordpress\/wp-content\/uploads\/2020\/12\/Litauen-2048x1365.jpg 2048w\" sizes=\"(max-width: 1024px) 100vw, 1024px\" \/><figcaption class=\"wp-element-caption\">Parnidis-D\u00fcne, Neringa \u2013 Photo: Vaiva Deksnyte<\/figcaption><\/figure>\n<\/div>\n\n\n\n<div class=\"wp-block-column is-layout-flow wp-block-column-is-layout-flow\">\n<p>\"Land of contrasts\" - this is how one could describe Lithuania's nature. In addition to dense pine forests, huge shifting sand dunes cover the land on the Curonian Spit and offer plenty of space for creatures of all kinds. In fact, Lithuania was even declared the geographical centre of Europe in 1989 by scientists from the French Geography Institute. A trip to the country with the second highest dune in Europe offers everyone unique views of the country and its people.<\/p>\n<\/div>\n<\/div>\n<\/div><\/div>\n\n\n\n<div class=\"wp-block-group hintergrund-blau\"><div class=\"wp-block-group__inner-container is-layout-flow wp-block-group-is-layout-flow\">\n<h3 class=\"wp-block-heading\">Heplful links<\/h3>\n\n\n\n<h4 class=\"wp-block-heading\">Jobs<\/h4>\n\n\n\n<ul class=\"wp-block-list\">\n<li><a href=\"https:\/\/www.ahk-balt.org\/de\/interne-ahk-ordner\/karriere\/praktikum-bei-der-ahk\">Praktikum bei der AHK<\/a><\/li>\n<\/ul>\n\n\n\n<h4 class=\"wp-block-heading\">Accommodation<\/h4>\n\n\n\n<ul class=\"wp-block-list\">\n<li><a rel=\"noreferrer noopener\" href=\"https:\/\/m.en.aruodas.lt\" target=\"_blank\">m.en.aruodas.lt<\/a><\/li>\n\n\n\n<li><a href=\"https:\/\/domoplius.lt\/en\/\" data-type=\"link\" data-id=\"https:\/\/domoplius.lt\/en\/\">domoplius.lt\/en<\/a><\/li>\n<\/ul>\n\n\n\n<h4 class=\"wp-block-heading\">Others<\/h4>\n\n\n\n<ul class=\"wp-block-list\">\n<li>\/<\/li>\n<\/ul>\n\n\n\n\n\n<div style=\"height:50px\" aria-hidden=\"true\" class=\"wp-block-spacer\"><\/div>\n<\/div><\/div>","protected":false},"excerpt":{"rendered":"<p>Litauen \u201eLand der Kontraste\u201c \u2013 so k\u00f6nnte man die Natur Litauens beschreiben. Neben dichten Kiefernw\u00e4ldern bedecken an der kurischen Nehrung riesige Wanderd\u00fcnen das Land und bieten viel Raum f\u00fcr Lebewesen aller Art. Tats\u00e4chlich wurde Litauen 1989 von Wissenschaftlern des franz\u00f6sischen Geografie-Instituts sogar zum geografischen Mittelpunkt Europas erkl\u00e4rt. Eine Reise in das Land mit der zweith\u00f6chsten [&hellip;]<\/p>","protected":false},"author":14,"featured_media":0,"parent":48,"menu_order":0,"comment_status":"closed","ping_status":"closed","template":"","meta":{"footnotes":""},"class_list":["post-384","page","type-page","status-publish","hentry"],"_links":{"self":[{"href":"https:\/\/erasmuspraktika.de\/en\/wp-json\/wp\/v2\/pages\/384"}],"collection":[{"href":"https:\/\/erasmuspraktika.de\/en\/wp-json\/wp\/v2\/pages"}],"about":[{"href":"https:\/\/erasmuspraktika.de\/en\/wp-json\/wp\/v2\/types\/page"}],"author":[{"embeddable":true,"href":"https:\/\/erasmuspraktika.de\/en\/wp-json\/wp\/v2\/users\/14"}],"replies":[{"embeddable":true,"href":"https:\/\/erasmuspraktika.de\/en\/wp-json\/wp\/v2\/comments?post=384"}],"version-history":[{"count":11,"href":"https:\/\/erasmuspraktika.de\/en\/wp-json\/wp\/v2\/pages\/384\/revisions"}],"predecessor-version":[{"id":38411,"href":"https:\/\/erasmuspraktika.de\/en\/wp-json\/wp\/v2\/pages\/384\/revisions\/38411"}],"up":[{"embeddable":true,"href":"https:\/\/erasmuspraktika.de\/en\/wp-json\/wp\/v2\/pages\/48"}],"wp:attachment":[{"href":"https:\/\/erasmuspraktika.de\/en\/wp-json\/wp\/v2\/media?parent=384"}],"curies":[{"name":"wp","href":"https:\/\/api.w.org\/{rel}","templated":true}]}}