{"id":38767,"date":"2025-09-12T13:05:25","date_gmt":"2025-09-12T11:05:25","guid":{"rendered":"https:\/\/erasmuspraktika.de\/?page_id=38767"},"modified":"2025-09-12T13:05:25","modified_gmt":"2025-09-12T11:05:25","slug":"praktikum-bei-mkr-glas-og-design-in-solbjerg-daenemark","status":"publish","type":"page","link":"https:\/\/erasmuspraktika.de\/en\/erfahrungsberichte\/praktikum-bei-mkr-glas-og-design-in-solbjerg-daenemark\/","title":{"rendered":"Praktikum bei MKR Glas og Design in Solbjerg (D\u00e4nemark)"},"content":{"rendered":"<h2 class=\"wp-block-heading\">Praktikum bei MKR Glas og Design in Solbjerg (D\u00e4nemark)<\/h2>\n\n\n\n<p><strong>Vorbereitungen<\/strong><\/p>\n\n\n\n<p>Mein Erasmus+ &#8211; Praktikum absolvierte ich bei <em>MKR Glas og Design<\/em> in D\u00e4nemark. Den Praktikumsplatz fand ich \u00fcber das Internet. Da ich gezielte Vorstellungen hatte, was ich im Bereich Kunsthandwerk lernen wollte, suchte ich eigenst\u00e4ndig nach geeigneten Betrieben. Besonders interessierte mich der Glasapparatebau \u2013 ein Bereich, in dem es in Deutschland zwar einige Fachleute gibt, in D\u00e4nemark jedoch nur sehr wenige. Die Suche gestaltete sich schwierig, da man genau wissen muss, wo man ansetzen muss. Ein Anruf in einer d\u00e4nischen Werkstatt brachte mich auf die richtige Spur: Ich fand \u00fcber Facebook eine Gruppe, in der sich Glask\u00fcnstler:innen austauschen \u2013 dort wurde ich schlie\u00dflich f\u00fcndig.<\/p>\n\n\n\n<p>Die Wohnungssuche verlief \u00e4hnlich wie die Praktikumssuche: aufwendig. D\u00e4nemark ist recht hochpreisig, daher ist es wichtig, sich fr\u00fchzeitig um eine Unterkunft zu k\u00fcmmern. Auch hier half mir Facebook weiter. Viele d\u00e4nische Wohnungsportale sind nur zug\u00e4nglich, wenn man sich registriert oder eine Geb\u00fchr zahlt. Ein Tipp f\u00fcr zuk\u00fcnftige Erasmus-Teilnehmer:innen: Sucht nach Wohnungsseiten in Landessprache \u2013 und nutzt soziale Medien aktiv, um schneller f\u00fcndig zu werden.<\/p>\n\n\n<div class=\"wp-block-image\">\n<figure class=\"alignright\"><img loading=\"lazy\" decoding=\"async\" width=\"225\" height=\"300\" src=\"https:\/\/erasmuspraktika.de\/wordpress\/wp-content\/uploads\/2025\/09\/golle-2-225x300.jpg\" alt=\"\" class=\"wp-image-38770\" srcset=\"https:\/\/erasmuspraktika.de\/wordpress\/wp-content\/uploads\/2025\/09\/golle-2-225x300.jpg 225w, https:\/\/erasmuspraktika.de\/wordpress\/wp-content\/uploads\/2025\/09\/golle-2-768x1024.jpg 768w, https:\/\/erasmuspraktika.de\/wordpress\/wp-content\/uploads\/2025\/09\/golle-2-1152x1536.jpg 1152w, https:\/\/erasmuspraktika.de\/wordpress\/wp-content\/uploads\/2025\/09\/golle-2-1536x2048.jpg 1536w, https:\/\/erasmuspraktika.de\/wordpress\/wp-content\/uploads\/2025\/09\/golle-2-9x12.jpg 9w, https:\/\/erasmuspraktika.de\/wordpress\/wp-content\/uploads\/2025\/09\/golle-2-scaled.jpg 1920w\" sizes=\"(max-width: 225px) 100vw, 225px\" \/><\/figure><\/div>\n\n\n<p><strong>Gastunternehmen<\/strong><\/p>\n\n\n\n<p>Mein Arbeitsalltag bestand darin, das Handwerk des Glasapparatebaus zu erlernen. Ich arbeitete mit verschiedenen Glastypen \u2013 Hohlglas, chemisches Glas sowie massives Glas \u2013 und lernte, wie man diese Materialien am Gasbrenner erhitzt und formt. Ein wichtiger Teil meiner Aufgaben war es, eigene Entw\u00fcrfe zu gestalten, mit meinem Lehrer zu besprechen und schlie\u00dflich selbst umzusetzen. Kleine \u00dcbungsaufgaben halfen mir dabei, Techniken schrittweise zu erlernen und sicher im Umgang mit dem Material zu werden. Oft begann ich mit einem einfachen Modell, bevor ich mich an komplexere Arbeiten wagte.<\/p>\n\n\n\n<p>Der Arbeitsplatz wurde stets gemeinsam vorbereitet. Dabei lernte ich nicht nur die technischen Abl\u00e4ufe, sondern auch die Sicherheitsaspekte im Umgang mit hei\u00dfem Glas. Die Betreuung durch meinen Lehrer war jederzeit gegeben. Durch seine anschaulichen Demonstrationen und klaren Erkl\u00e4rungen konnte ich schnell selbstst\u00e4ndig arbeiten.<\/p>\n\n\n\n<p>Eine Verg\u00fctung gab es nicht, daf\u00fcr wurden alle Material- und Energiekosten \u00fcbernommen. Das Wissen, das ich vermittelt bekam, ist in Deutschland oft nur in teuren Kursen erh\u00e4ltlich \u2013 entsprechend fair empfand ich die Rahmenbedingungen. Dank der Erasmus+-F\u00f6rderung konnte ich meine Lebenshaltungskosten decken.<\/p>\n\n\n\n<p>Das Praktikum half mir, meine Kenntnisse im Bereich Glaskunst deutlich zu vertiefen und erg\u00e4nzte mein Studium der Freien Kunst mit Schwerpunkt Keramik und Glas ideal. Durch die regelm\u00e4\u00dfige Arbeit am Gasbrenner konnte ich meine F\u00e4higkeiten in der Glasbearbeitung gezielt weiterentwickeln. T\u00e4gliches praktisches Training und kontinuierliche \u00dcbung waren dabei entscheidend f\u00fcr meinen Fortschritt.<\/p>\n\n\n\n<p>Ich erhielt eine Einf\u00fchrung in die Bearbeitung von Hohlk\u00f6rpern und erlernte Techniken wie das Brennschneiden, das gezielte Aufweiten von Glas sowie die Anwendung der Blasschlauchtechnik. Dar\u00fcber hinaus sammelte ich Erfahrungen in unterschiedlichen bildhauerischen und formgebenden Verfahren zur k\u00fcnstlerischen Gestaltung von Glasobjekten. Die Kombination aus technischem Know-how und gestalterischem Ausdruck erm\u00f6glichte mir einen vielseitigen und praxisnahen Einblick in das Glashandwerk.<\/p>\n\n\n\n<p class=\"has-text-align-left\"><strong>Fazit<\/strong><\/p>\n\n\n\n<p class=\"has-text-align-left\">Ich kann das Unternehmen weiterempfehlen und mein Lehrer war \u00e4u\u00dferst kompetent, engagiert und offen. Er war jederzeit ansprechbar, unterst\u00fctzt seine Praktikant:innen individuell und geht auf ihre Lernziele in. D\u00e4nemark ist ein modernes, offenes Land \u2013 viele allt\u00e4gliche Dinge, wie etwa Fahrkarten oder Bezahlungen, laufen \u00fcber das Smartphone; Bargeld wird kaum verwendet. Obwohl das Preisniveau hoch ist, gibt es auch kostenfreie Veranstaltungen und Sprachabende f\u00fcr internationale Studierende.<\/p>\n\n\n<div class=\"wp-block-image\">\n<figure class=\"alignleft\"><img loading=\"lazy\" decoding=\"async\" width=\"300\" height=\"169\" src=\"https:\/\/erasmuspraktika.de\/wordpress\/wp-content\/uploads\/2025\/09\/golle2-300x169.jpg\" alt=\"\" class=\"wp-image-38772\" srcset=\"https:\/\/erasmuspraktika.de\/wordpress\/wp-content\/uploads\/2025\/09\/golle2-300x169.jpg 300w, https:\/\/erasmuspraktika.de\/wordpress\/wp-content\/uploads\/2025\/09\/golle2-1024x576.jpg 1024w, https:\/\/erasmuspraktika.de\/wordpress\/wp-content\/uploads\/2025\/09\/golle2-768x432.jpg 768w, https:\/\/erasmuspraktika.de\/wordpress\/wp-content\/uploads\/2025\/09\/golle2-1536x864.jpg 1536w, https:\/\/erasmuspraktika.de\/wordpress\/wp-content\/uploads\/2025\/09\/golle2-2048x1152.jpg 2048w, https:\/\/erasmuspraktika.de\/wordpress\/wp-content\/uploads\/2025\/09\/golle2-18x10.jpg 18w\" sizes=\"(max-width: 300px) 100vw, 300px\" \/><\/figure><\/div>\n\n\n<p class=\"has-text-align-left\">F\u00fcr mich als K\u00fcnstlerin war das Praktikum eine wertvolle Erfahrung. Es bot mir nicht nur praktisches Wissen im Fachbereich Glas, sondern auch die M\u00f6glichkeit, mich kreativ weiterzuentwickeln und internationale Kontakte zu kn\u00fcpfen. Ich habe zudem die Option, auch nach Erasmus zur\u00fcckzukehren, um noch mehr zu lernen. Das Praktikum war f\u00fcr mich ein tiefer Einblick in die Glaskunst, eine bereichernde Verbindung zu meinem Studium der Freien Kunst, Keramik und Glas, und zu unserem Nachbarland D\u00e4nemark.<\/p>","protected":false},"excerpt":{"rendered":"<p>Praktikum bei MKR Glas og Design in Solbjerg (D\u00e4nemark) Vorbereitungen Mein Erasmus+ &#8211; Praktikum absolvierte ich bei MKR Glas og Design in D\u00e4nemark. Den Praktikumsplatz fand ich \u00fcber das Internet. Da ich gezielte Vorstellungen hatte, was ich im Bereich Kunsthandwerk lernen wollte, suchte ich eigenst\u00e4ndig nach geeigneten Betrieben. Besonders interessierte mich der Glasapparatebau \u2013 ein [&hellip;]<\/p>","protected":false},"author":13,"featured_media":0,"parent":1895,"menu_order":0,"comment_status":"closed","ping_status":"closed","template":"","meta":{"footnotes":""},"class_list":["post-38767","page","type-page","status-publish","hentry"],"_links":{"self":[{"href":"https:\/\/erasmuspraktika.de\/en\/wp-json\/wp\/v2\/pages\/38767"}],"collection":[{"href":"https:\/\/erasmuspraktika.de\/en\/wp-json\/wp\/v2\/pages"}],"about":[{"href":"https:\/\/erasmuspraktika.de\/en\/wp-json\/wp\/v2\/types\/page"}],"author":[{"embeddable":true,"href":"https:\/\/erasmuspraktika.de\/en\/wp-json\/wp\/v2\/users\/13"}],"replies":[{"embeddable":true,"href":"https:\/\/erasmuspraktika.de\/en\/wp-json\/wp\/v2\/comments?post=38767"}],"version-history":[{"count":6,"href":"https:\/\/erasmuspraktika.de\/en\/wp-json\/wp\/v2\/pages\/38767\/revisions"}],"predecessor-version":[{"id":38781,"href":"https:\/\/erasmuspraktika.de\/en\/wp-json\/wp\/v2\/pages\/38767\/revisions\/38781"}],"up":[{"embeddable":true,"href":"https:\/\/erasmuspraktika.de\/en\/wp-json\/wp\/v2\/pages\/1895"}],"wp:attachment":[{"href":"https:\/\/erasmuspraktika.de\/en\/wp-json\/wp\/v2\/media?parent=38767"}],"curies":[{"name":"wp","href":"https:\/\/api.w.org\/{rel}","templated":true}]}}