{"id":38799,"date":"2025-09-29T10:10:43","date_gmt":"2025-09-29T08:10:43","guid":{"rendered":"https:\/\/erasmuspraktika.de\/?page_id=38799"},"modified":"2025-09-29T10:10:43","modified_gmt":"2025-09-29T08:10:43","slug":"praktikum-bei-bosch-in-tranas-schweden","status":"publish","type":"page","link":"https:\/\/erasmuspraktika.de\/en\/erfahrungsberichte\/praktikum-bei-bosch-in-tranas-schweden\/","title":{"rendered":"Praktikum bei Bosch in Tran\u00e5s (Schweden)"},"content":{"rendered":"<h2 class=\"wp-block-heading\">Praktikum bei Bosch in Tran\u00e5s (Schweden)<\/h2>\n\n\n\n<p><strong>Vorbereitung<\/strong><\/p>\n\n\n\n<p>Die Bewerbungsphase verlief unkompliziert. Internationale Praktikumsstellen bei Bosch werden auf dem Stellenportal des Unternehmens ver\u00f6ffentlich. Zur Bewerbung wird ein Lebenslauf ben\u00f6tigt. Ein Motivationsschreiben ist nicht zwingend n\u00f6tig. Das Bewerbungsportal \u00f6ffnet etwa vier Monate vor Beginn des Praktikums. Ein Start ist jeweils im M\u00e4rz und September m\u00f6glich. Das Praktikum umfasst mindestens f\u00fcnf, jedoch bestenfalls sechs Monate. Aufgrund der langen Dauer eignet sich das Praktikum deshalb am besten f\u00fcr ein Praxis- oder Gap-Semester. Die Einladung zum Vorstellungsgespr\u00e4ch erfolgte schnell nach Versand der Bewerbungsunterlagen. Zwischen Versand der Bewerbungsunterlagen und Zusage f\u00fcr das Praktikum vergingen so etwa sechs Wochen, die Erasmus-Unterlagen waren nach acht Wochen vom Unternehmen unterzeichnet und nach zehn Wochen durch das Grant Agreement best\u00e4tigt. Die Unterkunft wird von Bosch gestellt und bedarf deshalb keiner weiteren Vorbereitung. Die An- und Abreise erfolgen nach eigener Planung. Auch diese Kosten werden von Bosch erstattet. Oft ist es m\u00f6glich, bereits einige Tage vor Start des Praktikums einzuziehen.<\/p>\n\n\n\n<p><strong>Praktikum<\/strong><\/p>\n\n\n\n<p>Am Standort Tran\u00e5s werden W\u00e4rmepumpen entwickelt und produziert. Es gibt zahlreiche Montagelinien, jedoch keine Fertigung. Die TEF-Abteilungen planen neue Produktionsanlagen f\u00fcr die verschiedenen Produktvarianten und begleiten das Produkt von der Erstellung eines Prototyps bis hin zur Serienproduktion. Die wichtigsten Aufgaben der Abteilung TEF6 umfassen die Arbeitsplatzgestaltung, das Line-Balancing, die Entwicklung von Montagevorrichtungen und Werkzeugen sowie die Ergonomiebetrachtung. Zudem ist die Abteilung f\u00fcr die Bereitstellung von Materialien, die Implementierung und Kalibrierung von Testvorrichtungen in der Produktionslinie sowie f\u00fcr Automatisierungsvorg\u00e4nge in Montage und Logistik zust\u00e4ndig. Auch Lean-Production-Ans\u00e4tze wie 5S spielen dabei eine zentrale Rolle.<\/p>\n\n\n\n<p>Im Rahmen des Praktikums ist es m\u00f6glich einen \u00dcberblick in all diese Bereiche zu bekommen. Es wird sowohl an kleineren selbst\u00e4ndigen Projekten als auch an gr\u00f6\u00dferen fachbereichs\u00fcbergreifenden Themen gearbeitet. W\u00e4hrend der vielf\u00e4ltige Einblick in die Produktionsumgebung gro\u00dfe M\u00f6glichkeiten zum Lernen bietet, besteht ein Gro\u00dfteil der zugeteilten Aufgaben jedoch eher aus Routineabl\u00e4ufen.<\/p>\n\n\n\n<p>Die offizielle Sprache im white-collar B\u00fcro ist Englisch, da die Abteilungen oft international zusammengesetzt sind. Dennoch sind Kenntnisse in Schwedisch von gro\u00dfem Vorteil in der Kommunikation. Alle Mitarbeiter sind au\u00dferordentlich hilfsbereit und beantworten gerne aufkommende Fragen.<\/p>\n\n\n\n<p>Im Rahmen meines Praktikums habe ich unter anderem bei der Materialplanung f\u00fcr eine neue Produktionslinie und der Automatisierung mehrerer Greifvorg\u00e4nge mitgewirkt. Dar\u00fcber hinaus durfte ich in einem selbstst\u00e4ndigen Projekt eine elektrische Schaltung zum Steuern eines einfachen pneumatischen Prozesses in der Linie entwickeln und installieren. Ich habe mich auch mit der \u00dcberpr\u00fcfung und Kalibrierung von Dichtigkeitsteststationen besch\u00e4ftigt und vieles \u00fcber den ESD-Schutz gelernt. Zuletzt wurde ich auch in den Recherche- und Beschaffungsprozess f\u00fcr Ausstattung der neuen Montagelinie eingebunden. W\u00e4hrend all dieser T\u00e4tigkeiten erhielt ich nicht nur einen tiefen Einblick in die Planung einer Montagelinie, sondern konnte auch einen guten Einblick in relevante Software wie Teamcenter, SAP, Q-DAS und AutoCAD gewinnen.<\/p>\n\n\n\n<p><strong>Alltag und Freizeit<\/strong><\/p>\n\n\n\n<p>Die t\u00e4gliche Arbeitszeit betr\u00e4gt acht Stunden. Dazu kommen 45 Minuten Mittagspause und eine in der Arbeitszeit enthaltene zehnmin\u00fctige Fr\u00fchst\u00fcckspause (Fika). In der Regel k\u00f6nnen diese Zeiten in Gleitzeit erbracht werden. \u00dcbliche Arbeitszeiten liegen zwischen 7.30 und 16.30 Uhr. Geleistete \u00dcberstunden k\u00f6nnen im Rahmen der Gleitzeit oder als voller Urlaubstag abgebaut werden. Zus\u00e4tzlich gibt es auch sechs regul\u00e4re Urlaubstage.<\/p>\n\n\n<div class=\"wp-block-image\">\n<figure class=\"alignright\"><img loading=\"lazy\" decoding=\"async\" width=\"300\" height=\"169\" src=\"https:\/\/erasmuspraktika.de\/wordpress\/wp-content\/uploads\/2025\/09\/4-300x169.jpg\" alt=\"\" class=\"wp-image-38801\" srcset=\"https:\/\/erasmuspraktika.de\/wordpress\/wp-content\/uploads\/2025\/09\/4-300x169.jpg 300w, https:\/\/erasmuspraktika.de\/wordpress\/wp-content\/uploads\/2025\/09\/4-1024x577.jpg 1024w, https:\/\/erasmuspraktika.de\/wordpress\/wp-content\/uploads\/2025\/09\/4-768x432.jpg 768w, https:\/\/erasmuspraktika.de\/wordpress\/wp-content\/uploads\/2025\/09\/4-1536x865.jpg 1536w, https:\/\/erasmuspraktika.de\/wordpress\/wp-content\/uploads\/2025\/09\/4-18x10.jpg 18w, https:\/\/erasmuspraktika.de\/wordpress\/wp-content\/uploads\/2025\/09\/4.jpg 1600w\" sizes=\"(max-width: 300px) 100vw, 300px\" \/><\/figure><\/div>\n\n<div class=\"wp-block-image\">\n<figure class=\"alignleft\"><img loading=\"lazy\" decoding=\"async\" width=\"225\" height=\"300\" src=\"https:\/\/erasmuspraktika.de\/wordpress\/wp-content\/uploads\/2025\/09\/3-225x300.jpg\" alt=\"\" class=\"wp-image-38800\" srcset=\"https:\/\/erasmuspraktika.de\/wordpress\/wp-content\/uploads\/2025\/09\/3-225x300.jpg 225w, https:\/\/erasmuspraktika.de\/wordpress\/wp-content\/uploads\/2025\/09\/3-768x1024.jpg 768w, https:\/\/erasmuspraktika.de\/wordpress\/wp-content\/uploads\/2025\/09\/3-1152x1536.jpg 1152w, https:\/\/erasmuspraktika.de\/wordpress\/wp-content\/uploads\/2025\/09\/3-9x12.jpg 9w, https:\/\/erasmuspraktika.de\/wordpress\/wp-content\/uploads\/2025\/09\/3.jpg 1200w\" sizes=\"(max-width: 225px) 100vw, 225px\" \/><\/figure><\/div>\n\n\n<p> Die Wochenenden k\u00f6nnen f\u00fcr Ausfl\u00fcge genutzt werden. Einige Empfehlungen in der Umgebung des kleinen Ortes Tran\u00e5s sind die St\u00e4dte J\u00f6nk\u00f6ping, Link\u00f6ping und Norrk\u00f6ping sowie die Seen Sommen, V\u00e4ttern und V\u00e4nern. Auch entferntere Ausfl\u00fcge nach Stockholm, G\u00f6teborg oder Oslo lohnen sich. Am besten haben mir jedoch die abgelegenen D\u00f6rfer mit ihren sch\u00f6nen Schwedenh\u00e4usern, Feldern und kleinen Seen gefallen. Das Sm\u00e5land bietet wirklich viele Ausflugsziele. Der touristischste Ort in der Umgebung ist vermutlich Gr\u00e4nna, Geburtsort der Polkagrisar-Zuckerstangen. Die meisten meiner freien Tage habe ich genutzt, um durch die Berge Norwegens und Schwedens zu backpacken. Insbesondere die Fjorde und Berge Norwegens sind etwas ganz Besonderes, und ein Ausflug dahin ist nach M\u00f6glichkeit auf jeden Fall zu empfehlen.<\/p>\n\n\n\n<p>Tipp: Bei Fritidsbanken lassen sich kostenfrei unz\u00e4hlige Freizeit- und Outdoorartikel ausleihen.<\/p>\n\n\n\n<p><strong>Fazit<\/strong><\/p>\n\n\n\n<p>Ein Auslandspraktikum ist jedem zu empfehlen. F\u00fcr technisch interessierte Studenten gibt es bei Bosch Thermoteknik in Tran\u00e5s eine hervorragende M\u00f6glichkeit, um sich technische F\u00e4higkeiten anzueignen und \u00fcber den eigenen Tellerrand hinauszuschauen. Nicht ohne Grund sind zahlreiche der ehemaligen Praktikanten nach Ihrem Studium nach Tran\u00e5s zur\u00fcckgekehrt. Schweden bietet eine au\u00dfergew\u00f6hnlich gute Lebensqualit\u00e4t, traumhafte Landschaften und eine gute Anbindung an die meisten skandinavischen Urlaubsziele. Die langen und warmen Sommertage sind perfekt, um nicht nur das Praktikum, sondern auch das Land zu erkunden.<\/p>\n\n\n<div class=\"wp-block-image\">\n<figure class=\"alignleft\"><img loading=\"lazy\" decoding=\"async\" width=\"300\" height=\"169\" src=\"https:\/\/erasmuspraktika.de\/wordpress\/wp-content\/uploads\/2025\/09\/9-300x169.jpg\" alt=\"\" class=\"wp-image-38804\" srcset=\"https:\/\/erasmuspraktika.de\/wordpress\/wp-content\/uploads\/2025\/09\/9-300x169.jpg 300w, https:\/\/erasmuspraktika.de\/wordpress\/wp-content\/uploads\/2025\/09\/9-1024x577.jpg 1024w, https:\/\/erasmuspraktika.de\/wordpress\/wp-content\/uploads\/2025\/09\/9-768x432.jpg 768w, https:\/\/erasmuspraktika.de\/wordpress\/wp-content\/uploads\/2025\/09\/9-1536x865.jpg 1536w, https:\/\/erasmuspraktika.de\/wordpress\/wp-content\/uploads\/2025\/09\/9-2048x1153.jpg 2048w, https:\/\/erasmuspraktika.de\/wordpress\/wp-content\/uploads\/2025\/09\/9-18x10.jpg 18w\" sizes=\"(max-width: 300px) 100vw, 300px\" \/><\/figure><\/div>\n\n<div class=\"wp-block-image\">\n<figure class=\"alignleft\"><img loading=\"lazy\" decoding=\"async\" width=\"169\" height=\"300\" src=\"https:\/\/erasmuspraktika.de\/wordpress\/wp-content\/uploads\/2025\/09\/10-169x300.jpg\" alt=\"\" class=\"wp-image-38803\" srcset=\"https:\/\/erasmuspraktika.de\/wordpress\/wp-content\/uploads\/2025\/09\/10-169x300.jpg 169w, https:\/\/erasmuspraktika.de\/wordpress\/wp-content\/uploads\/2025\/09\/10-576x1024.jpg 576w, https:\/\/erasmuspraktika.de\/wordpress\/wp-content\/uploads\/2025\/09\/10-768x1365.jpg 768w, https:\/\/erasmuspraktika.de\/wordpress\/wp-content\/uploads\/2025\/09\/10-864x1536.jpg 864w, https:\/\/erasmuspraktika.de\/wordpress\/wp-content\/uploads\/2025\/09\/10-7x12.jpg 7w, https:\/\/erasmuspraktika.de\/wordpress\/wp-content\/uploads\/2025\/09\/10.jpg 900w\" sizes=\"(max-width: 169px) 100vw, 169px\" \/><\/figure><\/div>\n\n\n<figure class=\"wp-block-image\"><img loading=\"lazy\" decoding=\"async\" width=\"300\" height=\"225\" src=\"https:\/\/erasmuspraktika.de\/wordpress\/wp-content\/uploads\/2025\/09\/6-300x225.jpg\" alt=\"\" class=\"wp-image-38802\" srcset=\"https:\/\/erasmuspraktika.de\/wordpress\/wp-content\/uploads\/2025\/09\/6-300x225.jpg 300w, https:\/\/erasmuspraktika.de\/wordpress\/wp-content\/uploads\/2025\/09\/6-1024x768.jpg 1024w, https:\/\/erasmuspraktika.de\/wordpress\/wp-content\/uploads\/2025\/09\/6-768x576.jpg 768w, https:\/\/erasmuspraktika.de\/wordpress\/wp-content\/uploads\/2025\/09\/6-16x12.jpg 16w, https:\/\/erasmuspraktika.de\/wordpress\/wp-content\/uploads\/2025\/09\/6.jpg 1296w\" sizes=\"(max-width: 300px) 100vw, 300px\" \/><\/figure>\n\n\n\n<p><\/p>\n\n\n\n<p><\/p>","protected":false},"excerpt":{"rendered":"<p>Praktikum bei Bosch in Tran\u00e5s (Schweden) Vorbereitung Die Bewerbungsphase verlief unkompliziert. Internationale Praktikumsstellen bei Bosch werden auf dem Stellenportal des Unternehmens ver\u00f6ffentlich. Zur Bewerbung wird ein Lebenslauf ben\u00f6tigt. Ein Motivationsschreiben ist nicht zwingend n\u00f6tig. Das Bewerbungsportal \u00f6ffnet etwa vier Monate vor Beginn des Praktikums. Ein Start ist jeweils im M\u00e4rz und September m\u00f6glich. Das Praktikum [&hellip;]<\/p>","protected":false},"author":13,"featured_media":0,"parent":1895,"menu_order":0,"comment_status":"closed","ping_status":"closed","template":"","meta":{"footnotes":""},"class_list":["post-38799","page","type-page","status-publish","hentry"],"_links":{"self":[{"href":"https:\/\/erasmuspraktika.de\/en\/wp-json\/wp\/v2\/pages\/38799"}],"collection":[{"href":"https:\/\/erasmuspraktika.de\/en\/wp-json\/wp\/v2\/pages"}],"about":[{"href":"https:\/\/erasmuspraktika.de\/en\/wp-json\/wp\/v2\/types\/page"}],"author":[{"embeddable":true,"href":"https:\/\/erasmuspraktika.de\/en\/wp-json\/wp\/v2\/users\/13"}],"replies":[{"embeddable":true,"href":"https:\/\/erasmuspraktika.de\/en\/wp-json\/wp\/v2\/comments?post=38799"}],"version-history":[{"count":2,"href":"https:\/\/erasmuspraktika.de\/en\/wp-json\/wp\/v2\/pages\/38799\/revisions"}],"predecessor-version":[{"id":38806,"href":"https:\/\/erasmuspraktika.de\/en\/wp-json\/wp\/v2\/pages\/38799\/revisions\/38806"}],"up":[{"embeddable":true,"href":"https:\/\/erasmuspraktika.de\/en\/wp-json\/wp\/v2\/pages\/1895"}],"wp:attachment":[{"href":"https:\/\/erasmuspraktika.de\/en\/wp-json\/wp\/v2\/media?parent=38799"}],"curies":[{"name":"wp","href":"https:\/\/api.w.org\/{rel}","templated":true}]}}