{"id":396,"date":"2020-12-14T18:52:53","date_gmt":"2020-12-14T17:52:53","guid":{"rendered":"https:\/\/onlinebewerbung.erasmuspraktika.de\/wordpress\/?page_id=396"},"modified":"2025-02-14T13:32:01","modified_gmt":"2025-02-14T12:32:01","slug":"niederlande","status":"publish","type":"page","link":"https:\/\/erasmuspraktika.de\/en\/programmlaender\/niederlande\/","title":{"rendered":"Netherlands"},"content":{"rendered":"<div class=\"wp-block-group\"><div class=\"wp-block-group__inner-container is-layout-flow wp-block-group-is-layout-flow\">\n<h2 class=\"wp-block-heading\">Netherlands<\/h2>\n\n\n\n<div class=\"wp-block-columns is-layout-flex wp-container-core-columns-is-layout-1 wp-block-columns-is-layout-flex\">\n<div class=\"wp-block-column is-layout-flow wp-block-column-is-layout-flow\">\n<figure class=\"wp-block-image size-large\"><img loading=\"lazy\" decoding=\"async\" width=\"1024\" height=\"683\" src=\"https:\/\/onlinebewerbung.erasmuspraktika.de\/wordpress\/wp-content\/uploads\/2020\/12\/Niederlande-1024x683.jpg\" alt=\"\" class=\"wp-image-397\" srcset=\"https:\/\/erasmuspraktika.de\/wordpress\/wp-content\/uploads\/2020\/12\/Niederlande-1024x683.jpg 1024w, https:\/\/erasmuspraktika.de\/wordpress\/wp-content\/uploads\/2020\/12\/Niederlande-300x200.jpg 300w, https:\/\/erasmuspraktika.de\/wordpress\/wp-content\/uploads\/2020\/12\/Niederlande-768x512.jpg 768w, https:\/\/erasmuspraktika.de\/wordpress\/wp-content\/uploads\/2020\/12\/Niederlande-1536x1024.jpg 1536w, https:\/\/erasmuspraktika.de\/wordpress\/wp-content\/uploads\/2020\/12\/Niederlande-2048x1365.jpg 2048w\" sizes=\"(max-width: 1024px) 100vw, 1024px\" \/><figcaption class=\"wp-element-caption\">Zaanse Schans, Zaanstad \u2013 Photo: Michal Soukup<\/figcaption><\/figure>\n<\/div>\n\n\n\n<div class=\"wp-block-column is-layout-flow wp-block-column-is-layout-flow\">\n<p>Cheese, clogs and windmills. These are the common things that many think of when it comes to the Netherlands. In fact the country and its culture offers many more interesting facts for which a second look is certainly worthwhile.<\/p>\n\n\n\n<p>The Netherlands, for example, is the only country in the world whose airports are below sea level and fortune teller is a certified profession in the Netherlands.<\/p>\n<\/div>\n<\/div>\n<\/div><\/div>\n\n\n\n<div class=\"wp-block-group hintergrund-blau\"><div class=\"wp-block-group__inner-container is-layout-flow wp-block-group-is-layout-flow\">\n<h3 class=\"wp-block-heading\">Heplful links<\/h3>\n\n\n\n<h4 class=\"wp-block-heading\">Jobs<\/h4>\n\n\n\n<ul class=\"wp-block-list\">\n<li><a href=\"https:\/\/www.jobted.nl\/stage-vacatures\" target=\"_blank\" rel=\"noreferrer noopener\">Jobted<\/a><\/li>\n\n\n\n<li><a href=\"https:\/\/stageplaza.nl\/\">Stageplaza<\/a><\/li>\n<\/ul>\n\n\n\n<h4 class=\"wp-block-heading\">Accommodation<\/h4>\n\n\n\n<ul class=\"wp-block-list\">\n<li><a href=\"https:\/\/www.huurwoningen.nl\" target=\"_blank\" rel=\"noreferrer noopener\">huurwoningen.nl<\/a><\/li>\n\n\n\n<li><a href=\"https:\/\/www.duwo.nl\" target=\"_blank\" rel=\"noreferrer noopener\">duwo.nl<\/a><\/li>\n\n\n\n<li><a href=\"https:\/\/www.funda.nl\/\">funda.nl<\/a><\/li>\n\n\n\n<li><a href=\"https:\/\/www.rooming.nl\" target=\"_blank\" rel=\"noreferrer noopener\">rooming.nl<\/a><\/li>\n\n\n\n<li><a href=\"https:\/\/kamernet.nl\/en\" target=\"_blank\" rel=\"noreferrer noopener\">kamernet.nl<\/a><\/li>\n\n\n\n<li><a href=\"http:\/\/www.kamerstart.nl\/\">kamerstart.nl<\/a><\/li>\n\n\n\n<li><a href=\"https:\/\/www.nestpick.com\" target=\"_blank\" rel=\"noreferrer noopener\">nestpick.com<\/a><\/li>\n\n\n\n<li><a rel=\"noreferrer noopener\" href=\"https:\/\/studentexperience.nl\" target=\"_blank\">studentexperience.nl<\/a> &#8211; Amsterdam<\/li>\n\n\n\n<li><a href=\"https:\/\/www.roomspot.nl\/\" target=\"_blank\" rel=\"noreferrer noopener\">roomspot.nl<\/a> &#8211; Enschede &amp; Hengelo<\/li>\n\n\n\n<li><a href=\"https:\/\/www.sshn.nl\/en\/\" target=\"_blank\" rel=\"noreferrer noopener\">sshn.nl\/en\/<\/a> &#8211; Nijmegen &amp; Arnhem<\/li>\n<\/ul>\n\n\n\n<h4 class=\"wp-block-heading\">Others<\/h4>\n\n\n\n<ul class=\"wp-block-list\">\n<li><a href=\"http:\/\/www.marktplaats.nl\/\" target=\"_blank\" rel=\"noreferrer noopener\">marktplaats.nl<\/a> &#8211; Kleinanzeigen-Portal<\/li>\n<\/ul>\n\n\n\n\n\n<div style=\"height:50px\" aria-hidden=\"true\" class=\"wp-block-spacer\"><\/div>\n<\/div><\/div>","protected":false},"excerpt":{"rendered":"<p>Niederlande K\u00e4se, Holzschuhe und Windm\u00fchlen. Das sind die g\u00e4ngigen Dinge, an die viele denken, wenn es um die Niederlande geht. Tats\u00e4chlich bieten das Land und seine Kultur aber viel mehr interessante Fakten, f\u00fcr die sich ein zweiter Blick sicher lohnt. Die Niederlande sind zum Beispiel das einzige Land auf der Welt dessen Flugh\u00e4fen unter dem [&hellip;]<\/p>","protected":false},"author":14,"featured_media":0,"parent":48,"menu_order":0,"comment_status":"closed","ping_status":"closed","template":"","meta":{"footnotes":""},"class_list":["post-396","page","type-page","status-publish","hentry"],"_links":{"self":[{"href":"https:\/\/erasmuspraktika.de\/en\/wp-json\/wp\/v2\/pages\/396"}],"collection":[{"href":"https:\/\/erasmuspraktika.de\/en\/wp-json\/wp\/v2\/pages"}],"about":[{"href":"https:\/\/erasmuspraktika.de\/en\/wp-json\/wp\/v2\/types\/page"}],"author":[{"embeddable":true,"href":"https:\/\/erasmuspraktika.de\/en\/wp-json\/wp\/v2\/users\/14"}],"replies":[{"embeddable":true,"href":"https:\/\/erasmuspraktika.de\/en\/wp-json\/wp\/v2\/comments?post=396"}],"version-history":[{"count":14,"href":"https:\/\/erasmuspraktika.de\/en\/wp-json\/wp\/v2\/pages\/396\/revisions"}],"predecessor-version":[{"id":38521,"href":"https:\/\/erasmuspraktika.de\/en\/wp-json\/wp\/v2\/pages\/396\/revisions\/38521"}],"up":[{"embeddable":true,"href":"https:\/\/erasmuspraktika.de\/en\/wp-json\/wp\/v2\/pages\/48"}],"wp:attachment":[{"href":"https:\/\/erasmuspraktika.de\/en\/wp-json\/wp\/v2\/media?parent=396"}],"curies":[{"name":"wp","href":"https:\/\/api.w.org\/{rel}","templated":true}]}}