{"id":399,"date":"2020-12-14T18:53:47","date_gmt":"2020-12-14T17:53:47","guid":{"rendered":"https:\/\/onlinebewerbung.erasmuspraktika.de\/wordpress\/?page_id=399"},"modified":"2021-04-12T15:36:00","modified_gmt":"2021-04-12T13:36:00","slug":"nordmazedonien","status":"publish","type":"page","link":"https:\/\/erasmuspraktika.de\/en\/programmlaender\/nordmazedonien\/","title":{"rendered":"North Macedonia"},"content":{"rendered":"<div class=\"wp-block-group\"><div class=\"wp-block-group__inner-container is-layout-flow wp-block-group-is-layout-flow\">\n<h2 class=\"wp-block-heading\">North Macedonia<\/h2>\n\n\n\n<div class=\"wp-block-columns is-layout-flex wp-container-core-columns-is-layout-1 wp-block-columns-is-layout-flex\">\n<div class=\"wp-block-column is-layout-flow wp-block-column-is-layout-flow\">\n<figure class=\"wp-block-image size-large\"><img loading=\"lazy\" decoding=\"async\" width=\"1024\" height=\"683\" src=\"https:\/\/onlinebewerbung.erasmuspraktika.de\/wordpress\/wp-content\/uploads\/2020\/12\/Mazedonien-1024x683.jpg\" alt=\"\" class=\"wp-image-400\" srcset=\"https:\/\/erasmuspraktika.de\/wordpress\/wp-content\/uploads\/2020\/12\/Mazedonien-1024x683.jpg 1024w, https:\/\/erasmuspraktika.de\/wordpress\/wp-content\/uploads\/2020\/12\/Mazedonien-300x200.jpg 300w, https:\/\/erasmuspraktika.de\/wordpress\/wp-content\/uploads\/2020\/12\/Mazedonien-768x512.jpg 768w, https:\/\/erasmuspraktika.de\/wordpress\/wp-content\/uploads\/2020\/12\/Mazedonien-1536x1024.jpg 1536w, https:\/\/erasmuspraktika.de\/wordpress\/wp-content\/uploads\/2020\/12\/Mazedonien-2048x1365.jpg 2048w\" sizes=\"(max-width: 1024px) 100vw, 1024px\" \/><figcaption>Kozjak \u2013 Photo: Antonio Janeski<\/figcaption><\/figure>\n<\/div>\n\n\n\n<div class=\"wp-block-column is-layout-flow wp-block-column-is-layout-flow\">\n<p>The landlocked country in south-eastern Europe is particularly popular with travellers looking for a quiet \"low-tourist\" destination. Visitors especially appreciate the nature and cultural monuments as well as the lively capital Skopje.<\/p>\n\n\n\n<p>Despite the beauty of the country, Northern Macedonia has one of the weakest economies in Europe and is therefore still in a process of political and economic transformation. Until 2001, the country was repeatedly shaken by ethnically motivated conflicts that took on civil war-like conditions. Since then, a peace treaty has significantly improved the overall situation of ethnic minorities. Nevertheless, social equality of all ethnic groups has still not been achieved.<\/p>\n<\/div>\n<\/div>\n<\/div><\/div>\n\n\n\n<div class=\"wp-block-group hintergrund-blau\"><div class=\"wp-block-group__inner-container is-layout-flow wp-block-group-is-layout-flow\">\n<h3 class=\"wp-block-heading\">Heplful links<\/h3>\n\n\n\n<h4 class=\"wp-block-heading\">Jobs<\/h4>\n\n\n\n<ul class=\"wp-block-list\"><li>\/<\/li><\/ul>\n\n\n\n<h4 class=\"wp-block-heading\">Accommodation<\/h4>\n\n\n\n<ul class=\"wp-block-list\"><li>\/<\/li><\/ul>\n\n\n\n<h4 class=\"wp-block-heading\">Others<\/h4>\n\n\n\n<ul class=\"wp-block-list\"><li>\/<\/li><\/ul>\n\n\n\n\n\n<div style=\"height:50px\" aria-hidden=\"true\" class=\"wp-block-spacer\"><\/div>\n<\/div><\/div>","protected":false},"excerpt":{"rendered":"<p>Nordmazedonien Der Binnenstaat im S\u00fcdosten Europas ist bei Reisenden, die ein ruhiges \u201etouristenarmes\u201c Ziel suchen, besonders beliebt. Besucher sch\u00e4tzen vor allem die Natur und Kulturdenkm\u00e4ler sowie die belebte Hauptstadt Skopje. Trotz der Sch\u00f6nheit des Landes, hat Nordmazedonien eine der schw\u00e4chsten Volkswirtschaften Europas und befindet sich deshalb weiterhin in einem politischen und wirtschaftlichen Transformationsprozess. Bis 2001 [&hellip;]<\/p>","protected":false},"author":14,"featured_media":0,"parent":48,"menu_order":0,"comment_status":"closed","ping_status":"closed","template":"","meta":{"footnotes":""},"class_list":["post-399","page","type-page","status-publish","hentry"],"_links":{"self":[{"href":"https:\/\/erasmuspraktika.de\/en\/wp-json\/wp\/v2\/pages\/399"}],"collection":[{"href":"https:\/\/erasmuspraktika.de\/en\/wp-json\/wp\/v2\/pages"}],"about":[{"href":"https:\/\/erasmuspraktika.de\/en\/wp-json\/wp\/v2\/types\/page"}],"author":[{"embeddable":true,"href":"https:\/\/erasmuspraktika.de\/en\/wp-json\/wp\/v2\/users\/14"}],"replies":[{"embeddable":true,"href":"https:\/\/erasmuspraktika.de\/en\/wp-json\/wp\/v2\/comments?post=399"}],"version-history":[{"count":7,"href":"https:\/\/erasmuspraktika.de\/en\/wp-json\/wp\/v2\/pages\/399\/revisions"}],"predecessor-version":[{"id":1257,"href":"https:\/\/erasmuspraktika.de\/en\/wp-json\/wp\/v2\/pages\/399\/revisions\/1257"}],"up":[{"embeddable":true,"href":"https:\/\/erasmuspraktika.de\/en\/wp-json\/wp\/v2\/pages\/48"}],"wp:attachment":[{"href":"https:\/\/erasmuspraktika.de\/en\/wp-json\/wp\/v2\/media?parent=399"}],"curies":[{"name":"wp","href":"https:\/\/api.w.org\/{rel}","templated":true}]}}