{"id":402,"date":"2020-12-14T18:54:58","date_gmt":"2020-12-14T17:54:58","guid":{"rendered":"https:\/\/onlinebewerbung.erasmuspraktika.de\/wordpress\/?page_id=402"},"modified":"2024-10-01T10:35:12","modified_gmt":"2024-10-01T08:35:12","slug":"oesterreich","status":"publish","type":"page","link":"https:\/\/erasmuspraktika.de\/en\/programmlaender\/oesterreich\/","title":{"rendered":"Austria"},"content":{"rendered":"<div class=\"wp-block-group\"><div class=\"wp-block-group__inner-container is-layout-flow wp-block-group-is-layout-flow\">\n<h2 class=\"wp-block-heading\">Austria<\/h2>\n\n\n\n<div class=\"wp-block-columns is-layout-flex wp-container-core-columns-is-layout-1 wp-block-columns-is-layout-flex\">\n<div class=\"wp-block-column is-layout-flow wp-block-column-is-layout-flow\">\n<figure class=\"wp-block-image size-large\"><img loading=\"lazy\" decoding=\"async\" width=\"1024\" height=\"576\" src=\"https:\/\/onlinebewerbung.erasmuspraktika.de\/wordpress\/wp-content\/uploads\/2021\/04\/Oesterreich-1024x576.jpg\" alt=\"\" class=\"wp-image-1337\" srcset=\"https:\/\/erasmuspraktika.de\/wordpress\/wp-content\/uploads\/2021\/04\/Oesterreich-1024x576.jpg 1024w, https:\/\/erasmuspraktika.de\/wordpress\/wp-content\/uploads\/2021\/04\/Oesterreich-300x169.jpg 300w, https:\/\/erasmuspraktika.de\/wordpress\/wp-content\/uploads\/2021\/04\/Oesterreich-768x432.jpg 768w, https:\/\/erasmuspraktika.de\/wordpress\/wp-content\/uploads\/2021\/04\/Oesterreich-1536x864.jpg 1536w, https:\/\/erasmuspraktika.de\/wordpress\/wp-content\/uploads\/2021\/04\/Oesterreich-2048x1152.jpg 2048w, https:\/\/erasmuspraktika.de\/wordpress\/wp-content\/uploads\/2021\/04\/Oesterreich-16x9.jpg 16w\" sizes=\"(max-width: 1024px) 100vw, 1024px\" \/><figcaption class=\"wp-element-caption\">Sankt Gilgen \u2013 Photo: Paul Gilmore<\/figcaption><\/figure>\n<\/div>\n\n\n\n<div class=\"wp-block-column is-layout-flow wp-block-column-is-layout-flow\">\n<p>The world's first postcards originated in Austria. As early as 1869, the first \"correspondence cards\", as they were called at the time, were sent. These were short and above all inexpensive messages.<\/p>\n\n\n\n<p>With interesting and funny facts, a special cultural heritage, art in all its facets, history and beautiful landscapes, Austria also inspires beyond the usual clich\u00e9s about Sissi, Mozart and Sachertorte. It is worth sending a postcard from here.<\/p>\n<\/div>\n<\/div>\n<\/div><\/div>\n\n\n\n<div class=\"wp-block-group hintergrund-blau\"><div class=\"wp-block-group__inner-container is-layout-flow wp-block-group-is-layout-flow\">\n<h3 class=\"wp-block-heading\">Heplful links<\/h3>\n\n\n\n<h4 class=\"wp-block-heading\">Jobs<\/h4>\n\n\n\n<ul class=\"wp-block-list\">\n<li><a href=\"https:\/\/www.karriere.at\" target=\"_blank\" rel=\"noreferrer noopener\">www.karrierre.at<\/a><\/li>\n\n\n\n<li><a rel=\"noreferrer noopener\" href=\"https:\/\/www.jobted.at\/praktikum-jobs\" target=\"_blank\">www.jobted.at\/praktikum-jobs<\/a><\/li>\n<\/ul>\n\n\n\n<h4 class=\"wp-block-heading\">Accommodation<\/h4>\n\n\n\n<ul class=\"wp-block-list\">\n<li><a rel=\"noreferrer noopener\" href=\"https:\/\/campusboard.at\" target=\"_blank\">www.campusboard.at<\/a><\/li>\n\n\n\n<li><a rel=\"noreferrer noopener\" href=\"https:\/\/www.studentenwohnen.at\/\" target=\"_blank\">www.studentenwohnen.at<\/a><\/li>\n\n\n\n<li><a rel=\"noreferrer noopener\" href=\"https:\/\/www.stuwo.at\/\" target=\"_blank\">www.stuwo.at<\/a><\/li>\n\n\n\n<li><a rel=\"noreferrer noopener\" href=\"https:\/\/www.home4students.at\/\" target=\"_blank\">www.home4students.at<\/a><\/li>\n\n\n\n<li><a rel=\"noreferrer noopener\" href=\"https:\/\/www.checkvienna.com\/de\" target=\"_blank\">www.checkvienna.com\/de<\/a> &#8211; Wien<\/li>\n\n\n\n<li><a rel=\"noreferrer noopener\" href=\"https:\/\/flats4rent.net\/\" target=\"_blank\">www.flats4rent.net\/<\/a> &#8211; Wien<\/li>\n<\/ul>\n\n\n\n<h4 class=\"wp-block-heading\">Others<\/h4>\n\n\n\n<ul class=\"wp-block-list\">\n<li><a rel=\"noreferrer noopener\" href=\"https:\/\/www.1000things.at\/\" target=\"_blank\">www.1000things.at\/<\/a> &#8211; Aktivit\u00e4ten in Wien<\/li>\n\n\n\n<li><a rel=\"noreferrer noopener\" href=\"https:\/\/www.wienerlinien.at\/\" target=\"_blank\">https:\/\/www.wienerlinien.at\/<\/a> &#8211; \u00d6PNV Wien<\/li>\n\n\n\n<li><a href=\"http:\/\/www.studenteninserate.at\/\">www.studenteninserate.at<\/a> &#8211; Kleinanzeigen<\/li>\n<\/ul>\n\n\n\n\n\n<div style=\"height:50px\" aria-hidden=\"true\" class=\"wp-block-spacer\"><\/div>\n<\/div><\/div>","protected":false},"excerpt":{"rendered":"<p>\u00d6sterreich Die ersten Postkarten der Welt stammen aus \u00d6sterreich. Bereits 1869 wurden hier die ersten \u201cKorrespondenzkarten\u201d, wie sie damals hie\u00dfen, verschickt, um sich gegenseitig kurze und vor allem g\u00fcnstige Nachrichten zuzusenden. Mit interessanten und lustigen Fakten, einem besonderen Kulturerbe, Kunst in all ihren Facetten, Geschichte und wundersch\u00f6nen Landschaften, begeistert \u00d6sterreich auch abseits der g\u00e4ngigen Klischees [&hellip;]<\/p>","protected":false},"author":14,"featured_media":0,"parent":48,"menu_order":0,"comment_status":"closed","ping_status":"closed","template":"","meta":{"footnotes":""},"class_list":["post-402","page","type-page","status-publish","hentry"],"_links":{"self":[{"href":"https:\/\/erasmuspraktika.de\/en\/wp-json\/wp\/v2\/pages\/402"}],"collection":[{"href":"https:\/\/erasmuspraktika.de\/en\/wp-json\/wp\/v2\/pages"}],"about":[{"href":"https:\/\/erasmuspraktika.de\/en\/wp-json\/wp\/v2\/types\/page"}],"author":[{"embeddable":true,"href":"https:\/\/erasmuspraktika.de\/en\/wp-json\/wp\/v2\/users\/14"}],"replies":[{"embeddable":true,"href":"https:\/\/erasmuspraktika.de\/en\/wp-json\/wp\/v2\/comments?post=402"}],"version-history":[{"count":16,"href":"https:\/\/erasmuspraktika.de\/en\/wp-json\/wp\/v2\/pages\/402\/revisions"}],"predecessor-version":[{"id":38249,"href":"https:\/\/erasmuspraktika.de\/en\/wp-json\/wp\/v2\/pages\/402\/revisions\/38249"}],"up":[{"embeddable":true,"href":"https:\/\/erasmuspraktika.de\/en\/wp-json\/wp\/v2\/pages\/48"}],"wp:attachment":[{"href":"https:\/\/erasmuspraktika.de\/en\/wp-json\/wp\/v2\/media?parent=402"}],"curies":[{"name":"wp","href":"https:\/\/api.w.org\/{rel}","templated":true}]}}