{"id":405,"date":"2020-12-14T18:56:48","date_gmt":"2020-12-14T17:56:48","guid":{"rendered":"https:\/\/onlinebewerbung.erasmuspraktika.de\/wordpress\/?page_id=405"},"modified":"2021-07-20T13:36:59","modified_gmt":"2021-07-20T11:36:59","slug":"norwegen","status":"publish","type":"page","link":"https:\/\/erasmuspraktika.de\/en\/programmlaender\/norwegen\/","title":{"rendered":"Norway"},"content":{"rendered":"<div class=\"wp-block-group\"><div class=\"wp-block-group__inner-container is-layout-flow wp-block-group-is-layout-flow\">\n<h2 class=\"wp-block-heading\">Norway<\/h2>\n\n\n\n<div class=\"wp-block-columns is-layout-flex wp-container-core-columns-is-layout-1 wp-block-columns-is-layout-flex\">\n<div class=\"wp-block-column is-layout-flow wp-block-column-is-layout-flow\">\n<figure class=\"wp-block-image size-large\"><img loading=\"lazy\" decoding=\"async\" width=\"1024\" height=\"683\" src=\"https:\/\/onlinebewerbung.erasmuspraktika.de\/wordpress\/wp-content\/uploads\/2020\/12\/Norwegen-1024x683.jpg\" alt=\"\" class=\"wp-image-406\" srcset=\"https:\/\/erasmuspraktika.de\/wordpress\/wp-content\/uploads\/2020\/12\/Norwegen-1024x683.jpg 1024w, https:\/\/erasmuspraktika.de\/wordpress\/wp-content\/uploads\/2020\/12\/Norwegen-300x200.jpg 300w, https:\/\/erasmuspraktika.de\/wordpress\/wp-content\/uploads\/2020\/12\/Norwegen-768x512.jpg 768w, https:\/\/erasmuspraktika.de\/wordpress\/wp-content\/uploads\/2020\/12\/Norwegen-1536x1024.jpg 1536w, https:\/\/erasmuspraktika.de\/wordpress\/wp-content\/uploads\/2020\/12\/Norwegen-2048x1365.jpg 2048w\" sizes=\"(max-width: 1024px) 100vw, 1024px\" \/><figcaption>Aksla Viewpoint, Alesund \u2013 Photo: Samuel Han<\/figcaption><\/figure>\n<\/div>\n\n\n\n<div class=\"wp-block-column is-layout-flow wp-block-column-is-layout-flow\">\n<p>\"Starwars\" - not exactly the first thing you think of when you think of Norway. In fact, it is not surprising that Norway, with its impressive nature and rugged coasts and rivers, is appreciated as a backdrop for film productions of all kinds. Among other things, a tendency towards serenity, good social security and, last but not least, the beauty of the country even make Norwegians the happiest country in the world, according to a 2017 study.<\/p>\n<\/div>\n<\/div>\n<\/div><\/div>\n\n\n\n<div class=\"wp-block-group hintergrund-blau\"><div class=\"wp-block-group__inner-container is-layout-flow wp-block-group-is-layout-flow\">\n<h3 class=\"wp-block-heading\">Heplful links<\/h3>\n\n\n\n<h4 class=\"wp-block-heading\">Jobs<\/h4>\n\n\n\n<ul class=\"wp-block-list\"><li><a href=\"https:\/\/www.finn.no\" target=\"_blank\" rel=\"noreferrer noopener\">www.finn.no<\/a><\/li><\/ul>\n\n\n\n<h4 class=\"wp-block-heading\">Accommodation<\/h4>\n\n\n\n<ul class=\"wp-block-list\"><li><a rel=\"noreferrer noopener\" href=\"https:\/\/www.finn.no\" target=\"_blank\">www.finn.no<\/a><\/li><li><a rel=\"noreferrer noopener\" href=\"https:\/\/hybel.no\" target=\"_blank\">www.hybel.no<\/a><\/li><li><a rel=\"noreferrer noopener\" href=\"https:\/\/www.sio.no\/en\" target=\"_blank\">www.sio.no<\/a> &#8211; Oslo<\/li><\/ul>\n\n\n\n<h4 class=\"wp-block-heading\">Others<\/h4>\n\n\n\n<ul class=\"wp-block-list\"><li>\/<\/li><\/ul>\n\n\n\n\n\n<div style=\"height:50px\" aria-hidden=\"true\" class=\"wp-block-spacer\"><\/div>\n<\/div><\/div>","protected":false},"excerpt":{"rendered":"<p>Norwegen \u201eStarwars\u201c &#8211; nicht gerade das erste an das man denkt, wenn man sich mit Norwegen besch\u00e4ftigt. Tats\u00e4chlich ist es aber nicht verwunderlich, dass Norwegen mit seiner beeindruckenden Natur sowie den rauen K\u00fcsten und Fl\u00fcssen als Kulisse f\u00fcr Filmproduktionen aller Art gesch\u00e4tzt wird. Unter Anderem machen ein Hang zur Gelassenheit, eine gute soziale Absicherung und [&hellip;]<\/p>","protected":false},"author":14,"featured_media":0,"parent":48,"menu_order":0,"comment_status":"closed","ping_status":"closed","template":"","meta":{"footnotes":""},"class_list":["post-405","page","type-page","status-publish","hentry"],"_links":{"self":[{"href":"https:\/\/erasmuspraktika.de\/en\/wp-json\/wp\/v2\/pages\/405"}],"collection":[{"href":"https:\/\/erasmuspraktika.de\/en\/wp-json\/wp\/v2\/pages"}],"about":[{"href":"https:\/\/erasmuspraktika.de\/en\/wp-json\/wp\/v2\/types\/page"}],"author":[{"embeddable":true,"href":"https:\/\/erasmuspraktika.de\/en\/wp-json\/wp\/v2\/users\/14"}],"replies":[{"embeddable":true,"href":"https:\/\/erasmuspraktika.de\/en\/wp-json\/wp\/v2\/comments?post=405"}],"version-history":[{"count":10,"href":"https:\/\/erasmuspraktika.de\/en\/wp-json\/wp\/v2\/pages\/405\/revisions"}],"predecessor-version":[{"id":1491,"href":"https:\/\/erasmuspraktika.de\/en\/wp-json\/wp\/v2\/pages\/405\/revisions\/1491"}],"up":[{"embeddable":true,"href":"https:\/\/erasmuspraktika.de\/en\/wp-json\/wp\/v2\/pages\/48"}],"wp:attachment":[{"href":"https:\/\/erasmuspraktika.de\/en\/wp-json\/wp\/v2\/media?parent=405"}],"curies":[{"name":"wp","href":"https:\/\/api.w.org\/{rel}","templated":true}]}}