{"id":411,"date":"2020-12-14T18:59:05","date_gmt":"2020-12-14T17:59:05","guid":{"rendered":"https:\/\/onlinebewerbung.erasmuspraktika.de\/wordpress\/?page_id=411"},"modified":"2021-07-20T13:44:07","modified_gmt":"2021-07-20T11:44:07","slug":"portugal","status":"publish","type":"page","link":"https:\/\/erasmuspraktika.de\/en\/programmlaender\/portugal\/","title":{"rendered":"Portugal"},"content":{"rendered":"<div class=\"wp-block-group\"><div class=\"wp-block-group__inner-container is-layout-flow wp-block-group-is-layout-flow\">\n<h2 class=\"wp-block-heading\">Portugal<\/h2>\n\n\n\n<div class=\"wp-block-columns is-layout-flex wp-container-core-columns-is-layout-1 wp-block-columns-is-layout-flex\">\n<div class=\"wp-block-column is-layout-flow wp-block-column-is-layout-flow\">\n<figure class=\"wp-block-image size-large\"><img loading=\"lazy\" decoding=\"async\" width=\"1024\" height=\"683\" src=\"https:\/\/onlinebewerbung.erasmuspraktika.de\/wordpress\/wp-content\/uploads\/2020\/12\/Portugal-1024x683.jpg\" alt=\"\" class=\"wp-image-412\" srcset=\"https:\/\/erasmuspraktika.de\/wordpress\/wp-content\/uploads\/2020\/12\/Portugal-1024x683.jpg 1024w, https:\/\/erasmuspraktika.de\/wordpress\/wp-content\/uploads\/2020\/12\/Portugal-300x200.jpg 300w, https:\/\/erasmuspraktika.de\/wordpress\/wp-content\/uploads\/2020\/12\/Portugal-768x512.jpg 768w, https:\/\/erasmuspraktika.de\/wordpress\/wp-content\/uploads\/2020\/12\/Portugal-1536x1024.jpg 1536w, https:\/\/erasmuspraktika.de\/wordpress\/wp-content\/uploads\/2020\/12\/Portugal-2048x1365.jpg 2048w\" sizes=\"(max-width: 1024px) 100vw, 1024px\" \/><figcaption>View of Porto \u2013 Photos: Nick Karvounis<\/figcaption><\/figure>\n<\/div>\n\n\n\n<div class=\"wp-block-column is-layout-flow wp-block-column-is-layout-flow\">\n<p>Almost 3,000 kilometres of coastline, fantastic beaches and stretches of coastline such as the Algarve in the south of the country and a great offer for cultural travellers. With its long and fascinating history, which is also reflected today in monumental buildings such as churches and castles, Portugal attracts around 1.5 million travellers every year. It is not only the country itself that exerts its charm on travellers, but also its special inhabitants.<\/p>\n\n\n\n<p>\u201cQuem v\u00ea caras, n\u00e3o v\u00ea cora\u00e7\u00f5es\u201d \u2013 \"Those who see faces, do not see hearts.\" With this Portuguese saying, the mentality of the population in Europe's most southwestern country comes across excellently. In general, the inhabitants of Portugal are considered open-minded, modest, friendly and particularly passionate. In any case, an internship stay provides further insights into the cultural diversity of Portugal.<\/p>\n<\/div>\n<\/div>\n<\/div><\/div>\n\n\n\n<div class=\"wp-block-group hintergrund-blau\"><div class=\"wp-block-group__inner-container is-layout-flow wp-block-group-is-layout-flow\">\n<h3 class=\"wp-block-heading\">Heplful links<\/h3>\n\n\n\n<h4 class=\"wp-block-heading\">Jobs<\/h4>\n\n\n\n<ul class=\"wp-block-list\"><li><a href=\"https:\/\/www.jobted.pt\/emprego-est\u00e1gio\" target=\"_blank\" rel=\"noreferrer noopener\">www.jobted.pt\/emprego-est\u00e1gio<\/a><\/li><\/ul>\n\n\n\n<h4 class=\"wp-block-heading\">Accommodation<\/h4>\n\n\n\n<ul class=\"wp-block-list\"><li><a rel=\"noreferrer noopener\" href=\"https:\/\/www.uniplaces.com\" target=\"_blank\">www.uniplaces.com<\/a><\/li><li><a rel=\"noreferrer noopener\" href=\"https:\/\/www.idealista.pt\" target=\"_blank\">www.idealista.pt<\/a><\/li><li><a href=\"https:\/\/www.custojusto.pt\/#\" target=\"_blank\" rel=\"noreferrer noopener\">www.custojusto.pt\/<\/a><\/li><\/ul>\n\n\n\n<h4 class=\"wp-block-heading\">Others<\/h4>\n\n\n\n<ul class=\"wp-block-list\"><li>\/<\/li><\/ul>\n\n\n\n\n\n<div style=\"height:50px\" aria-hidden=\"true\" class=\"wp-block-spacer\"><\/div>\n<\/div><\/div>","protected":false},"excerpt":{"rendered":"<p>Portugal Fast 3000 Kilometer K\u00fcste, traumhafte Str\u00e4nde und K\u00fcstenabschnitte wie die Algarve im S\u00fcden des Landes und ein gro\u00dfes Angebot f\u00fcr Kulturreisende. Mit seiner langen und faszinierenden Geschichte, die sich heute auch in monumentalen Bauten wie Kirchen und Schl\u00f6ssern widerspiegelt, zieht Portugal jedes Jahr rund 1,5 Millionen Reisende in seinen Bann. Doch nicht nur das [&hellip;]<\/p>","protected":false},"author":14,"featured_media":0,"parent":48,"menu_order":0,"comment_status":"closed","ping_status":"closed","template":"","meta":{"footnotes":""},"class_list":["post-411","page","type-page","status-publish","hentry"],"_links":{"self":[{"href":"https:\/\/erasmuspraktika.de\/en\/wp-json\/wp\/v2\/pages\/411"}],"collection":[{"href":"https:\/\/erasmuspraktika.de\/en\/wp-json\/wp\/v2\/pages"}],"about":[{"href":"https:\/\/erasmuspraktika.de\/en\/wp-json\/wp\/v2\/types\/page"}],"author":[{"embeddable":true,"href":"https:\/\/erasmuspraktika.de\/en\/wp-json\/wp\/v2\/users\/14"}],"replies":[{"embeddable":true,"href":"https:\/\/erasmuspraktika.de\/en\/wp-json\/wp\/v2\/comments?post=411"}],"version-history":[{"count":11,"href":"https:\/\/erasmuspraktika.de\/en\/wp-json\/wp\/v2\/pages\/411\/revisions"}],"predecessor-version":[{"id":1497,"href":"https:\/\/erasmuspraktika.de\/en\/wp-json\/wp\/v2\/pages\/411\/revisions\/1497"}],"up":[{"embeddable":true,"href":"https:\/\/erasmuspraktika.de\/en\/wp-json\/wp\/v2\/pages\/48"}],"wp:attachment":[{"href":"https:\/\/erasmuspraktika.de\/en\/wp-json\/wp\/v2\/media?parent=411"}],"curies":[{"name":"wp","href":"https:\/\/api.w.org\/{rel}","templated":true}]}}