{"id":418,"date":"2020-12-14T19:02:57","date_gmt":"2020-12-14T18:02:57","guid":{"rendered":"https:\/\/onlinebewerbung.erasmuspraktika.de\/wordpress\/?page_id=418"},"modified":"2024-10-02T12:27:23","modified_gmt":"2024-10-02T10:27:23","slug":"schweden","status":"publish","type":"page","link":"https:\/\/erasmuspraktika.de\/en\/programmlaender\/schweden\/","title":{"rendered":"Sweden"},"content":{"rendered":"<div class=\"wp-block-group\"><div class=\"wp-block-group__inner-container is-layout-flow wp-block-group-is-layout-flow\">\n<h2 class=\"wp-block-heading\">Sweden<\/h2>\n\n\n\n<div class=\"wp-block-columns is-layout-flex wp-container-core-columns-is-layout-1 wp-block-columns-is-layout-flex\">\n<div class=\"wp-block-column is-layout-flow wp-block-column-is-layout-flow\">\n<figure class=\"wp-block-image size-large\"><img loading=\"lazy\" decoding=\"async\" width=\"1024\" height=\"681\" src=\"https:\/\/onlinebewerbung.erasmuspraktika.de\/wordpress\/wp-content\/uploads\/2020\/12\/Schweden-2-1024x681.jpg\" alt=\"\" class=\"wp-image-419\" srcset=\"https:\/\/erasmuspraktika.de\/wordpress\/wp-content\/uploads\/2020\/12\/Schweden-2-1024x681.jpg 1024w, https:\/\/erasmuspraktika.de\/wordpress\/wp-content\/uploads\/2020\/12\/Schweden-2-300x199.jpg 300w, https:\/\/erasmuspraktika.de\/wordpress\/wp-content\/uploads\/2020\/12\/Schweden-2-768x511.jpg 768w, https:\/\/erasmuspraktika.de\/wordpress\/wp-content\/uploads\/2020\/12\/Schweden-2-1536x1021.jpg 1536w, https:\/\/erasmuspraktika.de\/wordpress\/wp-content\/uploads\/2020\/12\/Schweden-2-2048x1362.jpg 2048w\" sizes=\"(max-width: 1024px) 100vw, 1024px\" \/><figcaption class=\"wp-element-caption\">G\u00e4llaryd \u2013 Photo: Jon Flobrant<\/figcaption><\/figure>\n<\/div>\n\n\n\n<div class=\"wp-block-column is-layout-flow wp-block-column-is-layout-flow\">\n<p>\"Falun red\" - that is the name of the red colour with which many Swedish cottages and houses are painted. But why is it actually like that? The colour is created by copper admixtures. This makes it particularly weather-resistant.<\/p>\n\n\n\n<p>Of course, Sweden is not only worth a visit for its red houses. Over 50 per cent of the country consists of forests. There are a total of 28 national parks and about 80 per cent of the population speaks English as well as Swedish.<\/p>\n\n\n\n<p>Thus, the untouched wilderness and the cosmopolitan mentality of the Swedes make the third largest country in the EU a particularly worthwhile destination.<\/p>\n<\/div>\n<\/div>\n<\/div><\/div>\n\n\n\n<div class=\"wp-block-group hintergrund-blau\"><div class=\"wp-block-group__inner-container is-layout-flow wp-block-group-is-layout-flow\">\n<h3 class=\"wp-block-heading\">Heplful links<\/h3>\n\n\n\n<h4 class=\"wp-block-heading\">Jobs<\/h4>\n\n\n\n<ul class=\"wp-block-list\">\n<li><a href=\"https:\/\/www.jobted.se\/praktikplats-jobb\" target=\"_blank\" rel=\"noreferrer noopener\">www.jobted.se\/praktikplats-jobb<\/a><\/li>\n<\/ul>\n\n\n\n<h4 class=\"wp-block-heading\">Accommodation<\/h4>\n\n\n\n<ul class=\"wp-block-list\">\n<li><a rel=\"noreferrer noopener\" href=\"https:\/\/www.blocket.se\" target=\"_blank\">www.blocket.se<\/a><\/li>\n\n\n\n<li><a rel=\"noreferrer noopener\" href=\"https:\/\/www.bostaddirekt.com\" target=\"_blank\">www.bostaddirekt.com<\/a><\/li>\n\n\n\n<li><a href=\"https:\/\/www.hyrenbostad.se\/\" data-type=\"link\" data-id=\"https:\/\/www.hyrenbostad.se\/\">www.hyrenbostad.se<\/a><\/li>\n\n\n\n<li><a href=\"http:\/\/www.akademiskkvart.se\/\">www.akademiskkvart.se<\/a> &#8211; Stockholm<\/li>\n<\/ul>\n\n\n\n<h4 class=\"wp-block-heading\">Others<\/h4>\n\n\n\n<ul class=\"wp-block-list\">\n<li>\/<\/li>\n<\/ul>\n\n\n\n\n\n<div style=\"height:50px\" aria-hidden=\"true\" class=\"wp-block-spacer\"><\/div>\n<\/div><\/div>","protected":false},"excerpt":{"rendered":"<p>Schweden \u201eFalunrot\u201c- das ist der Name der roten Farbe, mit der viele schwedische H\u00fctten und H\u00e4user gestrichen sind. Aber warum ist das eigentlich so? Die Farbgebung entsteht durch Kupferbeim\u00e4ngungen. Dadurch wird sie besonders witterungsbest\u00e4ndig. Nat\u00fcrlich ist Schweden nicht nur wegen seiner roten H\u00e4user einen Besuch wert. \u00dcber 50 Prozent des Landes besteht aus W\u00e4ldern. Es [&hellip;]<\/p>","protected":false},"author":14,"featured_media":0,"parent":48,"menu_order":0,"comment_status":"closed","ping_status":"closed","template":"","meta":{"footnotes":""},"class_list":["post-418","page","type-page","status-publish","hentry"],"_links":{"self":[{"href":"https:\/\/erasmuspraktika.de\/en\/wp-json\/wp\/v2\/pages\/418"}],"collection":[{"href":"https:\/\/erasmuspraktika.de\/en\/wp-json\/wp\/v2\/pages"}],"about":[{"href":"https:\/\/erasmuspraktika.de\/en\/wp-json\/wp\/v2\/types\/page"}],"author":[{"embeddable":true,"href":"https:\/\/erasmuspraktika.de\/en\/wp-json\/wp\/v2\/users\/14"}],"replies":[{"embeddable":true,"href":"https:\/\/erasmuspraktika.de\/en\/wp-json\/wp\/v2\/comments?post=418"}],"version-history":[{"count":11,"href":"https:\/\/erasmuspraktika.de\/en\/wp-json\/wp\/v2\/pages\/418\/revisions"}],"predecessor-version":[{"id":38295,"href":"https:\/\/erasmuspraktika.de\/en\/wp-json\/wp\/v2\/pages\/418\/revisions\/38295"}],"up":[{"embeddable":true,"href":"https:\/\/erasmuspraktika.de\/en\/wp-json\/wp\/v2\/pages\/48"}],"wp:attachment":[{"href":"https:\/\/erasmuspraktika.de\/en\/wp-json\/wp\/v2\/media?parent=418"}],"curies":[{"name":"wp","href":"https:\/\/api.w.org\/{rel}","templated":true}]}}