{"id":421,"date":"2020-12-14T19:03:56","date_gmt":"2020-12-14T18:03:56","guid":{"rendered":"https:\/\/onlinebewerbung.erasmuspraktika.de\/wordpress\/?page_id=421"},"modified":"2021-04-12T15:38:12","modified_gmt":"2021-04-12T13:38:12","slug":"slowakische-republik","status":"publish","type":"page","link":"https:\/\/erasmuspraktika.de\/en\/programmlaender\/slowakische-republik\/","title":{"rendered":"Slovak Republic"},"content":{"rendered":"<div class=\"wp-block-group\"><div class=\"wp-block-group__inner-container is-layout-flow wp-block-group-is-layout-flow\">\n<h2 class=\"wp-block-heading\">Slovak Republic<\/h2>\n\n\n\n<div class=\"wp-block-columns is-layout-flex wp-container-core-columns-is-layout-1 wp-block-columns-is-layout-flex\">\n<div class=\"wp-block-column is-layout-flow wp-block-column-is-layout-flow\">\n<figure class=\"wp-block-image size-large\"><img loading=\"lazy\" decoding=\"async\" width=\"1024\" height=\"576\" src=\"https:\/\/onlinebewerbung.erasmuspraktika.de\/wordpress\/wp-content\/uploads\/2020\/12\/Slowakische-Republik-1024x576.jpg\" alt=\"\" class=\"wp-image-422\" srcset=\"https:\/\/erasmuspraktika.de\/wordpress\/wp-content\/uploads\/2020\/12\/Slowakische-Republik-1024x576.jpg 1024w, https:\/\/erasmuspraktika.de\/wordpress\/wp-content\/uploads\/2020\/12\/Slowakische-Republik-300x169.jpg 300w, https:\/\/erasmuspraktika.de\/wordpress\/wp-content\/uploads\/2020\/12\/Slowakische-Republik-768x432.jpg 768w, https:\/\/erasmuspraktika.de\/wordpress\/wp-content\/uploads\/2020\/12\/Slowakische-Republik-1536x864.jpg 1536w, https:\/\/erasmuspraktika.de\/wordpress\/wp-content\/uploads\/2020\/12\/Slowakische-Republik-2048x1152.jpg 2048w\" sizes=\"(max-width: 1024px) 100vw, 1024px\" \/><figcaption>Slovak Republic<\/figcaption><\/figure>\n<\/div>\n\n\n\n<div class=\"wp-block-column is-layout-flow wp-block-column-is-layout-flow\">\n<p>Open-minded and friendly - despite the long Stalinist and Soviet rule, the Slovak population is considered very open-minded. The culture is characterised by songs, fairy tales, literature and art. Natural landscapes, mountains, caves, spas and world-famous ski resorts entice visitors to take a closer look and get to know the country. In addition, the Slovak Republic's accession to the EU (2004) and the emerging economy associated with it, offer good conditions for the future of education and employment in the country.<\/p>\n<\/div>\n<\/div>\n<\/div><\/div>\n\n\n\n<div class=\"wp-block-group hintergrund-blau\"><div class=\"wp-block-group__inner-container is-layout-flow wp-block-group-is-layout-flow\">\n<h3 class=\"wp-block-heading\">Heplful links<\/h3>\n\n\n\n<h4 class=\"wp-block-heading\">Jobs<\/h4>\n\n\n\n<ul class=\"wp-block-list\"><li><a rel=\"noreferrer noopener\" href=\"http:\/\/www.placementslovakia.com\/\" target=\"_blank\">www.placementslovakia.com<\/a><\/li><\/ul>\n\n\n\n<h4 class=\"wp-block-heading\">Accommodation<\/h4>\n\n\n\n<ul class=\"wp-block-list\"><li>\/<\/li><\/ul>\n\n\n\n<h4 class=\"wp-block-heading\">Others<\/h4>\n\n\n\n<ul class=\"wp-block-list\"><li>\/<\/li><\/ul>\n\n\n\n\n\n<div style=\"height:50px\" aria-hidden=\"true\" class=\"wp-block-spacer\"><\/div>\n<\/div><\/div>","protected":false},"excerpt":{"rendered":"<p>Slowakische Republik Aufgeschlossen und freundlich \u2013 trotz der langen stalinistischen und sowjetischen Herrschaft gilt die slowakische Bev\u00f6lkerung als sehr weltoffen. Die Kultur ist gepr\u00e4gt von Liedern, M\u00e4rchen, Literatur und Kunst. Nat\u00fcrliche Landschaften, Berge, H\u00f6hlen, Kurorte und weltber\u00fchmte Skigebiete verleiten Besucher dazu, das Land genauer zu betrachten und kennenzulernen. Dar\u00fcber hinaus bietet der Beitritt der Slowakischen [&hellip;]<\/p>","protected":false},"author":14,"featured_media":0,"parent":48,"menu_order":0,"comment_status":"closed","ping_status":"closed","template":"","meta":{"footnotes":""},"class_list":["post-421","page","type-page","status-publish","hentry"],"_links":{"self":[{"href":"https:\/\/erasmuspraktika.de\/en\/wp-json\/wp\/v2\/pages\/421"}],"collection":[{"href":"https:\/\/erasmuspraktika.de\/en\/wp-json\/wp\/v2\/pages"}],"about":[{"href":"https:\/\/erasmuspraktika.de\/en\/wp-json\/wp\/v2\/types\/page"}],"author":[{"embeddable":true,"href":"https:\/\/erasmuspraktika.de\/en\/wp-json\/wp\/v2\/users\/14"}],"replies":[{"embeddable":true,"href":"https:\/\/erasmuspraktika.de\/en\/wp-json\/wp\/v2\/comments?post=421"}],"version-history":[{"count":6,"href":"https:\/\/erasmuspraktika.de\/en\/wp-json\/wp\/v2\/pages\/421\/revisions"}],"predecessor-version":[{"id":1264,"href":"https:\/\/erasmuspraktika.de\/en\/wp-json\/wp\/v2\/pages\/421\/revisions\/1264"}],"up":[{"embeddable":true,"href":"https:\/\/erasmuspraktika.de\/en\/wp-json\/wp\/v2\/pages\/48"}],"wp:attachment":[{"href":"https:\/\/erasmuspraktika.de\/en\/wp-json\/wp\/v2\/media?parent=421"}],"curies":[{"name":"wp","href":"https:\/\/api.w.org\/{rel}","templated":true}]}}