{"id":424,"date":"2020-12-14T19:04:57","date_gmt":"2020-12-14T18:04:57","guid":{"rendered":"https:\/\/onlinebewerbung.erasmuspraktika.de\/wordpress\/?page_id=424"},"modified":"2024-10-02T12:30:53","modified_gmt":"2024-10-02T10:30:53","slug":"slowenien","status":"publish","type":"page","link":"https:\/\/erasmuspraktika.de\/en\/programmlaender\/slowenien\/","title":{"rendered":"Slovenia"},"content":{"rendered":"<div class=\"wp-block-group\"><div class=\"wp-block-group__inner-container is-layout-flow wp-block-group-is-layout-flow\">\n<h2 class=\"wp-block-heading\">Slovenia<\/h2>\n\n\n\n<div class=\"wp-block-columns is-layout-flex wp-container-core-columns-is-layout-1 wp-block-columns-is-layout-flex\">\n<div class=\"wp-block-column is-layout-flow wp-block-column-is-layout-flow\">\n<figure class=\"wp-block-image size-large\"><img loading=\"lazy\" decoding=\"async\" width=\"1024\" height=\"646\" src=\"https:\/\/onlinebewerbung.erasmuspraktika.de\/wordpress\/wp-content\/uploads\/2020\/12\/Slowenien-1024x646.jpg\" alt=\"\" class=\"wp-image-425\" srcset=\"https:\/\/erasmuspraktika.de\/wordpress\/wp-content\/uploads\/2020\/12\/Slowenien-1024x646.jpg 1024w, https:\/\/erasmuspraktika.de\/wordpress\/wp-content\/uploads\/2020\/12\/Slowenien-300x189.jpg 300w, https:\/\/erasmuspraktika.de\/wordpress\/wp-content\/uploads\/2020\/12\/Slowenien-768x485.jpg 768w, https:\/\/erasmuspraktika.de\/wordpress\/wp-content\/uploads\/2020\/12\/Slowenien-1536x970.jpg 1536w, https:\/\/erasmuspraktika.de\/wordpress\/wp-content\/uploads\/2020\/12\/Slowenien-2048x1293.jpg 2048w\" sizes=\"(max-width: 1024px) 100vw, 1024px\" \/><figcaption class=\"wp-element-caption\">Lake Bled \u2013 Photo: Neven Krcmarek<\/figcaption><\/figure>\n<\/div>\n\n\n\n<div class=\"wp-block-column is-layout-flow wp-block-column-is-layout-flow\">\n<p>Beautiful and interesting at the same time. Hardly any other country offers so much variety in such a small area. Although Slovenia only has an area of about 20,000 square kilometres, there is a lot to discover here.<\/p>\n\n\n\n<p>Slovenia's neighbours Italy, Austria, Hungary and Croatia have a significant influence on the country. The narrow Adriatic coast with its idyllic beaches is characterised by Italian influence. Mountain landscapes invite you to go hiking and skiing, and interesting cities such as Ljubljana and Maribor invite you to go sightseeing. The economically well-developed country is home to beautiful landscapes, residential-friendly cities and universities with a family atmosphere that enjoy a good reputation.<\/p>\n<\/div>\n<\/div>\n<\/div><\/div>\n\n\n\n<div class=\"wp-block-group hintergrund-blau\"><div class=\"wp-block-group__inner-container is-layout-flow wp-block-group-is-layout-flow\">\n<h3 class=\"wp-block-heading\">Heplful links<\/h3>\n\n\n\n<h4 class=\"wp-block-heading\">Jobs<\/h4>\n\n\n\n<ul class=\"wp-block-list\">\n<li>\/<\/li>\n<\/ul>\n\n\n\n<h4 class=\"wp-block-heading\">Accommodation<\/h4>\n\n\n\n<ul class=\"wp-block-list\">\n<li><a rel=\"noreferrer noopener\" href=\"https:\/\/www.stud-dom-lj.si\/en\" target=\"_blank\">www.stud-dom-lj.si<\/a><\/li>\n\n\n\n<li><a href=\"http:\/\/www.bolha.com\/\" data-type=\"link\" data-id=\"www.bolha.com\/\">www.bolha.com<\/a><\/li>\n\n\n\n<li><a href=\"https:\/\/www.nepremicnine.net\/\" data-type=\"link\" data-id=\"https:\/\/www.nepremicnine.net\/\">www.nepremicnine.net<\/a><\/li>\n<\/ul>\n\n\n\n<h4 class=\"wp-block-heading\">Others<\/h4>\n\n\n\n<ul class=\"wp-block-list\">\n<li><a rel=\"noreferrer noopener\" href=\"https:\/\/www.bicikelj.si\/sl\/home\" target=\"_blank\">www.bicikelj.si\/sl\/home<\/a> &#8211; Bike-Sharing<\/li>\n<\/ul>\n\n\n\n\n\n<div style=\"height:50px\" aria-hidden=\"true\" class=\"wp-block-spacer\"><\/div>\n<\/div><\/div>","protected":false},"excerpt":{"rendered":"<p>Slowenien Wundersch\u00f6n und interessant zugleich. In kaum einem anderen Land gibt es so viel Abwechslung auf so einer kleinen Fl\u00e4che. Denn obwohl Slowenien nur eine Fl\u00e4che von circa 20.000 Quadratkilometern besitzt, gibt es hier einiges zu entdecken. Sloweniens Nachbarl\u00e4nder Italien, \u00d6sterreich, Ungarn und Kroatien haben einen ma\u00dfgeblichen Einfluss auf das Land. Die schmale Adriak\u00fcste mit [&hellip;]<\/p>","protected":false},"author":14,"featured_media":0,"parent":48,"menu_order":0,"comment_status":"closed","ping_status":"closed","template":"","meta":{"footnotes":""},"class_list":["post-424","page","type-page","status-publish","hentry"],"_links":{"self":[{"href":"https:\/\/erasmuspraktika.de\/en\/wp-json\/wp\/v2\/pages\/424"}],"collection":[{"href":"https:\/\/erasmuspraktika.de\/en\/wp-json\/wp\/v2\/pages"}],"about":[{"href":"https:\/\/erasmuspraktika.de\/en\/wp-json\/wp\/v2\/types\/page"}],"author":[{"embeddable":true,"href":"https:\/\/erasmuspraktika.de\/en\/wp-json\/wp\/v2\/users\/14"}],"replies":[{"embeddable":true,"href":"https:\/\/erasmuspraktika.de\/en\/wp-json\/wp\/v2\/comments?post=424"}],"version-history":[{"count":10,"href":"https:\/\/erasmuspraktika.de\/en\/wp-json\/wp\/v2\/pages\/424\/revisions"}],"predecessor-version":[{"id":38297,"href":"https:\/\/erasmuspraktika.de\/en\/wp-json\/wp\/v2\/pages\/424\/revisions\/38297"}],"up":[{"embeddable":true,"href":"https:\/\/erasmuspraktika.de\/en\/wp-json\/wp\/v2\/pages\/48"}],"wp:attachment":[{"href":"https:\/\/erasmuspraktika.de\/en\/wp-json\/wp\/v2\/media?parent=424"}],"curies":[{"name":"wp","href":"https:\/\/api.w.org\/{rel}","templated":true}]}}