{"id":430,"date":"2020-12-14T19:08:02","date_gmt":"2020-12-14T18:08:02","guid":{"rendered":"https:\/\/onlinebewerbung.erasmuspraktika.de\/wordpress\/?page_id=430"},"modified":"2024-10-02T12:35:54","modified_gmt":"2024-10-02T10:35:54","slug":"tschechische-republik","status":"publish","type":"page","link":"https:\/\/erasmuspraktika.de\/en\/programmlaender\/tschechische-republik\/","title":{"rendered":"Czech Republic"},"content":{"rendered":"<div class=\"wp-block-group\"><div class=\"wp-block-group__inner-container is-layout-flow wp-block-group-is-layout-flow\">\n<h2 class=\"wp-block-heading\">Czech Republic<\/h2>\n\n\n\n<div class=\"wp-block-columns is-layout-flex wp-container-core-columns-is-layout-1 wp-block-columns-is-layout-flex\">\n<div class=\"wp-block-column is-layout-flow wp-block-column-is-layout-flow\">\n<figure class=\"wp-block-image size-large\"><img loading=\"lazy\" decoding=\"async\" width=\"1024\" height=\"683\" src=\"https:\/\/onlinebewerbung.erasmuspraktika.de\/wordpress\/wp-content\/uploads\/2020\/12\/Tschechien-1024x683.jpg\" alt=\"\" class=\"wp-image-431\" srcset=\"https:\/\/erasmuspraktika.de\/wordpress\/wp-content\/uploads\/2020\/12\/Tschechien-1024x683.jpg 1024w, https:\/\/erasmuspraktika.de\/wordpress\/wp-content\/uploads\/2020\/12\/Tschechien-300x200.jpg 300w, https:\/\/erasmuspraktika.de\/wordpress\/wp-content\/uploads\/2020\/12\/Tschechien-768x512.jpg 768w, https:\/\/erasmuspraktika.de\/wordpress\/wp-content\/uploads\/2020\/12\/Tschechien-1536x1024.jpg 1536w, https:\/\/erasmuspraktika.de\/wordpress\/wp-content\/uploads\/2020\/12\/Tschechien-2048x1365.jpg 2048w\" sizes=\"(max-width: 1024px) 100vw, 1024px\" \/><figcaption class=\"wp-element-caption\">Prag \u2013 Photo: Julia Solonina<\/figcaption><\/figure>\n<\/div>\n\n\n\n<div class=\"wp-block-column is-layout-flow wp-block-column-is-layout-flow\">\n<p>Ahoy! This greeting is used to welcome friends and relatives in the Czech Republic. The contradiction that a landlocked country in the heart of Europe uses an expression from the sailor's language for informal greetings runs through many areas of Czech life. In this country, melancholy and deep-rooted scepticism are lived just as much as humour and exuberant cheerfulness.<\/p>\n\n\n\n<p>The Czech Republic is characterised both by its unique cities and its vast and varied nature. In addition to the \"golden city\" of Prague and the West Bohemian spas such as Karlsbad and Marienbad, you will find in South Bohemia, for example, the picturesque little town of Cesk\u00fd Krumlov (Krumau), which is a UNESCO World Heritage Site. Modern structures and the high quality of teaching are further incentives for an internship in the Czech Republic.<\/p>\n<\/div>\n<\/div>\n<\/div><\/div>\n\n\n\n<div class=\"wp-block-group hintergrund-blau\"><div class=\"wp-block-group__inner-container is-layout-flow wp-block-group-is-layout-flow\">\n<h3 class=\"wp-block-heading\">Heplful links<\/h3>\n\n\n\n<h4 class=\"wp-block-heading\">Jobs<\/h4>\n\n\n\n<ul class=\"wp-block-list\">\n<li>\/<\/li>\n<\/ul>\n\n\n\n<h4 class=\"wp-block-heading\">Accommodation<\/h4>\n\n\n\n<ul class=\"wp-block-list\">\n<li><a rel=\"noreferrer noopener\" href=\"https:\/\/www.flatio.com\/\" target=\"_blank\">www.flatio.com<\/a><\/li>\n\n\n\n<li><a href=\"https:\/\/www.forstudents.cz\/\" data-type=\"link\" data-id=\"https:\/\/www.forstudents.cz\/\">www.forstudents.cz<\/a><\/li>\n\n\n\n<li><a rel=\"noreferrer noopener\" href=\"https:\/\/www.erasmusinprague.com\" target=\"_blank\">www.erasmusinprague.com<\/a> &#8211; Prag<\/li>\n<\/ul>\n\n\n\n<h4 class=\"wp-block-heading\">Others<\/h4>\n\n\n\n<ul class=\"wp-block-list\">\n<li><a href=\"https:\/\/www.annonce.cz\/\">Annonce.cz \u2013 inzerce zdarma, bazar, inzer\u00e1ty<\/a> &#8211; Kleinanzeigen<\/li>\n<\/ul>\n\n\n\n\n\n<div style=\"height:50px\" aria-hidden=\"true\" class=\"wp-block-spacer\"><\/div>\n<\/div><\/div>","protected":false},"excerpt":{"rendered":"<p>Tschechische Republik Ahoj! Mit diesem Gru\u00df hei\u00dft man Freunde und Verwandte in Tschechien willkommen. Die Widerspr\u00fcchlichkeit, dass ausgerechnet ein Binnenstaat im Herzen Europas einen Ausdruck aus der Seemannssprache zur informellen Begr\u00fc\u00dfung verwendet, zieht sich durch viele Bereiche des tschechischen Lebens. In diesem Land werden Melancholie und tief verwurzelte Skepsis genauso gelebt wie Humor und ausgelassene [&hellip;]<\/p>","protected":false},"author":14,"featured_media":0,"parent":48,"menu_order":0,"comment_status":"closed","ping_status":"closed","template":"","meta":{"footnotes":""},"class_list":["post-430","page","type-page","status-publish","hentry"],"_links":{"self":[{"href":"https:\/\/erasmuspraktika.de\/en\/wp-json\/wp\/v2\/pages\/430"}],"collection":[{"href":"https:\/\/erasmuspraktika.de\/en\/wp-json\/wp\/v2\/pages"}],"about":[{"href":"https:\/\/erasmuspraktika.de\/en\/wp-json\/wp\/v2\/types\/page"}],"author":[{"embeddable":true,"href":"https:\/\/erasmuspraktika.de\/en\/wp-json\/wp\/v2\/users\/14"}],"replies":[{"embeddable":true,"href":"https:\/\/erasmuspraktika.de\/en\/wp-json\/wp\/v2\/comments?post=430"}],"version-history":[{"count":9,"href":"https:\/\/erasmuspraktika.de\/en\/wp-json\/wp\/v2\/pages\/430\/revisions"}],"predecessor-version":[{"id":38299,"href":"https:\/\/erasmuspraktika.de\/en\/wp-json\/wp\/v2\/pages\/430\/revisions\/38299"}],"up":[{"embeddable":true,"href":"https:\/\/erasmuspraktika.de\/en\/wp-json\/wp\/v2\/pages\/48"}],"wp:attachment":[{"href":"https:\/\/erasmuspraktika.de\/en\/wp-json\/wp\/v2\/media?parent=430"}],"curies":[{"name":"wp","href":"https:\/\/api.w.org\/{rel}","templated":true}]}}