{"id":48,"date":"2020-03-01T17:50:46","date_gmt":"2020-03-01T16:50:46","guid":{"rendered":"https:\/\/onlinebewerbung.erasmuspraktika.de\/wordpress\/?page_id=48"},"modified":"2025-11-27T14:32:09","modified_gmt":"2025-11-27T13:32:09","slug":"programmlaender","status":"publish","type":"page","link":"https:\/\/erasmuspraktika.de\/en\/programmlaender\/","title":{"rendered":"Eligible countries"},"content":{"rendered":"<div class=\"wp-block-group\"><div class=\"wp-block-group__inner-container is-layout-flow wp-block-group-is-layout-flow\">\n<h2 class=\"wp-block-heading\" id=\"programmlaender\">Programme countries<\/h2>\n\n\n\n<p>The ERASMUS+ programme offers funding in the following 27 countries of the European Union:<\/p>\n\n\n\n<div class=\"wp-block-columns is-layout-flex wp-container-core-columns-is-layout-1 wp-block-columns-is-layout-flex\">\n<div class=\"wp-block-column is-layout-flow wp-block-column-is-layout-flow\">\n<ul class=\"wp-block-list\">\n<li><a href=\"https:\/\/erasmuspraktika.de\/en\/porgrammlaender\/belgien\/\">Belgium<\/a><\/li>\n\n\n\n<li><a href=\"https:\/\/erasmuspraktika.de\/en\/programmlaender\/bulgarien\/\">Bulgaria<\/a><\/li>\n\n\n\n<li><a href=\"https:\/\/erasmuspraktika.de\/en\/programmlaender\/daenemark\/\">Denmark<\/a><\/li>\n\n\n\n<li><a href=\"https:\/\/erasmuspraktika.de\/en\/programmlaender\/deutschland\/\">Germany<\/a>*<\/li>\n\n\n\n<li><a href=\"https:\/\/erasmuspraktika.de\/en\/programmlaender\/estland\/\">Estonia<\/a><\/li>\n\n\n\n<li><a href=\"https:\/\/erasmuspraktika.de\/en\/programmlaender\/finnland\/\">Finland<\/a><\/li>\n\n\n\n<li><a href=\"https:\/\/erasmuspraktika.de\/en\/programmlaender\/frankreich\/\">France<\/a><\/li>\n<\/ul>\n<\/div>\n\n\n\n<div class=\"wp-block-column is-layout-flow wp-block-column-is-layout-flow\">\n<ul class=\"wp-block-list\">\n<li><a href=\"https:\/\/erasmuspraktika.de\/en\/programmlaender\/griechenland\/\">Greece<\/a><\/li>\n\n\n\n<li><a href=\"https:\/\/erasmuspraktika.de\/en\/programmlaender\/irland\/\">Ireland<\/a><\/li>\n\n\n\n<li><a href=\"https:\/\/erasmuspraktika.de\/en\/programmlaender\/italien\/\">Italy<\/a><\/li>\n\n\n\n<li><a href=\"https:\/\/erasmuspraktika.de\/en\/programmlaender\/kroatien\/\">Croatia<\/a><\/li>\n\n\n\n<li><a href=\"https:\/\/erasmuspraktika.de\/en\/programmlaender\/lettland\/\">Latvia<\/a><\/li>\n\n\n\n<li><a href=\"https:\/\/erasmuspraktika.de\/en\/programmlaender\/litauen\/\">Lithuania<\/a><\/li>\n\n\n\n<li><a href=\"https:\/\/erasmuspraktika.de\/en\/programmlaender\/luxemburg\/\">Luxembourg<\/a><\/li>\n<\/ul>\n<\/div>\n\n\n\n<div class=\"wp-block-column is-layout-flow wp-block-column-is-layout-flow\">\n<ul class=\"wp-block-list\">\n<li><a href=\"https:\/\/erasmuspraktika.de\/en\/programmlaender\/malta\/\">Malta<\/a><\/li>\n\n\n\n<li><a href=\"https:\/\/erasmuspraktika.de\/en\/programmlaender\/niederlande\/\">Netherlands<\/a><\/li>\n\n\n\n<li><a href=\"https:\/\/erasmuspraktika.de\/en\/programmlaender\/oesterreich\/\">Austria<\/a><\/li>\n\n\n\n<li><a href=\"https:\/\/erasmuspraktika.de\/en\/programmlaender\/polen\/\">Poland<\/a><\/li>\n\n\n\n<li><a href=\"https:\/\/erasmuspraktika.de\/en\/programmlaender\/portugal\/\">Portugal<\/a><\/li>\n\n\n\n<li><a href=\"https:\/\/erasmuspraktika.de\/en\/programmlaender\/rumaenien\/\">Romania<\/a><\/li>\n\n\n\n<li><a href=\"https:\/\/erasmuspraktika.de\/en\/programmlaender\/schweden\/\">Sweden<\/a><\/li>\n<\/ul>\n<\/div>\n\n\n\n<div class=\"wp-block-column is-layout-flow wp-block-column-is-layout-flow\">\n<ul class=\"wp-block-list\">\n<li><a href=\"https:\/\/erasmuspraktika.de\/en\/programmlaender\/slowakische-republik\/\">Slovak Republic<\/a><\/li>\n\n\n\n<li><a href=\"https:\/\/erasmuspraktika.de\/en\/programmlaender\/slowenien\/\">Slovenia<\/a><\/li>\n\n\n\n<li><a href=\"https:\/\/erasmuspraktika.de\/en\/programmlaender\/spanien\/\">Spain<\/a><\/li>\n\n\n\n<li><a href=\"https:\/\/erasmuspraktika.de\/en\/programmlaender\/tschechische-republik\/\">Czech Republic<\/a><\/li>\n\n\n\n<li><a href=\"https:\/\/erasmuspraktika.de\/en\/programmlaender\/ungarn\/\">Hungary<\/a><\/li>\n\n\n\n<li><a href=\"https:\/\/erasmuspraktika.de\/en\/programmlaender\/zypern\/\">Cyprus<\/a><\/li>\n\n\n\n<li><a href=\"https:\/\/erasmuspraktika.de\/en\/programmlaender\/ueberseeische-laender-und-gebiete-europas\/\">Overseas countries and territories of Europe<\/a><\/li>\n<\/ul>\n<\/div>\n<\/div>\n\n\n\n<div class=\"wp-block-columns is-layout-flex wp-container-core-columns-is-layout-2 wp-block-columns-is-layout-flex\">\n<div class=\"wp-block-column is-layout-flow wp-block-column-is-layout-flow\">\n<p><strong>EU candidate countries:<\/strong><\/p>\n\n\n\n<ul class=\"wp-block-list\">\n<li><a href=\"https:\/\/erasmuspraktika.de\/en\/programmlaender\/nordmazedonien\/\">North Macedonia<\/a><\/li>\n\n\n\n<li><a href=\"https:\/\/erasmuspraktika.de\/en\/programmlaender\/serbien\/\" data-type=\"page\" data-id=\"1423\">Serbia<\/a><\/li>\n\n\n\n<li><a href=\"https:\/\/erasmuspraktika.de\/en\/programmlaender\/tuerkei\/\">Turkey<\/a><\/li>\n<\/ul>\n<\/div>\n\n\n\n<div class=\"wp-block-column is-layout-flow wp-block-column-is-layout-flow\">\n<p><strong>In the EFTA countries:<\/strong><\/p>\n\n\n\n<ul class=\"wp-block-list\">\n<li><a href=\"https:\/\/erasmuspraktika.de\/en\/programmlaender\/island\/\">Iceland<\/a><\/li>\n\n\n\n<li><a href=\"https:\/\/erasmuspraktika.de\/en\/programmlaender\/liechtenstein\/\">Liechtenstein<\/a><\/li>\n\n\n\n<li><a href=\"https:\/\/erasmuspraktika.de\/en\/programmlaender\/norwegen\/\">Norway<\/a><\/li>\n<\/ul>\n<\/div>\n\n\n\n<div class=\"wp-block-column is-layout-flow wp-block-column-is-layout-flow\">\n<p><\/p>\n<\/div>\n\n\n\n<div class=\"wp-block-column is-layout-flow wp-block-column-is-layout-flow\">\n<p><\/p>\n<\/div>\n<\/div>\n\n\n\n<div style=\"height:20px\" aria-hidden=\"true\" class=\"wp-block-spacer\"><\/div>\n\n\n\n<p>* Erasmus+ funding in Germany is not possible to students enrolled or to staff employed at a German university.<\/p>\n<\/div><\/div>\n\n\n\n<div class=\"wp-block-group hintergrund-blau\"><div class=\"wp-block-group__inner-container is-layout-flow wp-block-group-is-layout-flow\">\n<h2 class=\"wp-block-heading\" id=\"partnerlaender\">partner countries<\/h2>\n\n\n\n<p>Seit Mai 2022 sind auch Praktika <strong>worldwide <\/strong>f\u00f6rderbar, allerdings stehen uns daf\u00fcr nur begrenzte Mittel zur Verf\u00fcgung. In Absprache mit Ihrer Hochschule (eventuell sind andere F\u00f6rderprogramme m\u00f6glich) k\u00f6nnen Sie uns kontaktieren und sich bewerben.<\/p>\n\n\n\n<p class=\" translation-block\">An overview can be found here (in German): <a href=\"https:\/\/eu.daad.de\/infos-fuer-hochschulen\/programmlinien\/infos-zu-programm-und-partnerlaendern\/de\/45673-erasmus-partnerlaender-\/\" target=\"_self\">https:\/\/eu.daad.de\/infos-fuer-hochschulen\/programmlinien\/infos-zu-programm-und-partnerlaendern\/de\/45673-erasmus-partnerlaender-\/<\/a><\/p>\n\n\n\n<div style=\"height:50px\" aria-hidden=\"true\" class=\"wp-block-spacer\"><\/div>\n<\/div><\/div>","protected":false},"excerpt":{"rendered":"<p>Programml\u00e4nder Im Programm ERASMUS+ kann in folgenden 27 Staaten der Europ\u00e4ischen Union gef\u00f6rdert werden: EU-Kandidatenl\u00e4nder: In den EFTA-Staaten: * Eine Erasmus+ F\u00f6rderung in Deutschland ist f\u00fcr Studierende und Mitarbeitende deutscher Hochschulen nicht m\u00f6glich. Partnerl\u00e4nder Seit Mai 2022 sind auch Praktika weltweit f\u00f6rderbar, allerdings stehen uns daf\u00fcr nur begrenzte Mittel zur Verf\u00fcgung. In Absprache mit Ihrer [&hellip;]<\/p>","protected":false},"author":14,"featured_media":0,"parent":0,"menu_order":0,"comment_status":"closed","ping_status":"closed","template":"","meta":{"footnotes":""},"class_list":["post-48","page","type-page","status-publish","hentry"],"_links":{"self":[{"href":"https:\/\/erasmuspraktika.de\/en\/wp-json\/wp\/v2\/pages\/48"}],"collection":[{"href":"https:\/\/erasmuspraktika.de\/en\/wp-json\/wp\/v2\/pages"}],"about":[{"href":"https:\/\/erasmuspraktika.de\/en\/wp-json\/wp\/v2\/types\/page"}],"author":[{"embeddable":true,"href":"https:\/\/erasmuspraktika.de\/en\/wp-json\/wp\/v2\/users\/14"}],"replies":[{"embeddable":true,"href":"https:\/\/erasmuspraktika.de\/en\/wp-json\/wp\/v2\/comments?post=48"}],"version-history":[{"count":75,"href":"https:\/\/erasmuspraktika.de\/en\/wp-json\/wp\/v2\/pages\/48\/revisions"}],"predecessor-version":[{"id":38890,"href":"https:\/\/erasmuspraktika.de\/en\/wp-json\/wp\/v2\/pages\/48\/revisions\/38890"}],"wp:attachment":[{"href":"https:\/\/erasmuspraktika.de\/en\/wp-json\/wp\/v2\/media?parent=48"}],"curies":[{"name":"wp","href":"https:\/\/api.w.org\/{rel}","templated":true}]}}