{"id":5,"date":"2020-03-01T12:52:09","date_gmt":"2020-03-01T11:52:09","guid":{"rendered":"https:\/\/onlinebewerbung.erasmuspraktika.de\/wordpress\/?page_id=5"},"modified":"2025-08-07T12:46:07","modified_gmt":"2025-08-07T10:46:07","slug":"startseite","status":"publish","type":"page","link":"https:\/\/erasmuspraktika.de\/en\/","title":{"rendered":"Home"},"content":{"rendered":"<div class=\"n2-section-smartslider fitvidsignore\" data-ssid=\"2\" tabindex=\"0\" role=\"region\" aria-label=\"Slider\"><div id=\"n2-ss-2-align\" class=\"n2-ss-align\"><div class=\"n2-padding\"><div id=\"n2-ss-2\" data-creator=\"Smart Slider 3\" data-responsive=\"auto\" class=\"n2-ss-slider n2-ow n2-has-hover n2notransition\">\n\n\n\n\n\n<div class=\"n2-ss-slider-wrapper-inside\">\n        <div class=\"n2-ss-slider-1 n2_ss__touch_element n2-ow\">\n            <div class=\"n2-ss-slider-2 n2-ow\">\n                                                <div class=\"n2-ss-slider-3 n2-ow\">\n\n                    <div class=\"n2-ss-slide-backgrounds n2-ow-all\"><div class=\"n2-ss-slide-background\" data-public-id=\"1\" data-mode=\"fill\"><div class=\"n2-ss-slide-background-image\" data-blur=\"0\" data-opacity=\"100\" data-x=\"50\" data-y=\"50\" data-alt=\"\" data-title=\"\"><picture class=\"skip-lazy\" data-skip-lazy=\"1\"><img decoding=\"async\" src=\"\/\/erasmuspraktika.de\/wordpress\/wp-content\/uploads\/2020\/03\/Anmerkung-2020-03-06-141738.png\" alt=\"\" title=\"\" loading=\"lazy\" class=\"skip-lazy\" data-skip-lazy=\"1\"><\/picture><\/div><div data-color=\"RGBA(255,255,255,0)\" style=\"background-color: RGBA(255,255,255,0);\" class=\"n2-ss-slide-background-color\"><\/div><\/div><div class=\"n2-ss-slide-background\" data-public-id=\"2\" data-mode=\"fill\"><div data-color=\"RGBA(255,255,255,0)\" style=\"background-color: RGBA(255,255,255,0);\" class=\"n2-ss-slide-background-color\"><\/div><\/div><div class=\"n2-ss-slide-background\" data-public-id=\"3\" data-mode=\"fill\"><div class=\"n2-ss-slide-background-image\" data-blur=\"0\" data-opacity=\"100\" data-x=\"55\" data-y=\"51\" data-alt=\"\" data-title=\"\" style=\"--ss-o-pos-x:55%;--ss-o-pos-y:51%\"><picture class=\"skip-lazy\" data-skip-lazy=\"1\"><img decoding=\"async\" src=\"\/\/erasmuspraktika.de\/wordpress\/wp-content\/uploads\/2022\/04\/Iceland_Canyon.jpg\" alt=\"\" title=\"\" loading=\"lazy\" class=\"skip-lazy\" data-skip-lazy=\"1\"><\/picture><\/div><div data-color=\"RGBA(255,255,255,0)\" style=\"background-color: RGBA(255,255,255,0);\" class=\"n2-ss-slide-background-color\"><\/div><\/div><div class=\"n2-ss-slide-background\" data-public-id=\"4\" data-mode=\"fill\"><div class=\"n2-ss-slide-background-image\" data-blur=\"0\" data-opacity=\"100\" data-x=\"50\" data-y=\"50\" data-alt=\"\" data-title=\"\"><picture class=\"skip-lazy\" data-skip-lazy=\"1\"><img decoding=\"async\" src=\"\/\/erasmuspraktika.de\/wordpress\/wp-content\/uploads\/2020\/03\/Anmerkung-2020-03-06-1417382.png\" alt=\"\" title=\"\" loading=\"lazy\" class=\"skip-lazy\" data-skip-lazy=\"1\"><\/picture><\/div><div data-color=\"RGBA(255,255,255,0)\" style=\"background-color: RGBA(255,255,255,0);\" class=\"n2-ss-slide-background-color\"><\/div><\/div><div class=\"n2-ss-slide-background\" data-public-id=\"5\" data-mode=\"fill\"><div class=\"n2-ss-slide-background-image\" data-blur=\"0\" data-opacity=\"100\" data-x=\"50\" data-y=\"50\" data-alt=\"\" data-title=\"\"><picture class=\"skip-lazy\" data-skip-lazy=\"1\"><img decoding=\"async\" src=\"\/\/erasmuspraktika.de\/wordpress\/wp-content\/uploads\/2020\/03\/Anmerkung-2020-03-06-1418293.png\" alt=\"\" title=\"\" loading=\"lazy\" class=\"skip-lazy\" data-skip-lazy=\"1\"><\/picture><\/div><div data-color=\"RGBA(255,255,255,0)\" style=\"background-color: RGBA(255,255,255,0);\" class=\"n2-ss-slide-background-color\"><\/div><\/div><\/div>                    <div class=\"n2-ss-slider-4 n2-ow\">\n                        <svg xmlns=\"http:\/\/www.w3.org\/2000\/svg\" viewbox=\"0 0 1200 500\" data-related-device=\"desktopPortrait\" class=\"n2-ow n2-ss-preserve-size n2-ss-preserve-size--slider n2-ss-slide-limiter\"><\/svg><div data-slide-duration=\"0\" data-id=\"34\" data-slide-public-id=\"1\" data-title=\"Erasmus+\" data-haslink=\"1\" data-href=\"https:\/\/erasmuspraktika.de\/auslandspraktikum\/\" tabindex=\"0\" role=\"button\" data-n2click=\"url\" data-force-pointer=\"\" class=\"n2-ss-slide n2-ow  n2-ss-slide-34\"><div role=\"note\" class=\"n2-ss-slide--focus\">Erasmus+<\/div><div class=\"n2-ss-layers-container n2-ss-slide-limiter n2-ow\"><div class=\"n2-ss-layer n2-ow n-uc-udmOAIsezEUP\" data-sstype=\"slide\" data-pm=\"default\"><div class=\"n2-ss-layer n2-ow n-uc-peRFgybD5CB3\" data-pm=\"default\" data-sstype=\"content\" data-hasbackground=\"0\"><div class=\"n2-ss-section-main-content n2-ss-layer-with-background n2-ss-layer-content n2-ow n-uc-peRFgybD5CB3-inner\"><div class=\"n2-ss-layer n2-ow n-uc-S2ewSvhgs9Dd\" data-pm=\"normal\" data-sstype=\"layer\"><div id=\"n2-ss-2item1\" class=\"n2-font-1778e482e12abdc6598d84c38f618ef7-hover   n2-ss-item-content n2-ss-text n2-ow\" style=\"display:block;\">ERASMUS+<\/div><\/div><div class=\"n2-ss-layer n2-ow n-uc-84ymWVQi7439\" data-pm=\"normal\" data-sstype=\"layer\"><div class=\"n2-ss-item-content n2-ss-text n2-ow-all\"><div class=\"\"><p class=\"n2-font-dc720a861c8504636fb1a9ca52297325-paragraph\">Information about the internship abroad<\/p>\n<\/div><\/div><\/div><\/div><\/div><\/div><\/div><\/div><div data-slide-duration=\"0\" data-id=\"4\" data-slide-public-id=\"2\" data-title=\"Instagram\" data-haslink=\"1\" data-href=\"https:\/\/erasmuspraktika.de\/news\/#Instagram\" tabindex=\"0\" role=\"button\" data-n2click=\"url\" data-force-pointer=\"\" class=\"n2-ss-slide n2-ow  n2-ss-slide-4\"><div role=\"note\" class=\"n2-ss-slide--focus\">Instagram<\/div><div class=\"n2-ss-layers-container n2-ss-slide-limiter n2-ow\"><div class=\"n2-ss-layer n2-ow n-uc-pgBZGe3N0XuW\" data-sstype=\"slide\" data-pm=\"default\"><div class=\"n2-ss-layer n2-ow n-uc-10ae2087c6277\" data-pm=\"default\" data-sstype=\"content\" data-hasbackground=\"1\"><div class=\"n2-ss-section-main-content n2-ss-layer-with-background n2-ss-layer-content n2-ow n-uc-10ae2087c6277-inner\"><div class=\"n2-ss-layer n2-ow n-uc-14bcd951974df\" data-pm=\"normal\" data-sstype=\"layer\"><div id=\"n2-ss-2item3\" class=\"n2-font-1778e482e12abdc6598d84c38f618ef7-hover   n2-ss-item-content n2-ss-text n2-ow\" style=\"display:block;\">INSTAGRAM<\/div><\/div><div class=\"n2-ss-layer n2-ow n-uc-1dbd2ca0bcdb6\" data-pm=\"normal\" data-sstype=\"layer\"><div class=\"n2-ss-item-content n2-ss-text n2-ow-all\"><div class=\"\"><p class=\"n2-font-dc720a861c8504636fb1a9ca52297325-paragraph\">erasmus.praktika<\/p>\n<\/div><\/div><\/div><div class=\"n2-ss-layer n2-ow n-uc-1d0a26a895369\" data-pm=\"absolute\" data-responsiveposition=\"1\" data-desktopportraitleft=\"0\" data-desktopportraittop=\"236\" data-responsivesize=\"1\" data-desktopportraitwidth=\"1180\" data-desktopportraitheight=\"auto\" data-desktopportraitalign=\"center\" data-desktopportraitvalign=\"middle\" data-parentid=\"\" data-desktopportraitparentalign=\"center\" data-desktopportraitparentvalign=\"middle\" data-sstype=\"layer\"><div class=\"n2-ss-item-content n2-ss-text n2-ow-all\"><div class=\"\"><p class=\"n2-font-2dad988072087551d74751caa4b59a0b-paragraph\">Copyright: Christian H\u00fcller \/ NA DAAD<\/p>\n<\/div><\/div><\/div><\/div><\/div><\/div><\/div><\/div><div data-slide-duration=\"0\" data-id=\"16\" data-slide-public-id=\"3\" data-title=\"Erfahrungsberichte\" data-haslink=\"1\" data-href=\"https:\/\/erasmuspraktika.de\/erfahrungsberichte\/\" tabindex=\"0\" role=\"button\" data-n2click=\"url\" data-force-pointer=\"\" class=\"n2-ss-slide n2-ow  n2-ss-slide-16\"><div role=\"note\" class=\"n2-ss-slide--focus\">Internship reports<\/div><div class=\"n2-ss-layers-container n2-ss-slide-limiter n2-ow\"><div class=\"n2-ss-layer n2-ow n-uc-9Uj9Lh0mQMo3\" data-sstype=\"slide\" data-pm=\"default\"><div class=\"n2-ss-layer n2-ow n-uc-8bXX4EwhlTWd\" data-pm=\"default\" data-sstype=\"content\" data-hasbackground=\"1\"><div class=\"n2-ss-section-main-content n2-ss-layer-with-background n2-ss-layer-content n2-ow n-uc-8bXX4EwhlTWd-inner\"><div class=\"n2-ss-layer n2-ow n-uc-EaecAQ3O4h4l\" data-pm=\"normal\" data-sstype=\"layer\"><div id=\"n2-ss-2item6\" class=\"n2-font-28c2a4e2b71630b78fc44635de54866d-hover   n2-ss-item-content n2-ss-text n2-ow\" style=\"display:block;\">EXPERIENCE REPORTS<\/div><\/div><div class=\"n2-ss-layer n2-ow n-uc-qn3zoIIIRLbC\" data-pm=\"normal\" data-sstype=\"layer\"><div class=\"n2-ss-item-content n2-ss-text n2-ow-all\"><div class=\"\"><p class=\"n2-font-89cf09b6872513bad3f71b32a2748197-paragraph\">Internship abroad<\/p>\n<\/div><\/div><\/div><\/div><\/div><\/div><\/div><\/div><div data-slide-duration=\"0\" data-id=\"5\" data-slide-public-id=\"4\" data-title=\"Brexit\" data-haslink=\"1\" data-href=\"https:\/\/erasmuspraktika.de\/news\/#brexit-2023\" tabindex=\"0\" role=\"button\" data-n2click=\"url\" data-force-pointer=\"\" class=\"n2-ss-slide n2-ow  n2-ss-slide-5\"><div role=\"note\" class=\"n2-ss-slide--focus\">Brexit<\/div><div class=\"n2-ss-layers-container n2-ss-slide-limiter n2-ow\"><div class=\"n2-ss-layer n2-ow n-uc-eMuByWzEcS8S\" data-sstype=\"slide\" data-pm=\"default\"><div class=\"n2-ss-layer n2-ow n-uc-1f4bb1aa51dff\" data-pm=\"default\" data-sstype=\"content\" data-hasbackground=\"0\"><div class=\"n2-ss-section-main-content n2-ss-layer-with-background n2-ss-layer-content n2-ow n-uc-1f4bb1aa51dff-inner\"><div class=\"n2-ss-layer n2-ow n-uc-EqaV1ceFEINK\" data-pm=\"normal\" data-sstype=\"layer\"><div id=\"n2-ss-2item8\" class=\"n2-font-1778e482e12abdc6598d84c38f618ef7-hover   n2-ss-item-content n2-ss-text n2-ow\" style=\"display:block;\">BREXIT<\/div><\/div><div class=\"n2-ss-layer n2-ow n-uc-O2lCLJ7kQJPG\" data-pm=\"normal\" data-sstype=\"layer\"><div class=\"n2-ss-item-content n2-ss-text n2-ow-all\"><div class=\"\"><p class=\"n2-font-dc720a861c8504636fb1a9ca52297325-paragraph\">Here you can find all important information regarding the Brexit<\/p>\n<\/div><\/div><\/div><\/div><\/div><\/div><\/div><\/div><div data-first=\"1\" data-slide-duration=\"0\" data-id=\"47\" data-slide-public-id=\"5\" data-title=\"Umzug\" data-haslink=\"1\" data-href=\"https:\/\/erasmuspraktika.de\/news\/\" tabindex=\"0\" role=\"button\" data-n2click=\"url\" data-force-pointer=\"\" class=\"n2-ss-slide n2-ow  n2-ss-slide-47\"><div role=\"note\" class=\"n2-ss-slide--focus\">Umzug<\/div><div class=\"n2-ss-layers-container n2-ss-slide-limiter n2-ow\"><div class=\"n2-ss-layer n2-ow n-uc-G6lkMXaaSH8c\" data-sstype=\"slide\" data-pm=\"default\"><div class=\"n2-ss-layer n2-ow n-uc-TXYaA6BemmbW\" data-pm=\"default\" data-sstype=\"content\" data-hasbackground=\"0\"><div class=\"n2-ss-section-main-content n2-ss-layer-with-background n2-ss-layer-content n2-ow n-uc-TXYaA6BemmbW-inner\"><div class=\"n2-ss-layer n2-ow n-uc-pac627BAFNJs\" data-pm=\"normal\" data-sstype=\"layer\"><div id=\"n2-ss-2item10\" class=\"n2-font-7f76637f27a2e3c8a899eb6650ebfd9a-hover   n2-ss-item-content n2-ss-text n2-ow\" style=\"display:block;\">We moved!<\/div><\/div><div class=\"n2-ss-layer n2-ow n-uc-1b24eef3e42c9\" data-pm=\"normal\" data-sstype=\"layer\"><div class=\"n2-ss-item-content n2-ss-text n2-ow-all\"><div class=\"\"><p class=\"n2-font-dc720a861c8504636fb1a9ca52297325-paragraph\">Mehr Informationen in News<\/p>\n<\/div><\/div><\/div><\/div><\/div><\/div><\/div><\/div>                    <\/div>\n\n                                    <\/div>\n            <\/div>\n        <\/div>\n        <div class=\"n2-ss-slider-controls n2-ss-slider-controls-absolute-left-center\"><div style=\"--widget-offset:15px;\" class=\"n2-ss-widget nextend-arrow n2-ow-all nextend-arrow-previous  nextend-arrow-animated-fade\" data-hide-mobileportrait=\"1\" id=\"n2-ss-2-arrow-previous\" role=\"button\" aria-label=\"previous arrow\" tabindex=\"0\"><img loading=\"lazy\" decoding=\"async\" width=\"32\" height=\"32\" class=\"skip-lazy\" data-skip-lazy=\"1\" src=\"data:image\/svg+xml;base64,PHN2ZyB3aWR0aD0iMzIiIGhlaWdodD0iMzIiIHZpZXdCb3g9IjAgMCAzMiAzMiIgeG1sbnM9Imh0dHA6Ly93d3cudzMub3JnLzIwMDAvc3ZnIj4KICAgIDxwYXRoIGQ9Ik0yMS41OCAyMy41OGwtNy45NjItNy41ODMgNy44Ni03LjQ4NWMuMzItLjI2Mi41MjItLjY1LjUyMi0xLjA4M0MyMiA2LjY0IDIxLjMyOCA2IDIwLjUgNmMtLjQwMyAwLS43NjguMTUtMS4wMzguMzk4bC0uMDA0LS4wMDQtOSA4LjU3di4wMDJjLS4yODIuMjYtLjQ1OC42MjQtLjQ1OCAxLjAyOFYxNmMwIC40MDQuMTc2Ljc3LjQ2IDEuMDNoLS4wMDJsOSA4LjU3Yy4yNy4yNDcuNjM4LjQgMS4wNDIuNC44MyAwIDEuNS0uNjQgMS41LTEuNDMgMC0uMzg0LS4xNi0uNzMzLS40Mi0uOTl6IgogICAgICAgICAgZmlsbD0iIzlhMTkxOSIgb3BhY2l0eT0iMSIgZmlsbC1ydWxlPSJldmVub2RkIi8+Cjwvc3ZnPg==\" alt=\"previous arrow\"><\/div><\/div><div class=\"n2-ss-slider-controls n2-ss-slider-controls-absolute-right-center\"><div style=\"--widget-offset:15px;\" class=\"n2-ss-widget nextend-arrow n2-ow-all nextend-arrow-next  nextend-arrow-animated-fade\" data-hide-mobileportrait=\"1\" id=\"n2-ss-2-arrow-next\" role=\"button\" aria-label=\"next arrow\" tabindex=\"0\"><img loading=\"lazy\" decoding=\"async\" width=\"32\" height=\"32\" class=\"skip-lazy\" data-skip-lazy=\"1\" src=\"data:image\/svg+xml;base64,PHN2ZyB3aWR0aD0iMzIiIGhlaWdodD0iMzIiIHZpZXdCb3g9IjAgMCAzMiAzMiIgeG1sbnM9Imh0dHA6Ly93d3cudzMub3JnLzIwMDAvc3ZnIj4KICAgIDxwYXRoIGQ9Ik0yMiAxNS45OTd2LS4wMDNjMC0uNDA0LS4xNzYtLjc2OC0uNDYtMS4wMjhoLjAwMmwtOS04LjU3Mi0uMDA0LjAwNEMxMi4yNjggNi4xNSAxMS45MDIgNiAxMS41IDZjLS44MyAwLTEuNS42NC0xLjUgMS40MyAwIC40MzIuMjAzLjgyLjUyMyAxLjA4Mmw3Ljg2IDcuNDg1LTcuOTYzIDcuNTgzYy0uMjYuMjU3LS40Mi42MDYtLjQyLjk5IDAgLjc5LjY3IDEuNDMgMS41IDEuNDMuNDA0IDAgLjc3LS4xNTMgMS4wNC0uNGw5LjAwMi04LjU3di0uMDAyYy4yODItLjI2LjQ1OC0uNjI0LjQ1OC0xLjAyOHYtLjAwM3oiCiAgICAgICAgICBmaWxsPSIjOWExOTE5IiBvcGFjaXR5PSIxIiBmaWxsLXJ1bGU9ImV2ZW5vZGQiLz4KPC9zdmc+\" alt=\"next arrow\"><\/div><\/div><div class=\"n2-ss-slider-controls n2-ss-slider-controls-absolute-center-bottom\"><div style=\"--widget-offset:10px;\" class=\"n2-ss-widget n2-ss-control-bullet n2-ow-all n2-ss-control-bullet-horizontal\"><div class=\"n2-style-c40202a1b0f5ded5d7b3e6daf8e2e98b-simple  nextend-bullet-bar n2-bar-justify-content-center\"><div class=\"n2-bullet n2-style-232a048e43d76b0046b0a35197bc9a51-dot\" style=\"visibility:hidden;\"><\/div><\/div><\/div><\/div><\/div><\/div><ss3-loader><\/ss3-loader><\/div><\/div><div class=\"n2_clear\"><\/div><\/div>\n\n\n<div class=\"wp-block-group\"><div class=\"wp-block-group__inner-container is-layout-flow wp-block-group-is-layout-flow\">\n<div class=\"wp-block-columns is-layout-flex wp-container-core-columns-is-layout-1 wp-block-columns-is-layout-flex\">\n<div class=\"wp-block-column is-layout-flow wp-block-column-is-layout-flow\">\n<h2 class=\"wp-block-heading\">About us<\/h2>\n\n\n\n<p>The Agency for International Higher Education Mobility Rhineland-Palatinate is responsible for the selection and allocation of scholarships (ERASMUS+ internship abroad) to applicants of the universities taking part in the consortium (partner universities) in Rhineland-Palatinate and Saarland.<\/p>\n\n\n\n<p>After the online application and upon request, we provide contact information on companies in which internships have already been successfully completed.<\/p>\n<\/div>\n\n\n\n<div class=\"wp-block-column is-layout-flow wp-block-column-is-layout-flow\">\n<h2 class=\"wp-block-heading\">About Erasmus+<\/h2>\n\n\n\n<p class=\" translation-block\">In the ERASMUS+ programme (internship abroad), students and graduates who will complete an internship in a <a href=\"https:\/\/erasmuspraktika.de\/en\/programmlaender\/\" target=\"_self\">programme country or a partner country<\/a>  can apply for financial support and receive organisational assistance.<\/p>\n\n\n\n<p class=\" translation-block\">The National Agency of the <a rel=\"noreferrer noopener\" aria-label=\"Deutsche Akademische Austauschdienst (DAAD) (\u00f6ffnet in neuem Tab)\" href=\"https:\/\/eu.daad.de\/de\/\" target=\"_blank\">German Academic Exchange Service (DAAD)<\/a> coordinates the program implementation in higher education nationwide.<\/p>\n\n\n\n<div class=\"wp-block-button\"><a class=\"wp-block-button__link wp-element-button\" href=\"https:\/\/www.erasmusplus.de\" title=\"erasmusplus.de (open in new Tab)\" target=\"_blank\" rel=\"noreferrer noopener\">erasmusplus.de<\/a><\/div>\n<\/div>\n<\/div>\n\n\n\n<h2 class=\"wp-block-heading\" id=\"partnerhochschulen\">participating universities<\/h2>\n\n\n\n<div class=\"wp-block-columns is-layout-flex wp-container-core-columns-is-layout-2 wp-block-columns-is-layout-flex\">\n<div class=\"wp-block-column is-layout-flow wp-block-column-is-layout-flow\">\n<ul class=\"wp-block-list\">\n<li>Hochschule f\u00fcr Gesellschaftsgestaltung<\/li>\n\n\n\n<li>Hochschule Kaiserslautern<\/li>\n\n\n\n<li>Hochschule Koblenz<\/li>\n\n\n\n<li>Hochschule f\u00fcr \u00f6ffentliche Verwaltung<\/li>\n\n\n\n<li>Hochschule der Polizei Rheinland-Pfalz<\/li>\n\n\n\n<li>Hochschule Trier<\/li>\n\n\n\n<li>Hochschule Worms<\/li>\n<\/ul>\n<\/div>\n\n\n\n<div class=\"wp-block-column is-layout-flow wp-block-column-is-layout-flow\">\n<ul class=\"wp-block-list\">\n<li>Technische Hochschule Bingen<\/li>\n\n\n\n<li>Theologische Fakult\u00e4t Trier<\/li>\n\n\n\n<li>Universit\u00e4t Trier<\/li>\n\n\n\n<li>WHU &#8211; Otto Beisheim School of Management<\/li>\n\n\n\n<li>Hochschule der Bildenden K\u00fcnste Saar<\/li>\n\n\n\n<li>Hochschule f\u00fcr Technik und Wirtschaft des Saarlandes<\/li>\n<\/ul>\n<\/div>\n<\/div>\n<\/div><\/div>\n\n\n\n<div style=\"height:50px\" aria-hidden=\"true\" class=\"wp-block-spacer\"><\/div>","protected":false},"excerpt":{"rendered":"<p>\u00dcber uns Die Agentur f\u00fcr internationale Hochschul-Mobilit\u00e4t Rheinland-Pfalz ist f\u00fcr die Auswahl und Vergabe von Stipendien (ERASMUS+ Auslandspraktikum) an Bewerber*innen der dem Konsortium teilnehmenden Hochschulen (Partnerhochschulen) in Rheinland-Pfalz und dem Saarland zust\u00e4ndig. Auf Wunsch stellen wir nach der Online-Bewerbung Kontaktdaten von Unternehmen zur Verf\u00fcgung, in denen bereits Praktika erfolgreich absolviert wurden. \u00dcber Erasmus+ Im Programm [&hellip;]<\/p>","protected":false},"author":14,"featured_media":0,"parent":0,"menu_order":0,"comment_status":"closed","ping_status":"closed","template":"home.php","meta":{"footnotes":""},"class_list":["post-5","page","type-page","status-publish","hentry"],"_links":{"self":[{"href":"https:\/\/erasmuspraktika.de\/en\/wp-json\/wp\/v2\/pages\/5"}],"collection":[{"href":"https:\/\/erasmuspraktika.de\/en\/wp-json\/wp\/v2\/pages"}],"about":[{"href":"https:\/\/erasmuspraktika.de\/en\/wp-json\/wp\/v2\/types\/page"}],"author":[{"embeddable":true,"href":"https:\/\/erasmuspraktika.de\/en\/wp-json\/wp\/v2\/users\/14"}],"replies":[{"embeddable":true,"href":"https:\/\/erasmuspraktika.de\/en\/wp-json\/wp\/v2\/comments?post=5"}],"version-history":[{"count":64,"href":"https:\/\/erasmuspraktika.de\/en\/wp-json\/wp\/v2\/pages\/5\/revisions"}],"predecessor-version":[{"id":38728,"href":"https:\/\/erasmuspraktika.de\/en\/wp-json\/wp\/v2\/pages\/5\/revisions\/38728"}],"wp:attachment":[{"href":"https:\/\/erasmuspraktika.de\/en\/wp-json\/wp\/v2\/media?parent=5"}],"curies":[{"name":"wp","href":"https:\/\/api.w.org\/{rel}","templated":true}]}}