{"id":512,"date":"2020-12-18T13:41:10","date_gmt":"2020-12-18T12:41:10","guid":{"rendered":"https:\/\/onlinebewerbung.erasmuspraktika.de\/wordpress\/?page_id=512"},"modified":"2025-05-13T09:59:13","modified_gmt":"2025-05-13T07:59:13","slug":"ueberseeische-laender-und-gebiete-europas","status":"publish","type":"page","link":"https:\/\/erasmuspraktika.de\/en\/programmlaender\/ueberseeische-laender-und-gebiete-europas\/","title":{"rendered":"\u00dcbersee"},"content":{"rendered":"<div class=\"wp-block-group\"><div class=\"wp-block-group__inner-container is-layout-flow wp-block-group-is-layout-flow\">\n<h2 class=\"wp-block-heading\">Overseas Countries and Territories of Europe<\/h2>\n\n\n\n<div class=\"wp-block-columns is-layout-flex wp-container-core-columns-is-layout-1 wp-block-columns-is-layout-flex\">\n<div class=\"wp-block-column is-layout-flow wp-block-column-is-layout-flow\">\n<figure class=\"wp-block-image size-large\"><img loading=\"lazy\" decoding=\"async\" width=\"1024\" height=\"683\" src=\"https:\/\/onlinebewerbung.erasmuspraktika.de\/wordpress\/wp-content\/uploads\/2021\/04\/Uebersee-1024x683.jpg\" alt=\"\" class=\"wp-image-1336\" srcset=\"https:\/\/erasmuspraktika.de\/wordpress\/wp-content\/uploads\/2021\/04\/Uebersee-1024x683.jpg 1024w, https:\/\/erasmuspraktika.de\/wordpress\/wp-content\/uploads\/2021\/04\/Uebersee-300x200.jpg 300w, https:\/\/erasmuspraktika.de\/wordpress\/wp-content\/uploads\/2021\/04\/Uebersee-768x512.jpg 768w, https:\/\/erasmuspraktika.de\/wordpress\/wp-content\/uploads\/2021\/04\/Uebersee-1536x1024.jpg 1536w, https:\/\/erasmuspraktika.de\/wordpress\/wp-content\/uploads\/2021\/04\/Uebersee-2048x1365.jpg 2048w, https:\/\/erasmuspraktika.de\/wordpress\/wp-content\/uploads\/2021\/04\/Uebersee-16x12.jpg 16w\" sizes=\"(max-width: 1024px) 100vw, 1024px\" \/><figcaption class=\"wp-element-caption\">Photo: Joseph Barrientos<\/figcaption><\/figure>\n<\/div>\n\n\n\n<div class=\"wp-block-column is-layout-flow wp-block-column-is-layout-flow\">\n<p>Overseas countries and territories of Europe:<\/p>\n\n\n\n<ul class=\"wp-block-list\">\n<li>Aruba (NL)<\/li>\n\n\n\n<li>Bonaire (NL)<\/li>\n\n\n\n<li>Cura\u00e7\u00e3o (NL)<\/li>\n\n\n\n<li>French Polynesia (FR)<\/li>\n\n\n\n<li>French Southern and Antarctic Territories (FR)<\/li>\n\n\n\n<li>Greenland (DK)<\/li>\n\n\n\n<li>New Caledonia and Dependencies (FR)<\/li>\n\n\n\n<li>Saba (NL)<\/li>\n\n\n\n<li>Saint Barth\u00e9lemy (FR)<\/li>\n\n\n\n<li>Sint Eustatius (NL)<\/li>\n\n\n\n<li>Sint Maarten (NL)<\/li>\n\n\n\n<li>St. Pierre and Miquelon (FR)<\/li>\n\n\n\n<li>Wallis and Futuna Islands (FR)<\/li>\n<\/ul>\n\n\n\n<p><br>For more information, please visit:<\/p>\n\n\n\n<p><a href=\"https:\/\/www.overseas-association.eu\/octs\/\" target=\"_blank\" rel=\"noreferrer noopener\">https:\/\/www.overseas-association.eu\/octs\/<\/a><\/p>\n<\/div>\n<\/div>\n<\/div><\/div>\n\n\n\n<div class=\"wp-block-group hintergrund-blau\"><div class=\"wp-block-group__inner-container is-layout-flow wp-block-group-is-layout-flow\">\n<h3 class=\"wp-block-heading\">Helpful Links<\/h3>\n\n\n\n<h4 class=\"wp-block-heading\">Jobs<\/h4>\n\n\n\n<ul class=\"wp-block-list\">\n<li>\/<\/li>\n<\/ul>\n\n\n\n<h4 class=\"wp-block-heading\">Accommodation<\/h4>\n\n\n\n<ul class=\"wp-block-list\">\n<li>\/<\/li>\n<\/ul>\n\n\n\n<h4 class=\"wp-block-heading\">Others<\/h4>\n\n\n\n<ul class=\"wp-block-list\">\n<li>\/<\/li>\n<\/ul>\n\n\n\n\n\n<div style=\"height:50px\" aria-hidden=\"true\" class=\"wp-block-spacer\"><\/div>\n<\/div><\/div>","protected":false},"excerpt":{"rendered":"<p>\u00dcberseeische L\u00e4nder und Gebiete Europas Liste der \u00fcberseeischen L\u00e4nder und Gebiete Europas: Weitere Informationen finden Sie hier: https:\/\/www.overseas-association.eu\/octs\/ Hilfreiche Links Jobs Unterkunft Sonstiges<\/p>","protected":false},"author":14,"featured_media":0,"parent":48,"menu_order":0,"comment_status":"closed","ping_status":"closed","template":"","meta":{"footnotes":""},"class_list":["post-512","page","type-page","status-publish","hentry"],"_links":{"self":[{"href":"https:\/\/erasmuspraktika.de\/en\/wp-json\/wp\/v2\/pages\/512"}],"collection":[{"href":"https:\/\/erasmuspraktika.de\/en\/wp-json\/wp\/v2\/pages"}],"about":[{"href":"https:\/\/erasmuspraktika.de\/en\/wp-json\/wp\/v2\/types\/page"}],"author":[{"embeddable":true,"href":"https:\/\/erasmuspraktika.de\/en\/wp-json\/wp\/v2\/users\/14"}],"replies":[{"embeddable":true,"href":"https:\/\/erasmuspraktika.de\/en\/wp-json\/wp\/v2\/comments?post=512"}],"version-history":[{"count":15,"href":"https:\/\/erasmuspraktika.de\/en\/wp-json\/wp\/v2\/pages\/512\/revisions"}],"predecessor-version":[{"id":38655,"href":"https:\/\/erasmuspraktika.de\/en\/wp-json\/wp\/v2\/pages\/512\/revisions\/38655"}],"up":[{"embeddable":true,"href":"https:\/\/erasmuspraktika.de\/en\/wp-json\/wp\/v2\/pages\/48"}],"wp:attachment":[{"href":"https:\/\/erasmuspraktika.de\/en\/wp-json\/wp\/v2\/media?parent=512"}],"curies":[{"name":"wp","href":"https:\/\/api.w.org\/{rel}","templated":true}]}}