{"id":54,"date":"2020-03-01T17:51:13","date_gmt":"2020-03-01T16:51:13","guid":{"rendered":"https:\/\/onlinebewerbung.erasmuspraktika.de\/wordpress\/?page_id=54"},"modified":"2025-11-24T10:04:16","modified_gmt":"2025-11-24T09:04:16","slug":"staff-mobility","status":"publish","type":"page","link":"https:\/\/erasmuspraktika.de\/en\/staff-mobility\/","title":{"rendered":"Staff Mobility"},"content":{"rendered":"<div class=\"wp-block-group\"><div class=\"wp-block-group__inner-container is-layout-flow wp-block-group-is-layout-flow\">\n<h2 class=\"wp-block-heading\">Staff Mobility<\/h2>\n\n\n\n<p>Neben Auslandspraktika f\u00fcr Studierende f\u00f6rdert die Agentur f\u00fcr internationale Hochschul-Mobilit\u00e4t Rheinland-Pfalz auch Gastdozenturen an Hochschulen im Ausland (STA), sowie Fort- und Weiterbildungsma\u00dfnahmen von Hochschulmitarbeitenden an ausl\u00e4ndischen Hochschulen und Unternehmen (STT) und zur Hochschullehre eingeladenes Personal von Unternehmen aus dem Ausland (STA2).<\/p>\n\n\n\n<p class=\" translation-block\">A list of possible activities can be found on <a href=\"http:\/\/www.staffmobility.eu\/staff-week-search\" target=\"_blank\" rel=\"noreferrer noopener\">www.staffmobility.eu<\/a><\/p>\n\n\n\n<h3 class=\"wp-block-heading\">Application<\/h3>\n\n\n\n<p class=\" translation-block\">For more information and all application forms, please contact <a href=\"mailto:erasmuspraktika@hochschule-trier.de\" target=\"_self\">erasmuspraktika@hochschule-trier.de<\/a>.<\/p>\n\n\n\n<h3 class=\"wp-block-heading\">Financial support<\/h3>\n\n\n\n<p>Depending on the funds available, the financially supported period may be shorter than the total duration of the mobility (zero grant).<\/p>\n\n\n\n<p>Depending on the programme country group, the following uniform daily rates apply up to the 14th funding day; from the 15th to the 60th funding day, funding is 70 per cent of the daily rate:<\/p>\n\n\n\n<ul class=\"wp-block-list\">\n<li class=\" translation-block\"><strong>Group 1: \u20ac 180 per day<\/strong> for Austria, Belgium, Denmark, Finland, France, Ireland, Iceland, Italy, Liechtenstein, Luxembourg, Netherlands, Norway, Sweden\nas well as the United Kingdom, Faroe Islands, Switzerland, Andorra, Monaco, San Marino, Vatican City<\/li>\n\n\n\n<li class=\" translation-block\"><strong>Group 2: \u20ac 160 per day<\/strong> for Estonia, Greece, Malta, Latvia, Portugal, Slovakia, Slovenia, Spain, Czech Republic, Cyprus<\/li>\n\n\n\n<li class=\" translation-block\"><strong>Group 3: \u20ac 140 per day<\/strong> for Bulgaria, Croatia, Lithuania, North Macedonia, Poland, Romania, Turkey, Hungary<\/li>\n\n\n\n<li class=\" translation-block\">Other <strong>partner countries: \u20ac 190 per day<\/strong> for 5 days<\/li>\n<\/ul>\n\n\n\n<p class=\" translation-block\">In addition to these daily rates, travel costs are calculated on the basis of real distances between the origin and destination of the mobility. The distances are calculated using a <a rel=\"noreferrer noopener\" href=\"http:\/\/ec.europa.eu\/programmes\/erasmus-plus\/tools\/distance_en.htm\" target=\"_self\">calculation tool<\/a>.\nThe following amounts are reimbursed per stay:<\/p>\n\n\n\n<figure class=\"wp-block-table aligncenter is-style-stripes\"><table><tbody><tr><td class=\"has-text-align-left\" data-align=\"left\"><strong>Distance<\/strong><\/td><td class=\"has-text-align-center\" data-align=\"center\"><strong>Standard journey<\/strong><\/td><td class=\"has-text-align-center\" data-align=\"center\"><em><strong>Green Travel<\/strong><\/em><\/td><\/tr><tr><td class=\"has-text-align-left\" data-align=\"left\">10 &#8211; 99 km<\/td><td class=\"has-text-align-center\" data-align=\"center\">28 \u20ac<\/td><td class=\"has-text-align-center\" data-align=\"center\">56 \u20ac<\/td><\/tr><tr><td class=\"has-text-align-left\" data-align=\"left\">100 &#8211; 499 km<\/td><td class=\"has-text-align-center\" data-align=\"center\">211 \u20ac<\/td><td class=\"has-text-align-center\" data-align=\"center\">285 \u20ac<\/td><\/tr><tr><td class=\"has-text-align-left\" data-align=\"left\">500 &#8211; 1999 km<\/td><td class=\"has-text-align-center\" data-align=\"center\">309 \u20ac<\/td><td class=\"has-text-align-center\" data-align=\"center\">417 \u20ac<\/td><\/tr><tr><td class=\"has-text-align-left\" data-align=\"left\">2000 &#8211; 2999 km<\/td><td class=\"has-text-align-center\" data-align=\"center\">395 \u20ac<\/td><td class=\"has-text-align-center\" data-align=\"center\">535 \u20ac<\/td><\/tr><tr><td class=\"has-text-align-left\" data-align=\"left\">3000 &#8211; 3999 km<\/td><td class=\"has-text-align-center\" data-align=\"center\">580 \u20ac<\/td><td class=\"has-text-align-center\" data-align=\"center\">785 \u20ac<\/td><\/tr><tr><td class=\"has-text-align-left\" data-align=\"left\">4000 &#8211; 7999 km<\/td><td class=\"has-text-align-center\" data-align=\"center\">1.188 \u20ac<\/td><td class=\"has-text-align-center\" data-align=\"center\">1.188 \u20ac<\/td><\/tr><tr><td class=\"has-text-align-left\" data-align=\"left\">&gt; 8000 km      <\/td><td class=\"has-text-align-center\" data-align=\"center\">1.735 \u20ac<\/td><td class=\"has-text-align-center\" data-align=\"center\">1.735 \u20ac<\/td><\/tr><\/tbody><\/table><\/figure>\n\n\n\n<p class=\" translation-block\">The maximum funding amount is then calculated. The exact amount is calculated in accordance with the state travel expenses law via the travel expenses office of the respective <a href=\"https:\/\/erasmuspraktika.de\/#partnerhochschulen\" data-type=\"URL\" data-id=\"https:\/\/erasmuspraktika.de\/#partnerhochschulen\" target=\"_self\">partner university<\/a><\/p>\n<\/div><\/div>\n\n\n\n<div class=\"wp-block-group hintergrund-blau\"><div class=\"wp-block-group__inner-container is-layout-flow wp-block-group-is-layout-flow\">\n<h2 class=\"wp-block-heading aim-section\" id=\"sta\">Teaching Mobility (STA)<\/h2>\n\n\n\n<h3 class=\"wp-block-heading\">Eligible persons<\/h3>\n\n\n\n<p class=\" translation-block\">The following persons from one of the <a href=\"https:\/\/erasmuspraktika.de\/en\/#partnerhochschulen\" data-type=\"URL\" data-id=\"https:\/\/erasmuspraktika.de\/en\/#partnerhochschulen\" target=\"_self\">partner universities<\/a> are eligible for funding:<\/p>\n\n\n\n<ul class=\"wp-block-list\">\n<li><span style=\"color: initial;\">Professors and lecturers in a contractual relation to the university<\/span><\/li>\n\n\n\n<li>Research assistants<\/li>\n\n\n\n<li>Doctoral students who teach as part of their position<\/li>\n<\/ul>\n\n\n\n<h3 class=\"wp-block-heading\">Eligible mobilities<\/h3>\n\n\n\n<p>Funding is provided for guest lectureships at partner universities in a <a href=\"https:\/\/erasmuspraktika.de\/en\/programmlaender\/\" data-type=\"URL\" data-id=\"https:\/\/erasmuspraktika.de\/programmlaender\/\">programme country<\/a> or <a href=\"https:\/\/erasmuspraktika.de\/en\/programmlaender\/#partnerlaender\">partner country.<\/a>.<br>An Inter-Institutional Agreement (IIA) must exist between the home university and the partner university.<br><\/p>\n\n\n\n<h3 class=\"wp-block-heading\">Duration of the funding<\/h3>\n\n\n\n<p>An eligible stay lasts at least 2 days in programme countries and at least 5 days in partner countries (excluding travel days). ST mobilities in partner countries are currently funded for 5 days (plus travelling allowance). <\/p>\n\n\n\n<p>Mobility for teaching purposes (STA) requires 8 teaching hours per full week (4 weeks = 4 x 8 hours). For mobilities that extend beyond one week (5 working days or 7 calendar days), the required teaching load is calculated on a pro rata basis (8 hours for a full week + remaining days according to the formula: 8 hours \/ 5 days * number of additional days).<\/p>\n\n\n\n<p>Note: If teaching activities are combined with further education and training, the teaching load is reduced to 4 hours\/week (in this case the mobility is organised as STA mobility). <\/p>\n\n\n\n<p><\/p>\n<\/div><\/div>\n\n\n\n<div class=\"wp-block-group\"><div class=\"wp-block-group__inner-container is-layout-flow wp-block-group-is-layout-flow\">\n<h2 class=\"wp-block-heading aim-section\" id=\"stt\">Staff Mobility (STT)<\/h2>\n\n\n\n<h3 class=\"wp-block-heading\">Eligible persons<\/h3>\n\n\n\n<p>Employees at one of the <a href=\"https:\/\/erasmuspraktika.de\/en\/#partnerhochschulen\" data-type=\"URL\" data-id=\"https:\/\/erasmuspraktika.de\/#partnerhochschulen\">participating universities<\/a>.<\/p>\n\n\n\n<h3 class=\"wp-block-heading\">Eligible mobilities<\/h3>\n\n\n\n<p class=\" translation-block\">The following activity formats in a <a href=\"https:\/\/erasmuspraktika.de\/en\/programmlaender\/\" data-type=\"URL\" data-id=\"https:\/\/erasmuspraktika.de\/en\/programmlaender\/\" target=\"_self\">programme country<\/a> or <a href=\"https:\/\/erasmuspraktika.de\/en\/programmlaender\/#partnerlaender\" data-type=\"URL\" data-id=\"https:\/\/erasmuspraktika.de\/en\/programmlaender\/#partnerlaender\" target=\"_self\">partner country<\/a> are subsidised.<\/p>\n\n\n\n<ul class=\"wp-block-list\">\n<li>Hospitations<\/li>\n\n\n\n<li>Job Shadowing<\/li>\n\n\n\n<li>Study visits<\/li>\n\n\n\n<li>Participation in curriculum development (lecturers)<\/li>\n\n\n\n<li>Participation in workshops and seminars<\/li>\n\n\n\n<li>Participation in language courses<\/li>\n<\/ul>\n\n\n\n<h3 class=\"wp-block-heading\">Duration of the funding<\/h3>\n\n\n\n<p>An eligible stay lasts at least 2 days in programme countries and at least 5 days in partner countries (excluding travel days). ST mobilities in partner countries are currently funded for 5 days (plus travelling allowance). <\/p>\n\n\n\n<p>Erasmus+ funding is available for 2 - 60 (5 - 60 days in partner countries) consecutive days. Funding for arrival and departure days is regulated in the grant agreement between the sending university and the participants.<\/p>\n<\/div><\/div>\n\n\n\n<div style=\"height:50px\" aria-hidden=\"true\" class=\"wp-block-spacer\"><\/div>\n\n\n\n<div class=\"wp-block-group hintergrund-blau\"><div class=\"wp-block-group__inner-container is-layout-flow wp-block-group-is-layout-flow\">\n<h2 class=\"wp-block-heading aim-section\" id=\"sta\">Invited company personnel (STA2)<\/h2>\n\n\n\n<h3 class=\"wp-block-heading\">Eligible persons<\/h3>\n\n\n\n<p>Invited company personnel from abroad for teaching purposes.<\/p>\n\n\n\n<h3 class=\"wp-block-heading\">Eligible mobilities<\/h3>\n\n\n\n<p>We fund guest lectureships at <a href=\"https:\/\/erasmuspraktika.de\/en\/programmlaender\/\">participating universities<\/a>.<\/p>\n\n\n\n<h3 class=\"wp-block-heading\">Duration of the funding<\/h3>\n\n\n\n<p>For invited personnel (STA2) from companies, there is no minimum workload and no minimum length of stay.\nThe funding of the arrival and departure days is regulated in the grant agreement between the sending university and the participants.<\/p>\n\n\n\n<p><\/p>\n<\/div><\/div>","protected":false},"excerpt":{"rendered":"<p>Staff Mobility Neben Auslandspraktika f\u00fcr Studierende f\u00f6rdert die Agentur f\u00fcr internationale Hochschul-Mobilit\u00e4t Rheinland-Pfalz auch Gastdozenturen an Hochschulen im Ausland (STA), sowie Fort- und Weiterbildungsma\u00dfnahmen von Hochschulmitarbeitenden an ausl\u00e4ndischen Hochschulen und Unternehmen (STT) und zur Hochschullehre eingeladenes Personal von Unternehmen aus dem Ausland (STA2). Eine Auflistung vieler Angebote ist unter www.staffmobility.eu zu finden. Bewerbung Um weitere [&hellip;]<\/p>","protected":false},"author":14,"featured_media":0,"parent":0,"menu_order":0,"comment_status":"closed","ping_status":"closed","template":"thermometer-page.php","meta":{"footnotes":""},"class_list":["post-54","page","type-page","status-publish","hentry"],"_links":{"self":[{"href":"https:\/\/erasmuspraktika.de\/en\/wp-json\/wp\/v2\/pages\/54"}],"collection":[{"href":"https:\/\/erasmuspraktika.de\/en\/wp-json\/wp\/v2\/pages"}],"about":[{"href":"https:\/\/erasmuspraktika.de\/en\/wp-json\/wp\/v2\/types\/page"}],"author":[{"embeddable":true,"href":"https:\/\/erasmuspraktika.de\/en\/wp-json\/wp\/v2\/users\/14"}],"replies":[{"embeddable":true,"href":"https:\/\/erasmuspraktika.de\/en\/wp-json\/wp\/v2\/comments?post=54"}],"version-history":[{"count":54,"href":"https:\/\/erasmuspraktika.de\/en\/wp-json\/wp\/v2\/pages\/54\/revisions"}],"predecessor-version":[{"id":38885,"href":"https:\/\/erasmuspraktika.de\/en\/wp-json\/wp\/v2\/pages\/54\/revisions\/38885"}],"wp:attachment":[{"href":"https:\/\/erasmuspraktika.de\/en\/wp-json\/wp\/v2\/media?parent=54"}],"curies":[{"name":"wp","href":"https:\/\/api.w.org\/{rel}","templated":true}]}}