{"id":99,"date":"2020-03-02T15:46:40","date_gmt":"2020-03-02T14:46:40","guid":{"rendered":"https:\/\/onlinebewerbung.erasmuspraktika.de\/wordpress\/?page_id=99"},"modified":"2021-03-29T12:53:16","modified_gmt":"2021-03-29T10:53:16","slug":"impressum","status":"publish","type":"page","link":"https:\/\/erasmuspraktika.de\/en\/impressum\/","title":{"rendered":"Imprint"},"content":{"rendered":"<div class=\"wp-block-group\"><div class=\"wp-block-group__inner-container is-layout-flow wp-block-group-is-layout-flow\">\n<div class=\"wp-block-group\"><div class=\"wp-block-group__inner-container is-layout-flow wp-block-group-is-layout-flow\">\n<h2 class=\"wp-block-heading\">Imprint<\/h2>\n\n\n\n<p><strong>a.i.m. rlp<\/strong><br>Agentur f\u00fcr internationale Hochschul-Mobilit\u00e4t Rheinland-Pfalz<br>c\/o Hochschule Trier<br>Postfach 1826<br>54208 Trier<br>Germany<br><br>Phone: 0651\/8103-313, -236, -349<br>Fax: 0651\/8103-354\u00a0<br>E-mail:\u00a0<a href=\"mailto:erasmuspraktika@hochschule-trier.de\">erasmuspraktika@hochschule-trier.de<\/a> <\/p>\n\n\n\n<p><\/p>\n\n\n\n<p>Es gilt das <a href=\"https:\/\/www.hochschule-trier.de\/impressum\">Impressum der Hochschule Trier<\/a>. Rechtsform: Die Hochschule Trier ist eine K\u00f6rperschaft des \u00f6ffentlichen Rechts.<\/p>\n<\/div><\/div>\n\n\n\n<div class=\"wp-block-group\"><div class=\"wp-block-group__inner-container is-layout-flow wp-block-group-is-layout-flow\">\n<h2 class=\"wp-block-heading\">Managing Director<\/h2>\n\n\n\n<p>Jutta Rath<\/p>\n\n\n\n<p>Phone: 0651\/8103-313<br>Fax: 0651\/8103-354<br>E-mail:\u00a0<a href=\"mailto:rath@hochschule-trier.de\">rath@hochschule-trier.de<\/a><\/p>\n<\/div><\/div>\n\n\n\n<div class=\"wp-block-group\"><div class=\"wp-block-group__inner-container is-layout-flow wp-block-group-is-layout-flow\">\n<h2 class=\"wp-block-heading\">Disclaimer<\/h2>\n\n\n\n<p>This website contains links to websites of third parties (\"external links\"). These websites are subject to the liability of the respective operators. When the external links were first established, the provider checked the third-party content for any legal violations. At that time, no legal violations were apparent. The provider has no influence on the current and future design and content of the linked pages. The setting of external links does not mean that the provider adopts the content behind the reference or link as his own. A constant control of the external links is not reasonable for the provider without concrete evidence of legal violations. With knowledge of legal violations, such external links will be deleted immediately.<\/p>\n\n\n\n<p>The Trier University of Applied Sciences is only liable for its own content in accordance with general laws. It accepts no liability for the topicality, correctness, completeness or quality of the data and information provided.<\/p>\n\n\n\n<p>Contents of other providers to which the Trier University of Applied Sciences refers by means of direct or indirect links do not reflect the opinion of the Trier University of Applied Sciences. It is not responsible for the content of other providers.<\/p>\n\n\n\n<p>These providers are responsible for the content of legally independent institutions and individual authorized users on the IT systems of the Trier University of Applied Sciences.<\/p>\n<\/div><\/div>\n\n\n\n<div class=\"wp-block-group\"><div class=\"wp-block-group__inner-container is-layout-flow wp-block-group-is-layout-flow\">\n<h2 class=\"wp-block-heading\">Copyright<\/h2>\n\n\n\n<p>All photos and illustrations on this website are subject to copyright. It is not permitted to continue using them without consultation. This also applies expressly to further electronic use, even in a modified form.<\/p>\n<\/div><\/div>\n\n\n\n<div class=\"wp-block-group\"><div class=\"wp-block-group__inner-container is-layout-flow wp-block-group-is-layout-flow\">\n<h2 class=\"wp-block-heading\">Reference to DAAD<\/h2>\n\n\n\n<p>This project has been funded with support from the European Commission. The author is solely responsible for the content of this publication [communication]; the Commission is not responsible for any use which may be made of the information contained therein.<\/p>\n\n\n\n<p>Further information and advice on ERASMUS Mobility Measures can be obtained from<\/p>\n\n\n\n<p>German Academic Exchange Service<br>National Agency for EU University Cooperation<br>Kennedyallee 50<br>53115 Bonn<br>Phone: +49(0)228\/882-578<br>Fax: +49(0)228\/882-555<br>E-mail:\u00a0<a href=\"mailto:eu-programme@daad.de\">eu-programme@daad.de<\/a><br>Homepage:\u00a0<a rel=\"noreferrer noopener\" href=\"http:\/\/www.eu.daad.de\/\" target=\"_blank\">www.eu.daad.de<\/a><\/p>\n<\/div><\/div>\n<\/div><\/div>\n\n\n\n<div style=\"height:50px\" aria-hidden=\"true\" class=\"wp-block-spacer\"><\/div>","protected":false},"excerpt":{"rendered":"<p>Impressum Gesch\u00e4ftsf\u00fchrerin Jutta Rath Tel.: 0651\/8103-313Fax: 0651\/8103-354E-Mail:\u00a0rath@hochschule-trier.de Haftungsausschluss &#8211; Disclaimer Diese Website enth\u00e4lt Verkn\u00fcpfungen zu Websites Dritter (&#8222;externe Links&#8220;). Diese Websites unterliegen der Haftung der jeweiligen Betreiber. Der Anbieter hat bei der erstmaligen Verkn\u00fcpfung der externen Links die fremden Inhalte daraufhin \u00fcberpr\u00fcft, ob etwaige Rechtsverst\u00f6\u00dfe bestehen. Zu dem Zeitpunkt waren keine Rechtsverst\u00f6\u00dfe ersichtlich. Der Anbieter [&hellip;]<\/p>","protected":false},"author":14,"featured_media":0,"parent":0,"menu_order":0,"comment_status":"closed","ping_status":"closed","template":"","meta":{"footnotes":""},"class_list":["post-99","page","type-page","status-publish","hentry"],"_links":{"self":[{"href":"https:\/\/erasmuspraktika.de\/en\/wp-json\/wp\/v2\/pages\/99"}],"collection":[{"href":"https:\/\/erasmuspraktika.de\/en\/wp-json\/wp\/v2\/pages"}],"about":[{"href":"https:\/\/erasmuspraktika.de\/en\/wp-json\/wp\/v2\/types\/page"}],"author":[{"embeddable":true,"href":"https:\/\/erasmuspraktika.de\/en\/wp-json\/wp\/v2\/users\/14"}],"replies":[{"embeddable":true,"href":"https:\/\/erasmuspraktika.de\/en\/wp-json\/wp\/v2\/comments?post=99"}],"version-history":[{"count":54,"href":"https:\/\/erasmuspraktika.de\/en\/wp-json\/wp\/v2\/pages\/99\/revisions"}],"predecessor-version":[{"id":1156,"href":"https:\/\/erasmuspraktika.de\/en\/wp-json\/wp\/v2\/pages\/99\/revisions\/1156"}],"wp:attachment":[{"href":"https:\/\/erasmuspraktika.de\/en\/wp-json\/wp\/v2\/media?parent=99"}],"curies":[{"name":"wp","href":"https:\/\/api.w.org\/{rel}","templated":true}]}}